{"id":988,"date":"2026-02-11T15:46:39","date_gmt":"2026-02-11T14:46:39","guid":{"rendered":"https:\/\/vizomix.hu\/termek\/zara-blezer\/"},"modified":"2026-03-18T13:21:44","modified_gmt":"2026-03-18T12:21:44","slug":"zara-blezer","status":"publish","type":"product","link":"https:\/\/vizomix.hu\/en\/product\/zara-blezer\/","title":{"rendered":"Zara dupla gombos lil\u00e1s\/r\u00f3zsasz\u00edn bl\u00e9zer ruha"},"content":{"rendered":"<p>Zara dupla gombos lil\u00e1s\/r\u00f3zsasz\u00edn bl\u00e9zer<\/p>\n<p>Eleg\u00e1ns \u00e9s karakteres darab, amely igaz\u00e1n n\u0151ies megjelen\u00e9st k\u00f6lcs\u00f6n\u00f6z. Ez a Zara lil\u00e1s\u2013r\u00f3zsasz\u00edn \u00e1rnyalat\u00fa bl\u00e9zer modern szab\u00e1s\u00e1val \u00e9s kifinomult sz\u00edn\u00e9vel k\u00fcl\u00f6nleges hat\u00e1st kelt.<\/p>\n<p>A dupla gombol\u00e1s klasszikus, m\u00e9gis trendi r\u00e9szlet, amely struktur\u00e1lt, eleg\u00e1ns sziluettet ad a fazonnak. T\u00f6k\u00e9letes v\u00e1laszt\u00e1s alkalmi esem\u00e9nyekre, esti programokra vagy egy st\u00edlusos, magabiztos megjelen\u00e9shez.<\/p>","protected":false},"excerpt":{"rendered":"<p>Zara dupla gombos lil\u00e1s\/r\u00f3zsasz\u00edn bl\u00e9zer Eleg\u00e1ns \u00e9s karakteres darab, amely igaz\u00e1n n\u0151ies megjelen\u00e9st k\u00f6lcs\u00f6n\u00f6z. Ez a Zara lil\u00e1s\u2013r\u00f3zsasz\u00edn \u00e1rnyalat\u00fa bl\u00e9zer<a class=\"read-more\" href=\"https:\/\/vizomix.hu\/en\/product\/zara-blezer\/\">Tov\u00e1bb<\/a><\/p>","protected":false},"featured_media":986,"comment_status":"open","ping_status":"closed","template":"","meta":[],"product_brand":[76],"product_cat":[38],"product_tag":[],"class_list":{"0":"post-988","1":"product","2":"type-product","3":"status-publish","4":"has-post-thumbnail","6":"product_brand-zara","7":"product_cat-blezerek","9":"first","10":"instock","11":"taxable","12":"shipping-taxable","13":"purchasable","14":"product-type-variable","15":"add-to-wishlist-before_add_to_cart"},"supplier_id":null,"supplier_sku":"","barcode":null,"atum_controlled":true,"out_stock_date":null,"out_stock_threshold":null,"inheritable":false,"inbound_stock":null,"stock_on_hold":0,"sold_today":0,"sales_last_days":0,"reserved_stock":null,"customer_returns":null,"warehouse_damage":null,"lost_in_post":null,"other_logs":null,"out_stock_days":0,"lost_sales":0,"has_location":null,"update_date":"2026-03-18T12:21:45","atum_locations":[],"atum_stock_status":"instock","restock_status":false,"low_stock_amount":"","sales_update_date":"2026-03-17T19:15:19","calc_backorders":null,"_links":{"self":[{"href":"https:\/\/vizomix.hu\/en\/wp-json\/wp\/v2\/product\/988","targetHints":{"allow":["GET"]}}],"collection":[{"href":"https:\/\/vizomix.hu\/en\/wp-json\/wp\/v2\/product"}],"about":[{"href":"https:\/\/vizomix.hu\/en\/wp-json\/wp\/v2\/types\/product"}],"replies":[{"embeddable":true,"href":"https:\/\/vizomix.hu\/en\/wp-json\/wp\/v2\/comments?post=988"}],"wp:featuredmedia":[{"embeddable":true,"href":"https:\/\/vizomix.hu\/en\/wp-json\/wp\/v2\/media\/986"}],"wp:attachment":[{"href":"https:\/\/vizomix.hu\/en\/wp-json\/wp\/v2\/media?parent=988"}],"wp:term":[{"taxonomy":"product_brand","embeddable":true,"href":"https:\/\/vizomix.hu\/en\/wp-json\/wp\/v2\/product_brand?post=988"},{"taxonomy":"product_cat","embeddable":true,"href":"https:\/\/vizomix.hu\/en\/wp-json\/wp\/v2\/product_cat?post=988"},{"taxonomy":"product_tag","embeddable":true,"href":"https:\/\/vizomix.hu\/en\/wp-json\/wp\/v2\/product_tag?post=988"}],"curies":[{"name":"wp","href":"https:\/\/api.w.org\/{rel}","templated":true}]}}