{"id":984,"date":"2026-02-11T15:43:44","date_gmt":"2026-02-11T14:43:44","guid":{"rendered":"https:\/\/vizomix.hu\/termek\/zara-hosszu-ruha-8\/"},"modified":"2026-03-18T13:21:44","modified_gmt":"2026-03-18T12:21:44","slug":"zara-hosszu-ruha-8","status":"publish","type":"product","link":"https:\/\/vizomix.hu\/en\/product\/zara-hosszu-ruha-8\/","title":{"rendered":"Zara feh\u00e9r 100% pamut Madeira hossz\u00fa ruha"},"content":{"rendered":"<p>Zara feh\u00e9r 100% pamut Madeira hossz\u00fa p\u00e1ntos ruha<\/p>\n<p>Romantikus \u00e9s l\u00e9gies darab a ny\u00e1ri napokra. Ez a Zara feh\u00e9r, 100% pamut Madeira anyag\u00fa hossz\u00fa ruha term\u00e9szetes, j\u00f3l szell\u0151z\u0151 anyag\u00e1nak k\u00f6sz\u00f6nhet\u0151en k\u00e9nyelmes viseletet biztos\u00edt.<\/p>\n<p>A h\u00e1romsz\u00f6g kialak\u00edt\u00e1s\u00fa mellr\u00e9sz n\u0151ies megjelen\u00e9st ad, m\u00edg a h\u00e1t\u00e1n tal\u00e1lhat\u00f3 k\u00f6t\u0151s megold\u00e1s finoman szab\u00e1lyozhat\u00f3 illeszked\u00e9st tesz lehet\u0151v\u00e9. T\u00f6k\u00e9letes v\u00e1laszt\u00e1s nyaral\u00e1shoz, tengerparti s\u00e9t\u00e1khoz vagy egy csinos ny\u00e1ri alkalomra.<\/p>","protected":false},"excerpt":{"rendered":"<p>Zara feh\u00e9r 100% pamut Madeira hossz\u00fa p\u00e1ntos ruha Romantikus \u00e9s l\u00e9gies darab a ny\u00e1ri napokra. Ez a Zara feh\u00e9r, 100%<a class=\"read-more\" href=\"https:\/\/vizomix.hu\/en\/product\/zara-hosszu-ruha-8\/\">Tov\u00e1bb<\/a><\/p>","protected":false},"featured_media":982,"comment_status":"open","ping_status":"closed","template":"","meta":[],"product_brand":[76],"product_cat":[33],"product_tag":[],"class_list":{"0":"post-984","1":"product","2":"type-product","3":"status-publish","4":"has-post-thumbnail","6":"product_brand-zara","7":"product_cat-hosszu-ruhak-midi-ruhak-overalok","9":"first","10":"instock","11":"taxable","12":"shipping-taxable","13":"purchasable","14":"product-type-variable","15":"add-to-wishlist-before_add_to_cart"},"supplier_id":null,"supplier_sku":"","barcode":null,"atum_controlled":true,"out_stock_date":null,"out_stock_threshold":null,"inheritable":false,"inbound_stock":null,"stock_on_hold":0,"sold_today":0,"sales_last_days":0,"reserved_stock":null,"customer_returns":null,"warehouse_damage":null,"lost_in_post":null,"other_logs":null,"out_stock_days":0,"lost_sales":0,"has_location":null,"update_date":"2026-03-18T12:21:45","atum_locations":[],"atum_stock_status":"instock","restock_status":false,"low_stock_amount":"","sales_update_date":"2026-03-17T19:15:19","calc_backorders":null,"_links":{"self":[{"href":"https:\/\/vizomix.hu\/en\/wp-json\/wp\/v2\/product\/984","targetHints":{"allow":["GET"]}}],"collection":[{"href":"https:\/\/vizomix.hu\/en\/wp-json\/wp\/v2\/product"}],"about":[{"href":"https:\/\/vizomix.hu\/en\/wp-json\/wp\/v2\/types\/product"}],"replies":[{"embeddable":true,"href":"https:\/\/vizomix.hu\/en\/wp-json\/wp\/v2\/comments?post=984"}],"wp:featuredmedia":[{"embeddable":true,"href":"https:\/\/vizomix.hu\/en\/wp-json\/wp\/v2\/media\/982"}],"wp:attachment":[{"href":"https:\/\/vizomix.hu\/en\/wp-json\/wp\/v2\/media?parent=984"}],"wp:term":[{"taxonomy":"product_brand","embeddable":true,"href":"https:\/\/vizomix.hu\/en\/wp-json\/wp\/v2\/product_brand?post=984"},{"taxonomy":"product_cat","embeddable":true,"href":"https:\/\/vizomix.hu\/en\/wp-json\/wp\/v2\/product_cat?post=984"},{"taxonomy":"product_tag","embeddable":true,"href":"https:\/\/vizomix.hu\/en\/wp-json\/wp\/v2\/product_tag?post=984"}],"curies":[{"name":"wp","href":"https:\/\/api.w.org\/{rel}","templated":true}]}}