{"id":963,"date":"2026-02-11T15:33:20","date_gmt":"2026-02-11T14:33:20","guid":{"rendered":"https:\/\/vizomix.hu\/termek\/zara-hosszu-overal-2\/"},"modified":"2026-03-18T13:21:44","modified_gmt":"2026-03-18T12:21:44","slug":"zara-hosszu-overal-2","status":"publish","type":"product","link":"https:\/\/vizomix.hu\/en\/product\/zara-hosszu-overal-2\/","title":{"rendered":"Zara vir\u00e1gmint\u00e1s hossz\u00fa szat\u00e9n over\u00e1l"},"content":{"rendered":"<p>Zara vir\u00e1gmint\u00e1s hossz\u00fa szat\u00e9n over\u00e1l, oldals\u00f3 cipz\u00e1rral<\/p>\n<p>Eleg\u00e1ns \u00e9s n\u0151ies darab, amely k\u00fcl\u00f6nleges megjelen\u00e9st biztos\u00edt. Ez a Zara vir\u00e1gmint\u00e1s, szat\u00e9n anyag\u00fa hossz\u00fa over\u00e1l finom f\u00e9ny\u00e9vel \u00e9s l\u00e1gy es\u00e9s\u00e9vel igaz\u00e1n kifinomult hat\u00e1st kelt.<\/p>\n<p>Az oldals\u00f3 cipz\u00e1r diszkr\u00e9t \u00e9s praktikus megold\u00e1s, m\u00edg az arany gombok eleg\u00e1ns, dekorat\u00edv r\u00e9szletk\u00e9nt teszik m\u00e9g k\u00fcl\u00f6nlegesebb\u00e9 a fazont. T\u00f6k\u00e9letes v\u00e1laszt\u00e1s alkalmi esem\u00e9nyekre, esti programokra vagy egy st\u00edlusos megjelen\u00e9shez.<\/p>","protected":false},"excerpt":{"rendered":"<p>Zara vir\u00e1gmint\u00e1s hossz\u00fa szat\u00e9n over\u00e1l, oldals\u00f3 cipz\u00e1rral Eleg\u00e1ns \u00e9s n\u0151ies darab, amely k\u00fcl\u00f6nleges megjelen\u00e9st biztos\u00edt. Ez a Zara vir\u00e1gmint\u00e1s, szat\u00e9n<a class=\"read-more\" href=\"https:\/\/vizomix.hu\/en\/product\/zara-hosszu-overal-2\/\">Tov\u00e1bb<\/a><\/p>","protected":false},"featured_media":961,"comment_status":"open","ping_status":"closed","template":"","meta":[],"product_brand":[76],"product_cat":[33],"product_tag":[],"class_list":{"0":"post-963","1":"product","2":"type-product","3":"status-publish","4":"has-post-thumbnail","6":"product_brand-zara","7":"product_cat-hosszu-ruhak-midi-ruhak-overalok","9":"first","10":"instock","11":"taxable","12":"shipping-taxable","13":"purchasable","14":"product-type-variable","15":"add-to-wishlist-before_add_to_cart"},"supplier_id":null,"supplier_sku":"","barcode":null,"atum_controlled":true,"out_stock_date":null,"out_stock_threshold":null,"inheritable":false,"inbound_stock":null,"stock_on_hold":0,"sold_today":0,"sales_last_days":0,"reserved_stock":null,"customer_returns":null,"warehouse_damage":null,"lost_in_post":null,"other_logs":null,"out_stock_days":0,"lost_sales":0,"has_location":null,"update_date":"2026-03-18T12:21:45","atum_locations":[],"atum_stock_status":"instock","restock_status":false,"low_stock_amount":"","sales_update_date":"2026-03-17T19:15:19","calc_backorders":null,"_links":{"self":[{"href":"https:\/\/vizomix.hu\/en\/wp-json\/wp\/v2\/product\/963","targetHints":{"allow":["GET"]}}],"collection":[{"href":"https:\/\/vizomix.hu\/en\/wp-json\/wp\/v2\/product"}],"about":[{"href":"https:\/\/vizomix.hu\/en\/wp-json\/wp\/v2\/types\/product"}],"replies":[{"embeddable":true,"href":"https:\/\/vizomix.hu\/en\/wp-json\/wp\/v2\/comments?post=963"}],"wp:featuredmedia":[{"embeddable":true,"href":"https:\/\/vizomix.hu\/en\/wp-json\/wp\/v2\/media\/961"}],"wp:attachment":[{"href":"https:\/\/vizomix.hu\/en\/wp-json\/wp\/v2\/media?parent=963"}],"wp:term":[{"taxonomy":"product_brand","embeddable":true,"href":"https:\/\/vizomix.hu\/en\/wp-json\/wp\/v2\/product_brand?post=963"},{"taxonomy":"product_cat","embeddable":true,"href":"https:\/\/vizomix.hu\/en\/wp-json\/wp\/v2\/product_cat?post=963"},{"taxonomy":"product_tag","embeddable":true,"href":"https:\/\/vizomix.hu\/en\/wp-json\/wp\/v2\/product_tag?post=963"}],"curies":[{"name":"wp","href":"https:\/\/api.w.org\/{rel}","templated":true}]}}