{"id":954,"date":"2026-02-10T22:46:44","date_gmt":"2026-02-10T21:46:44","guid":{"rendered":"https:\/\/vizomix.hu\/termek\/calvin-klein-tanga-szett-2\/"},"modified":"2026-03-18T13:21:44","modified_gmt":"2026-03-18T12:21:44","slug":"calvin-klein-tanga-szett-2-2","status":"publish","type":"product","link":"https:\/\/vizomix.hu\/en\/product\/calvin-klein-tanga-szett-2-2\/","title":{"rendered":"Calvin Klein tanga szett"},"content":{"rendered":"<p>Calvin Klein 3 darabos tanga szett \u2013 sz\u00fcrke, feh\u00e9r \u00e9s piros<\/p>\n<p>K\u00e9nyelmes \u00e9s st\u00edlusos alapdarabok a mindennapokra. Ez a Calvin Klein 3 r\u00e9szes tanga szett 90% pamut \u00e9s 10% elaszt\u00e1n \u00f6sszet\u00e9tel\u00e9nek k\u00f6sz\u00f6nhet\u0151en puha tapint\u00e1s\u00fa, rugalmas \u00e9s k\u00e9nyelmes viseletet biztos\u00edt.<\/p>\n<p>A rugalmas der\u00e9kr\u00e9szen elhelyezett ikonikus Calvin Klein m\u00e1rkajelz\u00e9s modern, letisztult megjelen\u00e9st ad. A szett sz\u00fcrke, feh\u00e9r \u00e9s piros darabokat tartalmaz, gy\u00e1rt\u00f3i dobozba csomagolva, \u00edgy aj\u00e1nd\u00e9knak is ide\u00e1lis v\u00e1laszt\u00e1s.<\/p>","protected":false},"excerpt":{"rendered":"<p>Calvin Klein 3 darabos tanga szett \u2013 sz\u00fcrke, feh\u00e9r \u00e9s piros K\u00e9nyelmes \u00e9s st\u00edlusos alapdarabok a mindennapokra. Ez a Calvin<a class=\"read-more\" href=\"https:\/\/vizomix.hu\/en\/product\/calvin-klein-tanga-szett-2-2\/\">Tov\u00e1bb<\/a><\/p>","protected":false},"featured_media":953,"comment_status":"open","ping_status":"closed","template":"","meta":[],"product_brand":[79],"product_cat":[123],"product_tag":[],"class_list":{"0":"post-954","1":"product","2":"type-product","3":"status-publish","4":"has-post-thumbnail","6":"product_brand-calvin-klein","7":"product_cat-fehernemuk","9":"first","10":"instock","11":"taxable","12":"shipping-taxable","13":"purchasable","14":"product-type-variable","15":"add-to-wishlist-before_add_to_cart"},"supplier_id":null,"supplier_sku":"","barcode":null,"atum_controlled":true,"out_stock_date":null,"out_stock_threshold":null,"inheritable":false,"inbound_stock":null,"stock_on_hold":0,"sold_today":0,"sales_last_days":0,"reserved_stock":null,"customer_returns":null,"warehouse_damage":null,"lost_in_post":null,"other_logs":null,"out_stock_days":0,"lost_sales":0,"has_location":null,"update_date":"2026-03-18T12:21:45","atum_locations":[],"atum_stock_status":"instock","restock_status":false,"low_stock_amount":"","sales_update_date":"2026-03-17T19:15:19","calc_backorders":null,"_links":{"self":[{"href":"https:\/\/vizomix.hu\/en\/wp-json\/wp\/v2\/product\/954","targetHints":{"allow":["GET"]}}],"collection":[{"href":"https:\/\/vizomix.hu\/en\/wp-json\/wp\/v2\/product"}],"about":[{"href":"https:\/\/vizomix.hu\/en\/wp-json\/wp\/v2\/types\/product"}],"replies":[{"embeddable":true,"href":"https:\/\/vizomix.hu\/en\/wp-json\/wp\/v2\/comments?post=954"}],"wp:featuredmedia":[{"embeddable":true,"href":"https:\/\/vizomix.hu\/en\/wp-json\/wp\/v2\/media\/953"}],"wp:attachment":[{"href":"https:\/\/vizomix.hu\/en\/wp-json\/wp\/v2\/media?parent=954"}],"wp:term":[{"taxonomy":"product_brand","embeddable":true,"href":"https:\/\/vizomix.hu\/en\/wp-json\/wp\/v2\/product_brand?post=954"},{"taxonomy":"product_cat","embeddable":true,"href":"https:\/\/vizomix.hu\/en\/wp-json\/wp\/v2\/product_cat?post=954"},{"taxonomy":"product_tag","embeddable":true,"href":"https:\/\/vizomix.hu\/en\/wp-json\/wp\/v2\/product_tag?post=954"}],"curies":[{"name":"wp","href":"https:\/\/api.w.org\/{rel}","templated":true}]}}