{"id":943,"date":"2026-02-10T22:35:21","date_gmt":"2026-02-10T21:35:21","guid":{"rendered":"https:\/\/vizomix.hu\/termek\/calvin-klein-bugyi-szett\/"},"modified":"2026-03-18T13:21:44","modified_gmt":"2026-03-18T12:21:44","slug":"calvin-klein-bugyi-szett","status":"publish","type":"product","link":"https:\/\/vizomix.hu\/en\/product\/calvin-klein-bugyi-szett\/","title":{"rendered":"Calvin Klein tanga szett"},"content":{"rendered":"<p>Calvin Klein 3 darabos tanga szett \u2013 fekete, lila \u00e9s feh\u00e9r<\/p>\n<p>K\u00e9nyelmes \u00e9s id\u0151t\u00e1ll\u00f3 alapdarabok a mindennapokra. Ez a Calvin Klein 3 r\u00e9szes tanga szett 90% pamut \u00e9s 10% elaszt\u00e1n \u00f6sszet\u00e9tel\u00e9nek k\u00f6sz\u00f6nhet\u0151en puha tapint\u00e1s\u00fa, rugalmas \u00e9s k\u00e9nyelmes viseletet biztos\u00edt.<\/p>\n<p>A rugalmas der\u00e9kr\u00e9szen elhelyezett ikonikus Calvin Klein m\u00e1rkajelz\u00e9s letisztult, modern megjelen\u00e9st ad. A szett fekete, lila \u00e9s feh\u00e9r sz\u00edn\u0171 darabokat tartalmaz, gy\u00e1rt\u00f3i dobozba csomagolva, \u00edgy ak\u00e1r aj\u00e1nd\u00e9knak is t\u00f6k\u00e9letes v\u00e1laszt\u00e1s.<\/p>","protected":false},"excerpt":{"rendered":"<p>Calvin Klein 3 darabos tanga szett \u2013 fekete, lila \u00e9s feh\u00e9r K\u00e9nyelmes \u00e9s id\u0151t\u00e1ll\u00f3 alapdarabok a mindennapokra. Ez a Calvin<a class=\"read-more\" href=\"https:\/\/vizomix.hu\/en\/product\/calvin-klein-bugyi-szett\/\">Tov\u00e1bb<\/a><\/p>","protected":false},"featured_media":942,"comment_status":"open","ping_status":"closed","template":"","meta":[],"product_brand":[79],"product_cat":[123],"product_tag":[],"class_list":{"0":"post-943","1":"product","2":"type-product","3":"status-publish","4":"has-post-thumbnail","6":"product_brand-calvin-klein","7":"product_cat-fehernemuk","9":"first","10":"instock","11":"taxable","12":"shipping-taxable","13":"purchasable","14":"product-type-variable","15":"add-to-wishlist-before_add_to_cart"},"supplier_id":null,"supplier_sku":"","barcode":null,"atum_controlled":true,"out_stock_date":null,"out_stock_threshold":null,"inheritable":false,"inbound_stock":null,"stock_on_hold":0,"sold_today":0,"sales_last_days":0,"reserved_stock":null,"customer_returns":null,"warehouse_damage":null,"lost_in_post":null,"other_logs":null,"out_stock_days":0,"lost_sales":0,"has_location":null,"update_date":"2026-03-18T12:21:45","atum_locations":[],"atum_stock_status":"instock","restock_status":false,"low_stock_amount":"","sales_update_date":"2026-03-17T19:15:19","calc_backorders":null,"_links":{"self":[{"href":"https:\/\/vizomix.hu\/en\/wp-json\/wp\/v2\/product\/943","targetHints":{"allow":["GET"]}}],"collection":[{"href":"https:\/\/vizomix.hu\/en\/wp-json\/wp\/v2\/product"}],"about":[{"href":"https:\/\/vizomix.hu\/en\/wp-json\/wp\/v2\/types\/product"}],"replies":[{"embeddable":true,"href":"https:\/\/vizomix.hu\/en\/wp-json\/wp\/v2\/comments?post=943"}],"wp:featuredmedia":[{"embeddable":true,"href":"https:\/\/vizomix.hu\/en\/wp-json\/wp\/v2\/media\/942"}],"wp:attachment":[{"href":"https:\/\/vizomix.hu\/en\/wp-json\/wp\/v2\/media?parent=943"}],"wp:term":[{"taxonomy":"product_brand","embeddable":true,"href":"https:\/\/vizomix.hu\/en\/wp-json\/wp\/v2\/product_brand?post=943"},{"taxonomy":"product_cat","embeddable":true,"href":"https:\/\/vizomix.hu\/en\/wp-json\/wp\/v2\/product_cat?post=943"},{"taxonomy":"product_tag","embeddable":true,"href":"https:\/\/vizomix.hu\/en\/wp-json\/wp\/v2\/product_tag?post=943"}],"curies":[{"name":"wp","href":"https:\/\/api.w.org\/{rel}","templated":true}]}}