{"id":8494,"date":"2026-04-10T13:18:24","date_gmt":"2026-04-10T11:18:24","guid":{"rendered":"https:\/\/vizomix.hu\/termek\/zara-hosszu-virag-mintas-elol-kivagott-csinos-overal-fodros-ujjal-gumis-derek-resszel\/"},"modified":"2026-04-14T22:11:13","modified_gmt":"2026-04-14T20:11:13","slug":"zara-hosszu-virag-mintas-elol-kivagott-csinos-overal-fodros-ujjal-gumis-derek-resszel","status":"publish","type":"product","link":"https:\/\/vizomix.hu\/en\/product\/zara-hosszu-virag-mintas-elol-kivagott-csinos-overal-fodros-ujjal-gumis-derek-resszel\/","title":{"rendered":"Zara hossz\u00fa vir\u00e1g mint\u00e1s el\u0151l kiv\u00e1gott csinos over\u00e1l fodros ujjal\/gumis der\u00e9k r\u00e9sszel"},"content":{"rendered":"<p>Zara hossz\u00fa vir\u00e1gmint\u00e1s el\u0151l kiv\u00e1gott csinos over\u00e1l fodros ujjal, gumis der\u00e9kr\u00e9sszel<\/p>\n<p>Romantikus \u00e9s st\u00edlusos darab a Zara kollekci\u00f3j\u00e1b\u00f3l: ez a hossz\u00fa, vir\u00e1gmint\u00e1s over\u00e1l el\u00f6l kiv\u00e1gott r\u00e9sz\u00e9vel, fodros ujjaival \u00e9s gumis der\u00e9kr\u00e9sz\u00e9vel k\u00e9nyelmes, m\u00e9gis n\u0151ies megjelen\u00e9st biztos\u00edt, t\u00f6k\u00e9letes v\u00e1laszt\u00e1s alkalmakra vagy ny\u00e1ri napokra.<br \/>\nM\u00e9retez\u00e9s: nagyobb m\u00e9ret<\/p>","protected":false},"excerpt":{"rendered":"<p>Zara hossz\u00fa vir\u00e1gmint\u00e1s el\u0151l kiv\u00e1gott csinos over\u00e1l fodros ujjal, gumis der\u00e9kr\u00e9sszel Romantikus \u00e9s st\u00edlusos darab a Zara kollekci\u00f3j\u00e1b\u00f3l: ez a<a class=\"read-more\" href=\"https:\/\/vizomix.hu\/en\/product\/zara-hosszu-virag-mintas-elol-kivagott-csinos-overal-fodros-ujjal-gumis-derek-resszel\/\">Tov\u00e1bb<\/a><\/p>","protected":false},"featured_media":8491,"comment_status":"open","ping_status":"closed","template":"","meta":[],"product_brand":[76],"product_cat":[33],"product_tag":[],"class_list":{"0":"post-8494","1":"product","2":"type-product","3":"status-publish","4":"has-post-thumbnail","6":"product_brand-zara","7":"product_cat-hosszu-ruhak-midi-ruhak-overalok","9":"first","10":"instock","11":"taxable","12":"shipping-taxable","13":"purchasable","14":"product-type-variable","15":"add-to-wishlist-before_add_to_cart"},"supplier_id":null,"supplier_sku":"","barcode":null,"atum_controlled":true,"out_stock_date":null,"out_stock_threshold":null,"inheritable":false,"inbound_stock":null,"stock_on_hold":null,"sold_today":null,"sales_last_days":null,"reserved_stock":null,"customer_returns":null,"warehouse_damage":null,"lost_in_post":null,"other_logs":null,"out_stock_days":null,"lost_sales":null,"has_location":null,"update_date":"2026-04-14T20:11:15","atum_locations":[],"atum_stock_status":"instock","restock_status":false,"low_stock_amount":"","sales_update_date":null,"calc_backorders":null,"_links":{"self":[{"href":"https:\/\/vizomix.hu\/en\/wp-json\/wp\/v2\/product\/8494","targetHints":{"allow":["GET"]}}],"collection":[{"href":"https:\/\/vizomix.hu\/en\/wp-json\/wp\/v2\/product"}],"about":[{"href":"https:\/\/vizomix.hu\/en\/wp-json\/wp\/v2\/types\/product"}],"replies":[{"embeddable":true,"href":"https:\/\/vizomix.hu\/en\/wp-json\/wp\/v2\/comments?post=8494"}],"wp:featuredmedia":[{"embeddable":true,"href":"https:\/\/vizomix.hu\/en\/wp-json\/wp\/v2\/media\/8491"}],"wp:attachment":[{"href":"https:\/\/vizomix.hu\/en\/wp-json\/wp\/v2\/media?parent=8494"}],"wp:term":[{"taxonomy":"product_brand","embeddable":true,"href":"https:\/\/vizomix.hu\/en\/wp-json\/wp\/v2\/product_brand?post=8494"},{"taxonomy":"product_cat","embeddable":true,"href":"https:\/\/vizomix.hu\/en\/wp-json\/wp\/v2\/product_cat?post=8494"},{"taxonomy":"product_tag","embeddable":true,"href":"https:\/\/vizomix.hu\/en\/wp-json\/wp\/v2\/product_tag?post=8494"}],"curies":[{"name":"wp","href":"https:\/\/api.w.org\/{rel}","templated":true}]}}