{"id":8489,"date":"2026-04-10T13:13:34","date_gmt":"2026-04-10T11:13:34","guid":{"rendered":"https:\/\/vizomix.hu\/termek\/zara-kek-feher-mintas-nadrag-zsebekkel\/"},"modified":"2026-04-10T13:13:39","modified_gmt":"2026-04-10T11:13:39","slug":"zara-kek-feher-mintas-nadrag-zsebekkel","status":"publish","type":"product","link":"https:\/\/vizomix.hu\/en\/product\/zara-kek-feher-mintas-nadrag-zsebekkel\/","title":{"rendered":"Zara k\u00e9k-feh\u00e9r mint\u00e1s nadr\u00e1g zsebekkel"},"content":{"rendered":"<p>Zara k\u00e9k-feh\u00e9r mint\u00e1s nadr\u00e1g gumis h\u00e1ts\u00f3 der\u00e9kkal, oldals\u00f3 cipz\u00e1rral, zsebekkel<\/p>\n<p>K\u00e9nyelmes \u00e9s st\u00edlusos darab a Zara kollekci\u00f3j\u00e1b\u00f3l: ez a k\u00e9k-feh\u00e9r mint\u00e1s nadr\u00e1g h\u00e1tul gumis der\u00e9kr\u00e9sszel, oldals\u00f3 cipz\u00e1rral \u00e9s praktikus zsebekkel t\u00f6k\u00e9letes v\u00e1laszt\u00e1s a mindennapokra, mik\u00f6zben modern \u00e9s n\u0151ies megjelen\u00e9st biztos\u00edt.<br \/>\nM\u00e9retez\u00e9s: m\u00e9reth\u0171<\/p>","protected":false},"excerpt":{"rendered":"<p>Zara k\u00e9k-feh\u00e9r mint\u00e1s nadr\u00e1g gumis h\u00e1ts\u00f3 der\u00e9kkal, oldals\u00f3 cipz\u00e1rral, zsebekkel K\u00e9nyelmes \u00e9s st\u00edlusos darab a Zara kollekci\u00f3j\u00e1b\u00f3l: ez a k\u00e9k-feh\u00e9r<a class=\"read-more\" href=\"https:\/\/vizomix.hu\/en\/product\/zara-kek-feher-mintas-nadrag-zsebekkel\/\">Tov\u00e1bb<\/a><\/p>","protected":false},"featured_media":8486,"comment_status":"open","ping_status":"closed","template":"","meta":[],"product_brand":[76],"product_cat":[41],"product_tag":[],"class_list":{"0":"post-8489","1":"product","2":"type-product","3":"status-publish","4":"has-post-thumbnail","6":"product_brand-zara","7":"product_cat-hosszu-nadragok","9":"first","10":"instock","11":"taxable","12":"shipping-taxable","13":"purchasable","14":"product-type-variable","15":"add-to-wishlist-before_add_to_cart"},"supplier_id":null,"supplier_sku":"","barcode":null,"atum_controlled":true,"out_stock_date":null,"out_stock_threshold":null,"inheritable":false,"inbound_stock":null,"stock_on_hold":null,"sold_today":null,"sales_last_days":null,"reserved_stock":null,"customer_returns":null,"warehouse_damage":null,"lost_in_post":null,"other_logs":null,"out_stock_days":null,"lost_sales":null,"has_location":null,"update_date":"2026-04-10T11:13:41","atum_locations":[],"atum_stock_status":"instock","restock_status":false,"low_stock_amount":"","sales_update_date":null,"calc_backorders":null,"_links":{"self":[{"href":"https:\/\/vizomix.hu\/en\/wp-json\/wp\/v2\/product\/8489","targetHints":{"allow":["GET"]}}],"collection":[{"href":"https:\/\/vizomix.hu\/en\/wp-json\/wp\/v2\/product"}],"about":[{"href":"https:\/\/vizomix.hu\/en\/wp-json\/wp\/v2\/types\/product"}],"replies":[{"embeddable":true,"href":"https:\/\/vizomix.hu\/en\/wp-json\/wp\/v2\/comments?post=8489"}],"wp:featuredmedia":[{"embeddable":true,"href":"https:\/\/vizomix.hu\/en\/wp-json\/wp\/v2\/media\/8486"}],"wp:attachment":[{"href":"https:\/\/vizomix.hu\/en\/wp-json\/wp\/v2\/media?parent=8489"}],"wp:term":[{"taxonomy":"product_brand","embeddable":true,"href":"https:\/\/vizomix.hu\/en\/wp-json\/wp\/v2\/product_brand?post=8489"},{"taxonomy":"product_cat","embeddable":true,"href":"https:\/\/vizomix.hu\/en\/wp-json\/wp\/v2\/product_cat?post=8489"},{"taxonomy":"product_tag","embeddable":true,"href":"https:\/\/vizomix.hu\/en\/wp-json\/wp\/v2\/product_tag?post=8489"}],"curies":[{"name":"wp","href":"https:\/\/api.w.org\/{rel}","templated":true}]}}