{"id":8476,"date":"2026-04-10T12:32:34","date_gmt":"2026-04-10T10:32:34","guid":{"rendered":"https:\/\/vizomix.hu\/termek\/zara-fekete-zold-szaten-viragmintas-csodaszep-hosszu-ruha-kotovel\/"},"modified":"2026-04-10T12:48:05","modified_gmt":"2026-04-10T10:48:05","slug":"zara-fekete-zold-szaten-viragmintas-csodaszep-hosszu-ruha-kotovel","status":"publish","type":"product","link":"https:\/\/vizomix.hu\/en\/product\/zara-fekete-zold-szaten-viragmintas-csodaszep-hosszu-ruha-kotovel\/","title":{"rendered":"Zara fekete\/z\u00f6ld szat\u00e9n vir\u00e1gmint\u00e1s csodasz\u00e9p hossz\u00fa ruha k\u00f6t\u0151vel"},"content":{"rendered":"<p>Zara fekete\/z\u00f6ld szat\u00e9n vir\u00e1gmint\u00e1s hossz\u00fa ruha k\u00f6t\u0151vel<\/p>\n<p>Eleg\u00e1ns \u00e9s l\u00e1tv\u00e1nyos darab a Zara kollekci\u00f3j\u00e1b\u00f3l: ez a fekete\/z\u00f6ld vir\u00e1gmint\u00e1s, szat\u00e9n anyag\u00fa hossz\u00fa ruha der\u00e9kk\u00f6t\u0151vel sz\u00e9pen kiemeli az alakot, mik\u00f6zben n\u0151ies \u00e9s kifinomult megjelen\u00e9st biztos\u00edt alkalmakra vagy k\u00fcl\u00f6nleges esem\u00e9nyekre.<br \/>\nM\u00e9retez\u00e9s: m\u00e9reth\u0171<\/p>","protected":false},"excerpt":{"rendered":"<p>Zara fekete\/z\u00f6ld szat\u00e9n vir\u00e1gmint\u00e1s hossz\u00fa ruha k\u00f6t\u0151vel Eleg\u00e1ns \u00e9s l\u00e1tv\u00e1nyos darab a Zara kollekci\u00f3j\u00e1b\u00f3l: ez a fekete\/z\u00f6ld vir\u00e1gmint\u00e1s, szat\u00e9n anyag\u00fa<a class=\"read-more\" href=\"https:\/\/vizomix.hu\/en\/product\/zara-fekete-zold-szaten-viragmintas-csodaszep-hosszu-ruha-kotovel\/\">Tov\u00e1bb<\/a><\/p>","protected":false},"featured_media":8474,"comment_status":"open","ping_status":"closed","template":"","meta":[],"product_brand":[76],"product_cat":[33],"product_tag":[],"class_list":{"0":"post-8476","1":"product","2":"type-product","3":"status-publish","4":"has-post-thumbnail","6":"product_brand-zara","7":"product_cat-hosszu-ruhak-midi-ruhak-overalok","9":"first","10":"instock","11":"taxable","12":"shipping-taxable","13":"purchasable","14":"product-type-variable","15":"add-to-wishlist-before_add_to_cart"},"supplier_id":null,"supplier_sku":"","barcode":null,"atum_controlled":true,"out_stock_date":null,"out_stock_threshold":null,"inheritable":false,"inbound_stock":null,"stock_on_hold":null,"sold_today":null,"sales_last_days":null,"reserved_stock":null,"customer_returns":null,"warehouse_damage":null,"lost_in_post":null,"other_logs":null,"out_stock_days":null,"lost_sales":null,"has_location":null,"update_date":"2026-04-10T10:48:07","atum_locations":[],"atum_stock_status":"instock","restock_status":false,"low_stock_amount":"","sales_update_date":null,"calc_backorders":null,"_links":{"self":[{"href":"https:\/\/vizomix.hu\/en\/wp-json\/wp\/v2\/product\/8476","targetHints":{"allow":["GET"]}}],"collection":[{"href":"https:\/\/vizomix.hu\/en\/wp-json\/wp\/v2\/product"}],"about":[{"href":"https:\/\/vizomix.hu\/en\/wp-json\/wp\/v2\/types\/product"}],"replies":[{"embeddable":true,"href":"https:\/\/vizomix.hu\/en\/wp-json\/wp\/v2\/comments?post=8476"}],"wp:featuredmedia":[{"embeddable":true,"href":"https:\/\/vizomix.hu\/en\/wp-json\/wp\/v2\/media\/8474"}],"wp:attachment":[{"href":"https:\/\/vizomix.hu\/en\/wp-json\/wp\/v2\/media?parent=8476"}],"wp:term":[{"taxonomy":"product_brand","embeddable":true,"href":"https:\/\/vizomix.hu\/en\/wp-json\/wp\/v2\/product_brand?post=8476"},{"taxonomy":"product_cat","embeddable":true,"href":"https:\/\/vizomix.hu\/en\/wp-json\/wp\/v2\/product_cat?post=8476"},{"taxonomy":"product_tag","embeddable":true,"href":"https:\/\/vizomix.hu\/en\/wp-json\/wp\/v2\/product_tag?post=8476"}],"curies":[{"name":"wp","href":"https:\/\/api.w.org\/{rel}","templated":true}]}}