{"id":8469,"date":"2026-04-10T12:26:33","date_gmt":"2026-04-10T10:26:33","guid":{"rendered":"https:\/\/vizomix.hu\/termek\/zara-barna-fodros-alju-mubor-ingruha-ovvel\/"},"modified":"2026-04-10T12:26:38","modified_gmt":"2026-04-10T10:26:38","slug":"zara-barna-fodros-alju-mubor-ingruha-ovvel","status":"publish","type":"product","link":"https:\/\/vizomix.hu\/en\/product\/zara-barna-fodros-alju-mubor-ingruha-ovvel\/","title":{"rendered":"Zara barna fodros alj\u00fa m\u0171b\u0151r ingruha \u00f6vvel"},"content":{"rendered":"<p>Zara barna fodros alj\u00fa m\u0171b\u0151r ingruha \u00f6vvel<\/p>\n<p>Modern \u00e9s karakteres darab a Zara kollekci\u00f3j\u00e1b\u00f3l: ez a barna m\u0171b\u0151r ingruha fodros alj\u00e1val \u00e9s der\u00e9k\u00f6vvel n\u0151ies, m\u00e9gis vag\u00e1ny megjelen\u00e9st biztos\u00edt, t\u00f6k\u00e9letes v\u00e1laszt\u00e1s st\u00edlusos h\u00e9tk\u00f6znapokra vagy alkalmakra.<br \/>\nM\u00e9retez\u00e9s: m\u00e9reth\u0171<\/p>","protected":false},"excerpt":{"rendered":"<p>Zara barna fodros alj\u00fa m\u0171b\u0151r ingruha \u00f6vvel Modern \u00e9s karakteres darab a Zara kollekci\u00f3j\u00e1b\u00f3l: ez a barna m\u0171b\u0151r ingruha fodros<a class=\"read-more\" href=\"https:\/\/vizomix.hu\/en\/product\/zara-barna-fodros-alju-mubor-ingruha-ovvel\/\">Tov\u00e1bb<\/a><\/p>","protected":false},"featured_media":8466,"comment_status":"open","ping_status":"closed","template":"","meta":[],"product_brand":[76],"product_cat":[34],"product_tag":[],"class_list":{"0":"post-8469","1":"product","2":"type-product","3":"status-publish","4":"has-post-thumbnail","6":"product_brand-zara","7":"product_cat-rovid-ruhak-overalok","9":"first","10":"instock","11":"taxable","12":"shipping-taxable","13":"purchasable","14":"product-type-variable","15":"add-to-wishlist-before_add_to_cart"},"supplier_id":null,"supplier_sku":"","barcode":null,"atum_controlled":true,"out_stock_date":null,"out_stock_threshold":null,"inheritable":false,"inbound_stock":null,"stock_on_hold":null,"sold_today":null,"sales_last_days":null,"reserved_stock":null,"customer_returns":null,"warehouse_damage":null,"lost_in_post":null,"other_logs":null,"out_stock_days":null,"lost_sales":null,"has_location":null,"update_date":"2026-04-10T10:26:41","atum_locations":[],"atum_stock_status":"instock","restock_status":false,"low_stock_amount":"","sales_update_date":null,"calc_backorders":null,"_links":{"self":[{"href":"https:\/\/vizomix.hu\/en\/wp-json\/wp\/v2\/product\/8469","targetHints":{"allow":["GET"]}}],"collection":[{"href":"https:\/\/vizomix.hu\/en\/wp-json\/wp\/v2\/product"}],"about":[{"href":"https:\/\/vizomix.hu\/en\/wp-json\/wp\/v2\/types\/product"}],"replies":[{"embeddable":true,"href":"https:\/\/vizomix.hu\/en\/wp-json\/wp\/v2\/comments?post=8469"}],"wp:featuredmedia":[{"embeddable":true,"href":"https:\/\/vizomix.hu\/en\/wp-json\/wp\/v2\/media\/8466"}],"wp:attachment":[{"href":"https:\/\/vizomix.hu\/en\/wp-json\/wp\/v2\/media?parent=8469"}],"wp:term":[{"taxonomy":"product_brand","embeddable":true,"href":"https:\/\/vizomix.hu\/en\/wp-json\/wp\/v2\/product_brand?post=8469"},{"taxonomy":"product_cat","embeddable":true,"href":"https:\/\/vizomix.hu\/en\/wp-json\/wp\/v2\/product_cat?post=8469"},{"taxonomy":"product_tag","embeddable":true,"href":"https:\/\/vizomix.hu\/en\/wp-json\/wp\/v2\/product_tag?post=8469"}],"curies":[{"name":"wp","href":"https:\/\/api.w.org\/{rel}","templated":true}]}}