{"id":8463,"date":"2026-04-10T12:24:09","date_gmt":"2026-04-10T10:24:09","guid":{"rendered":"https:\/\/vizomix.hu\/termek\/zara-fekete-pottyos-fodros-csinos-rovid-ruha\/"},"modified":"2026-04-10T12:24:17","modified_gmt":"2026-04-10T10:24:17","slug":"zara-fekete-pottyos-fodros-csinos-rovid-ruha","status":"publish","type":"product","link":"https:\/\/vizomix.hu\/en\/product\/zara-fekete-pottyos-fodros-csinos-rovid-ruha\/","title":{"rendered":"Zara fekete p\u00f6tty\u00f6s fodros csinos r\u00f6vid ruha"},"content":{"rendered":"<p>Zara fekete p\u00f6tty\u00f6s fodros csinos r\u00f6vid ruha<\/p>\n<p>J\u00e1t\u00e9kos \u00e9s n\u0151ies darab a Zara kollekci\u00f3j\u00e1b\u00f3l: ez a fekete p\u00f6tty\u00f6s, fodros r\u00f6vid ruha k\u00f6nnyed eleganci\u00e1t \u00e9s st\u00edlusos megjelen\u00e9st biztos\u00edt, t\u00f6k\u00e9letes v\u00e1laszt\u00e1s h\u00e9tk\u00f6znapokra vagy alkalmakra.<br \/>\nM\u00e9retez\u00e9s: kisebb m\u00e9ret<\/p>","protected":false},"excerpt":{"rendered":"<p>Zara fekete p\u00f6tty\u00f6s fodros csinos r\u00f6vid ruha J\u00e1t\u00e9kos \u00e9s n\u0151ies darab a Zara kollekci\u00f3j\u00e1b\u00f3l: ez a fekete p\u00f6tty\u00f6s, fodros r\u00f6vid<a class=\"read-more\" href=\"https:\/\/vizomix.hu\/en\/product\/zara-fekete-pottyos-fodros-csinos-rovid-ruha\/\">Tov\u00e1bb<\/a><\/p>","protected":false},"featured_media":8456,"comment_status":"open","ping_status":"closed","template":"","meta":[],"product_brand":[76],"product_cat":[34],"product_tag":[],"class_list":{"0":"post-8463","1":"product","2":"type-product","3":"status-publish","4":"has-post-thumbnail","6":"product_brand-zara","7":"product_cat-rovid-ruhak-overalok","9":"first","10":"instock","11":"taxable","12":"shipping-taxable","13":"purchasable","14":"product-type-variable","15":"add-to-wishlist-before_add_to_cart"},"supplier_id":null,"supplier_sku":"","barcode":null,"atum_controlled":true,"out_stock_date":null,"out_stock_threshold":null,"inheritable":false,"inbound_stock":null,"stock_on_hold":null,"sold_today":null,"sales_last_days":null,"reserved_stock":null,"customer_returns":null,"warehouse_damage":null,"lost_in_post":null,"other_logs":null,"out_stock_days":null,"lost_sales":null,"has_location":null,"update_date":"2026-04-10T10:24:17","atum_locations":[],"atum_stock_status":"instock","restock_status":false,"low_stock_amount":"","sales_update_date":null,"calc_backorders":null,"_links":{"self":[{"href":"https:\/\/vizomix.hu\/en\/wp-json\/wp\/v2\/product\/8463","targetHints":{"allow":["GET"]}}],"collection":[{"href":"https:\/\/vizomix.hu\/en\/wp-json\/wp\/v2\/product"}],"about":[{"href":"https:\/\/vizomix.hu\/en\/wp-json\/wp\/v2\/types\/product"}],"replies":[{"embeddable":true,"href":"https:\/\/vizomix.hu\/en\/wp-json\/wp\/v2\/comments?post=8463"}],"wp:featuredmedia":[{"embeddable":true,"href":"https:\/\/vizomix.hu\/en\/wp-json\/wp\/v2\/media\/8456"}],"wp:attachment":[{"href":"https:\/\/vizomix.hu\/en\/wp-json\/wp\/v2\/media?parent=8463"}],"wp:term":[{"taxonomy":"product_brand","embeddable":true,"href":"https:\/\/vizomix.hu\/en\/wp-json\/wp\/v2\/product_brand?post=8463"},{"taxonomy":"product_cat","embeddable":true,"href":"https:\/\/vizomix.hu\/en\/wp-json\/wp\/v2\/product_cat?post=8463"},{"taxonomy":"product_tag","embeddable":true,"href":"https:\/\/vizomix.hu\/en\/wp-json\/wp\/v2\/product_tag?post=8463"}],"curies":[{"name":"wp","href":"https:\/\/api.w.org\/{rel}","templated":true}]}}