{"id":8425,"date":"2026-04-10T12:14:14","date_gmt":"2026-04-10T10:14:14","guid":{"rendered":"https:\/\/vizomix.hu\/termek\/zara-kek-mintas-hosszu-szaten-fodros-pant-nelkuli-overall-hosszu-ruha\/"},"modified":"2026-04-15T21:04:04","modified_gmt":"2026-04-15T19:04:04","slug":"zara-kek-mintas-hosszu-szaten-fodros-pant-nelkuli-overall-hosszu-ruha","status":"publish","type":"product","link":"https:\/\/vizomix.hu\/en\/product\/zara-kek-mintas-hosszu-szaten-fodros-pant-nelkuli-overall-hosszu-ruha\/","title":{"rendered":"Zara k\u00e9k mint\u00e1s hossz\u00fa szat\u00e9n fodros p\u00e1nt n\u00e9lk\u00fcli over\u00e1l"},"content":{"rendered":"<p>Zara k\u00e9k mint\u00e1s hossz\u00fa szat\u00e9n fodros p\u00e1nt n\u00e9lk\u00fcli over\u00e1l <\/p>\n<p>Eleg\u00e1ns \u00e9s figyelemfelkelt\u0151 darab a Zara kollekci\u00f3j\u00e1b\u00f3l: ez a k\u00e9k mint\u00e1s, szat\u00e9n anyag\u00fa p\u00e1nt n\u00e9lk\u00fcli fazon fodros r\u00e9szleteivel n\u0151ies \u00e9s k\u00fcl\u00f6nleges megjelen\u00e9st biztos\u00edt, t\u00f6k\u00e9letes alkalmakra vagy ny\u00e1ri esem\u00e9nyekre.<br \/>\nH\u00e1t\u00e1n cipz\u00e1ras kialak\u00edt\u00e1ssal.<br \/>\nM\u00e9retez\u00e9s: kisebb m\u00e9ret<\/p>","protected":false},"excerpt":{"rendered":"<p>Zara k\u00e9k mint\u00e1s hossz\u00fa szat\u00e9n fodros p\u00e1nt n\u00e9lk\u00fcli over\u00e1l Eleg\u00e1ns \u00e9s figyelemfelkelt\u0151 darab a Zara kollekci\u00f3j\u00e1b\u00f3l: ez a k\u00e9k mint\u00e1s,<a class=\"read-more\" href=\"https:\/\/vizomix.hu\/en\/product\/zara-kek-mintas-hosszu-szaten-fodros-pant-nelkuli-overall-hosszu-ruha\/\">Tov\u00e1bb<\/a><\/p>","protected":false},"featured_media":8423,"comment_status":"open","ping_status":"closed","template":"","meta":[],"product_brand":[76],"product_cat":[33],"product_tag":[],"class_list":{"0":"post-8425","1":"product","2":"type-product","3":"status-publish","4":"has-post-thumbnail","6":"product_brand-zara","7":"product_cat-hosszu-ruhak-midi-ruhak-overalok","9":"first","10":"instock","11":"taxable","12":"shipping-taxable","13":"purchasable","14":"product-type-variable","15":"add-to-wishlist-before_add_to_cart"},"supplier_id":null,"supplier_sku":"","barcode":null,"atum_controlled":true,"out_stock_date":null,"out_stock_threshold":null,"inheritable":false,"inbound_stock":null,"stock_on_hold":null,"sold_today":null,"sales_last_days":null,"reserved_stock":null,"customer_returns":null,"warehouse_damage":null,"lost_in_post":null,"other_logs":null,"out_stock_days":null,"lost_sales":null,"has_location":null,"update_date":"2026-04-15T19:04:04","atum_locations":[],"atum_stock_status":"instock","restock_status":false,"low_stock_amount":"","sales_update_date":null,"calc_backorders":null,"_links":{"self":[{"href":"https:\/\/vizomix.hu\/en\/wp-json\/wp\/v2\/product\/8425","targetHints":{"allow":["GET"]}}],"collection":[{"href":"https:\/\/vizomix.hu\/en\/wp-json\/wp\/v2\/product"}],"about":[{"href":"https:\/\/vizomix.hu\/en\/wp-json\/wp\/v2\/types\/product"}],"replies":[{"embeddable":true,"href":"https:\/\/vizomix.hu\/en\/wp-json\/wp\/v2\/comments?post=8425"}],"wp:featuredmedia":[{"embeddable":true,"href":"https:\/\/vizomix.hu\/en\/wp-json\/wp\/v2\/media\/8423"}],"wp:attachment":[{"href":"https:\/\/vizomix.hu\/en\/wp-json\/wp\/v2\/media?parent=8425"}],"wp:term":[{"taxonomy":"product_brand","embeddable":true,"href":"https:\/\/vizomix.hu\/en\/wp-json\/wp\/v2\/product_brand?post=8425"},{"taxonomy":"product_cat","embeddable":true,"href":"https:\/\/vizomix.hu\/en\/wp-json\/wp\/v2\/product_cat?post=8425"},{"taxonomy":"product_tag","embeddable":true,"href":"https:\/\/vizomix.hu\/en\/wp-json\/wp\/v2\/product_tag?post=8425"}],"curies":[{"name":"wp","href":"https:\/\/api.w.org\/{rel}","templated":true}]}}