{"id":8406,"date":"2026-04-10T12:08:47","date_gmt":"2026-04-10T10:08:47","guid":{"rendered":"https:\/\/vizomix.hu\/termek\/zara-feher-madeira-100-pamut-hosszu-csinos-ruha-fodros-also-resszel\/"},"modified":"2026-04-10T12:08:53","modified_gmt":"2026-04-10T10:08:53","slug":"zara-feher-madeira-100-pamut-hosszu-csinos-ruha-fodros-also-resszel","status":"publish","type":"product","link":"https:\/\/vizomix.hu\/en\/product\/zara-feher-madeira-100-pamut-hosszu-csinos-ruha-fodros-also-resszel\/","title":{"rendered":"Zara feh\u00e9r Madeira 100% pamut hossz\u00fa csinos ruha fodros als\u00f3 r\u00e9sszel"},"content":{"rendered":"<p>Zara feh\u00e9r Madeira 100% pamut hossz\u00fa csinos ruha fodros als\u00f3 r\u00e9sszel, buggyos ujjal, als\u00f3szokny\u00e1val<\/p>\n<p>Romantikus \u00e9s kifinomult darab a Zara kollekci\u00f3j\u00e1b\u00f3l: ez a feh\u00e9r, 100% pamut Madeira ruha h\u00edmzett r\u00e9szleteivel, fodros alj\u00e1val \u00e9s buggyos ujjaival igaz\u00e1n n\u0151ies megjelen\u00e9st biztos\u00edt, m\u00edg az als\u00f3szoknya k\u00e9nyelmes viseletet ny\u00fajt.<br \/>\nM\u00e9retez\u00e9s: m\u00e9reth\u0171<\/p>","protected":false},"excerpt":{"rendered":"<p>Zara feh\u00e9r Madeira 100% pamut hossz\u00fa csinos ruha fodros als\u00f3 r\u00e9sszel, buggyos ujjal, als\u00f3szokny\u00e1val Romantikus \u00e9s kifinomult darab a Zara<a class=\"read-more\" href=\"https:\/\/vizomix.hu\/en\/product\/zara-feher-madeira-100-pamut-hosszu-csinos-ruha-fodros-also-resszel\/\">Tov\u00e1bb<\/a><\/p>","protected":false},"featured_media":8403,"comment_status":"open","ping_status":"closed","template":"","meta":[],"product_brand":[76],"product_cat":[33],"product_tag":[],"class_list":{"0":"post-8406","1":"product","2":"type-product","3":"status-publish","4":"has-post-thumbnail","6":"product_brand-zara","7":"product_cat-hosszu-ruhak-midi-ruhak-overalok","9":"first","10":"instock","11":"taxable","12":"shipping-taxable","13":"purchasable","14":"product-type-variable","15":"add-to-wishlist-before_add_to_cart"},"supplier_id":null,"supplier_sku":"","barcode":null,"atum_controlled":true,"out_stock_date":null,"out_stock_threshold":null,"inheritable":false,"inbound_stock":null,"stock_on_hold":null,"sold_today":null,"sales_last_days":null,"reserved_stock":null,"customer_returns":null,"warehouse_damage":null,"lost_in_post":null,"other_logs":null,"out_stock_days":null,"lost_sales":null,"has_location":null,"update_date":"2026-04-10T10:08:54","atum_locations":[],"atum_stock_status":"instock","restock_status":false,"low_stock_amount":"","sales_update_date":null,"calc_backorders":null,"_links":{"self":[{"href":"https:\/\/vizomix.hu\/en\/wp-json\/wp\/v2\/product\/8406","targetHints":{"allow":["GET"]}}],"collection":[{"href":"https:\/\/vizomix.hu\/en\/wp-json\/wp\/v2\/product"}],"about":[{"href":"https:\/\/vizomix.hu\/en\/wp-json\/wp\/v2\/types\/product"}],"replies":[{"embeddable":true,"href":"https:\/\/vizomix.hu\/en\/wp-json\/wp\/v2\/comments?post=8406"}],"wp:featuredmedia":[{"embeddable":true,"href":"https:\/\/vizomix.hu\/en\/wp-json\/wp\/v2\/media\/8403"}],"wp:attachment":[{"href":"https:\/\/vizomix.hu\/en\/wp-json\/wp\/v2\/media?parent=8406"}],"wp:term":[{"taxonomy":"product_brand","embeddable":true,"href":"https:\/\/vizomix.hu\/en\/wp-json\/wp\/v2\/product_brand?post=8406"},{"taxonomy":"product_cat","embeddable":true,"href":"https:\/\/vizomix.hu\/en\/wp-json\/wp\/v2\/product_cat?post=8406"},{"taxonomy":"product_tag","embeddable":true,"href":"https:\/\/vizomix.hu\/en\/wp-json\/wp\/v2\/product_tag?post=8406"}],"curies":[{"name":"wp","href":"https:\/\/api.w.org\/{rel}","templated":true}]}}