{"id":8385,"date":"2026-04-08T00:24:57","date_gmt":"2026-04-07T22:24:57","guid":{"rendered":"https:\/\/vizomix.hu\/termek\/zara-zold-100-pamut-levelmintas-hosszu-ingruha-ovvel\/"},"modified":"2026-04-08T00:25:00","modified_gmt":"2026-04-07T22:25:00","slug":"zara-zold-100-pamut-levelmintas-hosszu-ingruha-ovvel","status":"publish","type":"product","link":"https:\/\/vizomix.hu\/en\/product\/zara-zold-100-pamut-levelmintas-hosszu-ingruha-ovvel\/","title":{"rendered":"Zara z\u00f6ld 100% pamut lev\u00e9lmint\u00e1s hossz\u00fa ingruha \u00f6vvel"},"content":{"rendered":"<p>Zara z\u00f6ld 100% pamut lev\u00e9lmint\u00e1s hossz\u00fa ingruha \u00f6vvel<\/p>\n<p>Term\u00e9szetes \u00e9s st\u00edlusos darab a Zara kollekci\u00f3j\u00e1b\u00f3l: ez a z\u00f6ld, 100% pamut lev\u00e9lmint\u00e1s hossz\u00fa ingruha \u00f6vvel k\u00e9nyelmes, l\u00e9g\u00e1tereszt\u0151 viselet, amely kiemeli a derekat \u00e9s t\u00f6k\u00e9letes v\u00e1laszt\u00e1s a mindennapokra vagy ny\u00e1ri alkalmakra.<br \/>\nM\u00e9retez\u00e9s: nagyobb m\u00e9ret<\/p>","protected":false},"excerpt":{"rendered":"<p>Zara z\u00f6ld 100% pamut lev\u00e9lmint\u00e1s hossz\u00fa ingruha \u00f6vvel Term\u00e9szetes \u00e9s st\u00edlusos darab a Zara kollekci\u00f3j\u00e1b\u00f3l: ez a z\u00f6ld, 100% pamut<a class=\"read-more\" href=\"https:\/\/vizomix.hu\/en\/product\/zara-zold-100-pamut-levelmintas-hosszu-ingruha-ovvel\/\">Tov\u00e1bb<\/a><\/p>","protected":false},"featured_media":8381,"comment_status":"open","ping_status":"closed","template":"","meta":[],"product_brand":[76],"product_cat":[33],"product_tag":[],"class_list":{"0":"post-8385","1":"product","2":"type-product","3":"status-publish","4":"has-post-thumbnail","6":"product_brand-zara","7":"product_cat-hosszu-ruhak-midi-ruhak-overalok","9":"first","10":"instock","11":"taxable","12":"shipping-taxable","13":"purchasable","14":"product-type-variable","15":"add-to-wishlist-before_add_to_cart"},"supplier_id":null,"supplier_sku":"","barcode":null,"atum_controlled":true,"out_stock_date":null,"out_stock_threshold":null,"inheritable":false,"inbound_stock":null,"stock_on_hold":null,"sold_today":null,"sales_last_days":null,"reserved_stock":null,"customer_returns":null,"warehouse_damage":null,"lost_in_post":null,"other_logs":null,"out_stock_days":null,"lost_sales":null,"has_location":null,"update_date":"2026-04-07T22:25:02","atum_locations":[],"atum_stock_status":"instock","restock_status":false,"low_stock_amount":"","sales_update_date":null,"calc_backorders":null,"_links":{"self":[{"href":"https:\/\/vizomix.hu\/en\/wp-json\/wp\/v2\/product\/8385","targetHints":{"allow":["GET"]}}],"collection":[{"href":"https:\/\/vizomix.hu\/en\/wp-json\/wp\/v2\/product"}],"about":[{"href":"https:\/\/vizomix.hu\/en\/wp-json\/wp\/v2\/types\/product"}],"replies":[{"embeddable":true,"href":"https:\/\/vizomix.hu\/en\/wp-json\/wp\/v2\/comments?post=8385"}],"wp:featuredmedia":[{"embeddable":true,"href":"https:\/\/vizomix.hu\/en\/wp-json\/wp\/v2\/media\/8381"}],"wp:attachment":[{"href":"https:\/\/vizomix.hu\/en\/wp-json\/wp\/v2\/media?parent=8385"}],"wp:term":[{"taxonomy":"product_brand","embeddable":true,"href":"https:\/\/vizomix.hu\/en\/wp-json\/wp\/v2\/product_brand?post=8385"},{"taxonomy":"product_cat","embeddable":true,"href":"https:\/\/vizomix.hu\/en\/wp-json\/wp\/v2\/product_cat?post=8385"},{"taxonomy":"product_tag","embeddable":true,"href":"https:\/\/vizomix.hu\/en\/wp-json\/wp\/v2\/product_tag?post=8385"}],"curies":[{"name":"wp","href":"https:\/\/api.w.org\/{rel}","templated":true}]}}