{"id":838,"date":"2026-02-10T21:47:59","date_gmt":"2026-02-10T20:47:59","guid":{"rendered":"https:\/\/vizomix.hu\/termek\/calvin-klein-polo\/"},"modified":"2026-04-01T19:05:51","modified_gmt":"2026-04-01T17:05:51","slug":"calvin-klein-polo","status":"publish","type":"product","link":"https:\/\/vizomix.hu\/en\/product\/calvin-klein-polo\/","title":{"rendered":"Calvin Klein Jeans bord\u00f3 p\u00f3l\u00f3"},"content":{"rendered":"<p>Calvin Klein Jeans bord\u00f3, 100% pamut p\u00f3l\u00f3 log\u00f3val<\/p>\n<p>Letisztult \u00e9s id\u0151t\u00e1ll\u00f3 darab a mindennapokra. Ez a Calvin Klein bord\u00f3 fels\u0151 100% pamut anyag\u00e1nak k\u00f6sz\u00f6nhet\u0151en k\u00e9nyelmes, l\u00e9g\u00e1tereszt\u0151 viseletet biztos\u00edt.<\/p>\n<p>A mellr\u00e9sz k\u00f6zep\u00e9n elhelyezett log\u00f3 klasszikus, sportosan eleg\u00e1ns megjelen\u00e9st ad a darabnak. K\u00f6nnyen kombin\u00e1lhat\u00f3 farmerrel vagy szokny\u00e1val, t\u00f6k\u00e9letes v\u00e1laszt\u00e1s h\u00e9tk\u00f6znapi szettekhez.<\/p>","protected":false},"excerpt":{"rendered":"<p>Calvin Klein Jeans bord\u00f3, 100% pamut p\u00f3l\u00f3 log\u00f3val Letisztult \u00e9s id\u0151t\u00e1ll\u00f3 darab a mindennapokra. Ez a Calvin Klein bord\u00f3 fels\u0151<a class=\"read-more\" href=\"https:\/\/vizomix.hu\/en\/product\/calvin-klein-polo\/\">Tov\u00e1bb<\/a><\/p>","protected":false},"featured_media":836,"comment_status":"open","ping_status":"closed","template":"","meta":[],"product_brand":[78],"product_cat":[42],"product_tag":[],"class_list":{"0":"post-838","1":"product","2":"type-product","3":"status-publish","4":"has-post-thumbnail","6":"product_brand-calvin-klein-jeans","7":"product_cat-felso-ruhazat-top-triko-polo-body-felsoresz","9":"first","10":"instock","11":"taxable","12":"shipping-taxable","13":"purchasable","14":"product-type-variable","15":"add-to-wishlist-before_add_to_cart"},"supplier_id":null,"supplier_sku":"","barcode":null,"atum_controlled":true,"out_stock_date":null,"out_stock_threshold":null,"inheritable":false,"inbound_stock":null,"stock_on_hold":0,"sold_today":0,"sales_last_days":0,"reserved_stock":null,"customer_returns":null,"warehouse_damage":null,"lost_in_post":null,"other_logs":null,"out_stock_days":0,"lost_sales":0,"has_location":null,"update_date":"2026-04-01T17:05:53","atum_locations":[],"atum_stock_status":"instock","restock_status":false,"low_stock_amount":"","sales_update_date":"2026-03-17T19:15:19","calc_backorders":null,"_links":{"self":[{"href":"https:\/\/vizomix.hu\/en\/wp-json\/wp\/v2\/product\/838","targetHints":{"allow":["GET"]}}],"collection":[{"href":"https:\/\/vizomix.hu\/en\/wp-json\/wp\/v2\/product"}],"about":[{"href":"https:\/\/vizomix.hu\/en\/wp-json\/wp\/v2\/types\/product"}],"replies":[{"embeddable":true,"href":"https:\/\/vizomix.hu\/en\/wp-json\/wp\/v2\/comments?post=838"}],"wp:featuredmedia":[{"embeddable":true,"href":"https:\/\/vizomix.hu\/en\/wp-json\/wp\/v2\/media\/836"}],"wp:attachment":[{"href":"https:\/\/vizomix.hu\/en\/wp-json\/wp\/v2\/media?parent=838"}],"wp:term":[{"taxonomy":"product_brand","embeddable":true,"href":"https:\/\/vizomix.hu\/en\/wp-json\/wp\/v2\/product_brand?post=838"},{"taxonomy":"product_cat","embeddable":true,"href":"https:\/\/vizomix.hu\/en\/wp-json\/wp\/v2\/product_cat?post=838"},{"taxonomy":"product_tag","embeddable":true,"href":"https:\/\/vizomix.hu\/en\/wp-json\/wp\/v2\/product_tag?post=838"}],"curies":[{"name":"wp","href":"https:\/\/api.w.org\/{rel}","templated":true}]}}