{"id":8372,"date":"2026-04-08T00:06:38","date_gmt":"2026-04-07T22:06:38","guid":{"rendered":"https:\/\/vizomix.hu\/termek\/zara-barack-szinu-hosszu-elegans-v-kivagasu-ruha\/"},"modified":"2026-04-08T00:06:41","modified_gmt":"2026-04-07T22:06:41","slug":"zara-barack-szinu-hosszu-elegans-v-kivagasu-ruha","status":"publish","type":"product","link":"https:\/\/vizomix.hu\/en\/product\/zara-barack-szinu-hosszu-elegans-v-kivagasu-ruha\/","title":{"rendered":"Zara barack sz\u00edn\u0171 hossz\u00fa eleg\u00e1ns V-kiv\u00e1g\u00e1s\u00fa ruha"},"content":{"rendered":"<p>Zara barack sz\u00edn\u0171 hossz\u00fa eleg\u00e1ns V-kiv\u00e1g\u00e1s\u00fa ruha<\/p>\n<p>L\u00e1gy \u00e9s n\u0151ies megjelen\u00e9s a Zara kollekci\u00f3j\u00e1b\u00f3l: ez a barack sz\u00edn\u0171, hossz\u00fa ruha eleg\u00e1ns V-kiv\u00e1g\u00e1s\u00e1val finoman kiemeli az alakot, t\u00f6k\u00e9letes v\u00e1laszt\u00e1s alkalmakra vagy ny\u00e1ri esem\u00e9nyekre.<br \/>\nM\u00e9retez\u00e9s: m\u00e9reth\u0171<\/p>","protected":false},"excerpt":{"rendered":"<p>Zara barack sz\u00edn\u0171 hossz\u00fa eleg\u00e1ns V-kiv\u00e1g\u00e1s\u00fa ruha L\u00e1gy \u00e9s n\u0151ies megjelen\u00e9s a Zara kollekci\u00f3j\u00e1b\u00f3l: ez a barack sz\u00edn\u0171, hossz\u00fa ruha<a class=\"read-more\" href=\"https:\/\/vizomix.hu\/en\/product\/zara-barack-szinu-hosszu-elegans-v-kivagasu-ruha\/\">Tov\u00e1bb<\/a><\/p>","protected":false},"featured_media":8368,"comment_status":"open","ping_status":"closed","template":"","meta":[],"product_brand":[76],"product_cat":[33],"product_tag":[],"class_list":{"0":"post-8372","1":"product","2":"type-product","3":"status-publish","4":"has-post-thumbnail","6":"product_brand-zara","7":"product_cat-hosszu-ruhak-midi-ruhak-overalok","9":"first","10":"instock","11":"taxable","12":"shipping-taxable","13":"purchasable","14":"product-type-variable","15":"add-to-wishlist-before_add_to_cart"},"supplier_id":null,"supplier_sku":"","barcode":null,"atum_controlled":true,"out_stock_date":null,"out_stock_threshold":null,"inheritable":false,"inbound_stock":null,"stock_on_hold":null,"sold_today":null,"sales_last_days":null,"reserved_stock":null,"customer_returns":null,"warehouse_damage":null,"lost_in_post":null,"other_logs":null,"out_stock_days":null,"lost_sales":null,"has_location":null,"update_date":"2026-04-07T22:06:42","atum_locations":[],"atum_stock_status":"instock","restock_status":false,"low_stock_amount":"","sales_update_date":null,"calc_backorders":null,"_links":{"self":[{"href":"https:\/\/vizomix.hu\/en\/wp-json\/wp\/v2\/product\/8372","targetHints":{"allow":["GET"]}}],"collection":[{"href":"https:\/\/vizomix.hu\/en\/wp-json\/wp\/v2\/product"}],"about":[{"href":"https:\/\/vizomix.hu\/en\/wp-json\/wp\/v2\/types\/product"}],"replies":[{"embeddable":true,"href":"https:\/\/vizomix.hu\/en\/wp-json\/wp\/v2\/comments?post=8372"}],"wp:featuredmedia":[{"embeddable":true,"href":"https:\/\/vizomix.hu\/en\/wp-json\/wp\/v2\/media\/8368"}],"wp:attachment":[{"href":"https:\/\/vizomix.hu\/en\/wp-json\/wp\/v2\/media?parent=8372"}],"wp:term":[{"taxonomy":"product_brand","embeddable":true,"href":"https:\/\/vizomix.hu\/en\/wp-json\/wp\/v2\/product_brand?post=8372"},{"taxonomy":"product_cat","embeddable":true,"href":"https:\/\/vizomix.hu\/en\/wp-json\/wp\/v2\/product_cat?post=8372"},{"taxonomy":"product_tag","embeddable":true,"href":"https:\/\/vizomix.hu\/en\/wp-json\/wp\/v2\/product_tag?post=8372"}],"curies":[{"name":"wp","href":"https:\/\/api.w.org\/{rel}","templated":true}]}}