{"id":8365,"date":"2026-04-08T00:01:54","date_gmt":"2026-04-07T22:01:54","guid":{"rendered":"https:\/\/vizomix.hu\/termek\/zara-geometrikus-mintas-jogging-szett\/"},"modified":"2026-04-08T00:01:59","modified_gmt":"2026-04-07T22:01:59","slug":"zara-geometrikus-mintas-jogging-szett","status":"publish","type":"product","link":"https:\/\/vizomix.hu\/en\/product\/zara-geometrikus-mintas-jogging-szett\/","title":{"rendered":"Zara geometrikus mint\u00e1s jogging szett"},"content":{"rendered":"<p>Zara geometrikus mint\u00e1s jogging szett<\/p>\n<p>K\u00e9nyelmes \u00e9s trendi v\u00e1laszt\u00e1s a Zara kollekci\u00f3j\u00e1b\u00f3l: ez a geometrikus mint\u00e1s jogging szett modern megjelen\u00e9st \u00e9s maxim\u00e1lis komfortot k\u00edn\u00e1l, t\u00f6k\u00e9letes h\u00e9tk\u00f6znapi viselethez vagy pihen\u00e9shez.<br \/>\nM\u00e9retez\u00e9s: m\u00e9reth\u0171<\/p>","protected":false},"excerpt":{"rendered":"<p>Zara geometrikus mint\u00e1s jogging szett K\u00e9nyelmes \u00e9s trendi v\u00e1laszt\u00e1s a Zara kollekci\u00f3j\u00e1b\u00f3l: ez a geometrikus mint\u00e1s jogging szett modern megjelen\u00e9st<a class=\"read-more\" href=\"https:\/\/vizomix.hu\/en\/product\/zara-geometrikus-mintas-jogging-szett\/\">Tov\u00e1bb<\/a><\/p>","protected":false},"featured_media":8360,"comment_status":"open","ping_status":"closed","template":"","meta":[],"product_brand":[76],"product_cat":[30],"product_tag":[],"class_list":{"0":"post-8365","1":"product","2":"type-product","3":"status-publish","4":"has-post-thumbnail","6":"product_brand-zara","7":"product_cat-teljes-szettek","9":"first","10":"instock","11":"taxable","12":"shipping-taxable","13":"purchasable","14":"product-type-variable","15":"add-to-wishlist-before_add_to_cart"},"supplier_id":null,"supplier_sku":"","barcode":null,"atum_controlled":true,"out_stock_date":null,"out_stock_threshold":null,"inheritable":false,"inbound_stock":null,"stock_on_hold":null,"sold_today":null,"sales_last_days":null,"reserved_stock":null,"customer_returns":null,"warehouse_damage":null,"lost_in_post":null,"other_logs":null,"out_stock_days":null,"lost_sales":null,"has_location":null,"update_date":"2026-04-07T22:02:00","atum_locations":[],"atum_stock_status":"instock","restock_status":false,"low_stock_amount":"","sales_update_date":null,"calc_backorders":null,"_links":{"self":[{"href":"https:\/\/vizomix.hu\/en\/wp-json\/wp\/v2\/product\/8365","targetHints":{"allow":["GET"]}}],"collection":[{"href":"https:\/\/vizomix.hu\/en\/wp-json\/wp\/v2\/product"}],"about":[{"href":"https:\/\/vizomix.hu\/en\/wp-json\/wp\/v2\/types\/product"}],"replies":[{"embeddable":true,"href":"https:\/\/vizomix.hu\/en\/wp-json\/wp\/v2\/comments?post=8365"}],"wp:featuredmedia":[{"embeddable":true,"href":"https:\/\/vizomix.hu\/en\/wp-json\/wp\/v2\/media\/8360"}],"wp:attachment":[{"href":"https:\/\/vizomix.hu\/en\/wp-json\/wp\/v2\/media?parent=8365"}],"wp:term":[{"taxonomy":"product_brand","embeddable":true,"href":"https:\/\/vizomix.hu\/en\/wp-json\/wp\/v2\/product_brand?post=8365"},{"taxonomy":"product_cat","embeddable":true,"href":"https:\/\/vizomix.hu\/en\/wp-json\/wp\/v2\/product_cat?post=8365"},{"taxonomy":"product_tag","embeddable":true,"href":"https:\/\/vizomix.hu\/en\/wp-json\/wp\/v2\/product_tag?post=8365"}],"curies":[{"name":"wp","href":"https:\/\/api.w.org\/{rel}","templated":true}]}}