{"id":8349,"date":"2026-04-07T22:29:01","date_gmt":"2026-04-07T20:29:01","guid":{"rendered":"https:\/\/vizomix.hu\/termek\/zara-fekete-madeira-hosszu-ruha-rugalmas-mellresszel\/"},"modified":"2026-04-07T22:29:05","modified_gmt":"2026-04-07T20:29:05","slug":"zara-fekete-madeira-hosszu-ruha-rugalmas-mellresszel","status":"publish","type":"product","link":"https:\/\/vizomix.hu\/en\/product\/zara-fekete-madeira-hosszu-ruha-rugalmas-mellresszel\/","title":{"rendered":"Zara fekete Madeira hossz\u00fa ruha rugalmas mellr\u00e9sszel"},"content":{"rendered":"<p>Zara fekete Madeira hossz\u00fa ruha rugalmas mellr\u00e9sszel<\/p>\n<p>N\u0151ies \u00e9s eleg\u00e1ns darab a Zara kollekci\u00f3j\u00e1b\u00f3l: ez a fekete Madeira st\u00edlus\u00fa hossz\u00fa ruha rugalmas mellr\u00e9sz\u00e9vel k\u00e9nyelmes viseletet \u00e9s t\u00f6k\u00e9letes illeszked\u00e9st biztos\u00edt, ide\u00e1lis alkalmakra vagy ny\u00e1ri est\u00e9kre.<br \/>\nM\u00e9retez\u00e9s: m\u00e9reth\u0171<\/p>","protected":false},"excerpt":{"rendered":"<p>Zara fekete Madeira hossz\u00fa ruha rugalmas mellr\u00e9sszel N\u0151ies \u00e9s eleg\u00e1ns darab a Zara kollekci\u00f3j\u00e1b\u00f3l: ez a fekete Madeira st\u00edlus\u00fa hossz\u00fa<a class=\"read-more\" href=\"https:\/\/vizomix.hu\/en\/product\/zara-fekete-madeira-hosszu-ruha-rugalmas-mellresszel\/\">Tov\u00e1bb<\/a><\/p>","protected":false},"featured_media":8342,"comment_status":"open","ping_status":"closed","template":"","meta":[],"product_brand":[76],"product_cat":[33],"product_tag":[],"class_list":{"0":"post-8349","1":"product","2":"type-product","3":"status-publish","4":"has-post-thumbnail","6":"product_brand-zara","7":"product_cat-hosszu-ruhak-midi-ruhak-overalok","9":"first","10":"instock","11":"taxable","12":"shipping-taxable","13":"purchasable","14":"product-type-variable","15":"add-to-wishlist-before_add_to_cart"},"supplier_id":null,"supplier_sku":"","barcode":null,"atum_controlled":true,"out_stock_date":null,"out_stock_threshold":null,"inheritable":false,"inbound_stock":null,"stock_on_hold":null,"sold_today":null,"sales_last_days":null,"reserved_stock":null,"customer_returns":null,"warehouse_damage":null,"lost_in_post":null,"other_logs":null,"out_stock_days":null,"lost_sales":null,"has_location":null,"update_date":"2026-04-07T20:29:05","atum_locations":[],"atum_stock_status":"instock","restock_status":false,"low_stock_amount":"","sales_update_date":null,"calc_backorders":null,"_links":{"self":[{"href":"https:\/\/vizomix.hu\/en\/wp-json\/wp\/v2\/product\/8349","targetHints":{"allow":["GET"]}}],"collection":[{"href":"https:\/\/vizomix.hu\/en\/wp-json\/wp\/v2\/product"}],"about":[{"href":"https:\/\/vizomix.hu\/en\/wp-json\/wp\/v2\/types\/product"}],"replies":[{"embeddable":true,"href":"https:\/\/vizomix.hu\/en\/wp-json\/wp\/v2\/comments?post=8349"}],"wp:featuredmedia":[{"embeddable":true,"href":"https:\/\/vizomix.hu\/en\/wp-json\/wp\/v2\/media\/8342"}],"wp:attachment":[{"href":"https:\/\/vizomix.hu\/en\/wp-json\/wp\/v2\/media?parent=8349"}],"wp:term":[{"taxonomy":"product_brand","embeddable":true,"href":"https:\/\/vizomix.hu\/en\/wp-json\/wp\/v2\/product_brand?post=8349"},{"taxonomy":"product_cat","embeddable":true,"href":"https:\/\/vizomix.hu\/en\/wp-json\/wp\/v2\/product_cat?post=8349"},{"taxonomy":"product_tag","embeddable":true,"href":"https:\/\/vizomix.hu\/en\/wp-json\/wp\/v2\/product_tag?post=8349"}],"curies":[{"name":"wp","href":"https:\/\/api.w.org\/{rel}","templated":true}]}}