{"id":8340,"date":"2026-04-07T22:23:58","date_gmt":"2026-04-07T20:23:58","guid":{"rendered":"https:\/\/vizomix.hu\/termek\/zara-hosszu-lenvaszon-himzett-limitalt-kiadasu-ruha\/"},"modified":"2026-04-07T22:24:03","modified_gmt":"2026-04-07T20:24:03","slug":"zara-hosszu-lenvaszon-himzett-limitalt-kiadasu-ruha","status":"publish","type":"product","link":"https:\/\/vizomix.hu\/en\/product\/zara-hosszu-lenvaszon-himzett-limitalt-kiadasu-ruha\/","title":{"rendered":"Zara hossz\u00fa lenv\u00e1szon h\u00edmzett limit\u00e1lt kiad\u00e1s\u00fa ruha"},"content":{"rendered":"<p>Zara hossz\u00fa lenv\u00e1szon h\u00edmzett limit\u00e1lt kiad\u00e1s\u00fa ruha<\/p>\n<p>K\u00fcl\u00f6nleges \u00e9s id\u0151t\u00e1ll\u00f3 darab a Zara kollekci\u00f3j\u00e1b\u00f3l: ez a hossz\u00fa, lenv\u00e1szon ruha finom h\u00edmzett r\u00e9szleteivel \u00e9s limit\u00e1lt kiad\u00e1s\u00e1val egyedi, eleg\u00e1ns megjelen\u00e9st biztos\u00edt.<br \/>\nM\u00e9retez\u00e9s: nagyobb m\u00e9ret<br \/>\nMellb\u0151s\u00e9g kiter\u00edtve: 57 cm <\/p>","protected":false},"excerpt":{"rendered":"<p>Zara hossz\u00fa lenv\u00e1szon h\u00edmzett limit\u00e1lt kiad\u00e1s\u00fa ruha K\u00fcl\u00f6nleges \u00e9s id\u0151t\u00e1ll\u00f3 darab a Zara kollekci\u00f3j\u00e1b\u00f3l: ez a hossz\u00fa, lenv\u00e1szon ruha finom<a class=\"read-more\" href=\"https:\/\/vizomix.hu\/en\/product\/zara-hosszu-lenvaszon-himzett-limitalt-kiadasu-ruha\/\">Tov\u00e1bb<\/a><\/p>","protected":false},"featured_media":8335,"comment_status":"open","ping_status":"closed","template":"","meta":[],"product_brand":[76],"product_cat":[33],"product_tag":[],"class_list":{"0":"post-8340","1":"product","2":"type-product","3":"status-publish","4":"has-post-thumbnail","6":"product_brand-zara","7":"product_cat-hosszu-ruhak-midi-ruhak-overalok","9":"first","10":"instock","11":"taxable","12":"shipping-taxable","13":"purchasable","14":"product-type-variable","15":"add-to-wishlist-before_add_to_cart"},"supplier_id":null,"supplier_sku":"","barcode":null,"atum_controlled":true,"out_stock_date":null,"out_stock_threshold":null,"inheritable":false,"inbound_stock":null,"stock_on_hold":null,"sold_today":null,"sales_last_days":null,"reserved_stock":null,"customer_returns":null,"warehouse_damage":null,"lost_in_post":null,"other_logs":null,"out_stock_days":null,"lost_sales":null,"has_location":null,"update_date":"2026-04-07T20:24:04","atum_locations":[],"atum_stock_status":"instock","restock_status":false,"low_stock_amount":"","sales_update_date":null,"calc_backorders":null,"_links":{"self":[{"href":"https:\/\/vizomix.hu\/en\/wp-json\/wp\/v2\/product\/8340","targetHints":{"allow":["GET"]}}],"collection":[{"href":"https:\/\/vizomix.hu\/en\/wp-json\/wp\/v2\/product"}],"about":[{"href":"https:\/\/vizomix.hu\/en\/wp-json\/wp\/v2\/types\/product"}],"replies":[{"embeddable":true,"href":"https:\/\/vizomix.hu\/en\/wp-json\/wp\/v2\/comments?post=8340"}],"wp:featuredmedia":[{"embeddable":true,"href":"https:\/\/vizomix.hu\/en\/wp-json\/wp\/v2\/media\/8335"}],"wp:attachment":[{"href":"https:\/\/vizomix.hu\/en\/wp-json\/wp\/v2\/media?parent=8340"}],"wp:term":[{"taxonomy":"product_brand","embeddable":true,"href":"https:\/\/vizomix.hu\/en\/wp-json\/wp\/v2\/product_brand?post=8340"},{"taxonomy":"product_cat","embeddable":true,"href":"https:\/\/vizomix.hu\/en\/wp-json\/wp\/v2\/product_cat?post=8340"},{"taxonomy":"product_tag","embeddable":true,"href":"https:\/\/vizomix.hu\/en\/wp-json\/wp\/v2\/product_tag?post=8340"}],"curies":[{"name":"wp","href":"https:\/\/api.w.org\/{rel}","templated":true}]}}