{"id":834,"date":"2026-02-10T21:43:52","date_gmt":"2026-02-10T20:43:52","guid":{"rendered":"https:\/\/vizomix.hu\/termek\/zara-hosszu-ruha-7\/"},"modified":"2026-03-23T23:04:53","modified_gmt":"2026-03-23T22:04:53","slug":"zara-hosszu-ruha-7","status":"publish","type":"product","link":"https:\/\/vizomix.hu\/en\/product\/zara-hosszu-ruha-7\/","title":{"rendered":"Zara hossz\u00fa anyag\u00e1ban cs\u00edkos, rugalmas z\u00f6ldes\/sz\u00fcrke ruha"},"content":{"rendered":"<p>Zara hossz\u00fa, anyag\u00e1ban cs\u00edkos rugalmas ruha z\u00f6ldes\/sz\u00fcrke \u00e1rnyalatban<\/p>\n<p>Letisztult \u00e9s k\u00e9nyelmes darab a mindennapokra. Ez a Zara hossz\u00fa ruha anyag\u00e1ban cs\u00edkos mint\u00e1j\u00e1val \u00e9s rugalmas anyag\u00e1val sz\u00e9pen k\u00f6veti az alakot, mik\u00f6zben komfortos viseletet biztos\u00edt.<\/p>\n<p>A z\u00f6ldes\u2013sz\u00fcrke sz\u00ednvil\u00e1g modern \u00e9s k\u00f6nnyen kombin\u00e1lhat\u00f3, a hossz\u00fa fazon pedig eleg\u00e1ns megjelen\u00e9st ad a ruh\u00e1nak. T\u00f6k\u00e9letes v\u00e1laszt\u00e1s h\u00e9tk\u00f6znapi szettekhez vagy egy letisztult, csinos megjelen\u00e9shez.<\/p>","protected":false},"excerpt":{"rendered":"<p>Zara hossz\u00fa, anyag\u00e1ban cs\u00edkos rugalmas ruha z\u00f6ldes\/sz\u00fcrke \u00e1rnyalatban Letisztult \u00e9s k\u00e9nyelmes darab a mindennapokra. Ez a Zara hossz\u00fa ruha anyag\u00e1ban<a class=\"read-more\" href=\"https:\/\/vizomix.hu\/en\/product\/zara-hosszu-ruha-7\/\">Tov\u00e1bb<\/a><\/p>","protected":false},"featured_media":832,"comment_status":"open","ping_status":"closed","template":"","meta":[],"product_brand":[76],"product_cat":[33],"product_tag":[],"class_list":{"0":"post-834","1":"product","2":"type-product","3":"status-publish","4":"has-post-thumbnail","6":"product_brand-zara","7":"product_cat-hosszu-ruhak-midi-ruhak-overalok","9":"first","10":"instock","11":"taxable","12":"shipping-taxable","13":"purchasable","14":"product-type-variable","15":"add-to-wishlist-before_add_to_cart"},"supplier_id":null,"supplier_sku":"","barcode":null,"atum_controlled":true,"out_stock_date":null,"out_stock_threshold":null,"inheritable":false,"inbound_stock":null,"stock_on_hold":0,"sold_today":0,"sales_last_days":0,"reserved_stock":null,"customer_returns":null,"warehouse_damage":null,"lost_in_post":null,"other_logs":null,"out_stock_days":0,"lost_sales":0,"has_location":null,"update_date":"2026-03-23T22:04:55","atum_locations":[],"atum_stock_status":"instock","restock_status":false,"low_stock_amount":"","sales_update_date":"2026-03-17T19:15:19","calc_backorders":null,"_links":{"self":[{"href":"https:\/\/vizomix.hu\/en\/wp-json\/wp\/v2\/product\/834","targetHints":{"allow":["GET"]}}],"collection":[{"href":"https:\/\/vizomix.hu\/en\/wp-json\/wp\/v2\/product"}],"about":[{"href":"https:\/\/vizomix.hu\/en\/wp-json\/wp\/v2\/types\/product"}],"replies":[{"embeddable":true,"href":"https:\/\/vizomix.hu\/en\/wp-json\/wp\/v2\/comments?post=834"}],"wp:featuredmedia":[{"embeddable":true,"href":"https:\/\/vizomix.hu\/en\/wp-json\/wp\/v2\/media\/832"}],"wp:attachment":[{"href":"https:\/\/vizomix.hu\/en\/wp-json\/wp\/v2\/media?parent=834"}],"wp:term":[{"taxonomy":"product_brand","embeddable":true,"href":"https:\/\/vizomix.hu\/en\/wp-json\/wp\/v2\/product_brand?post=834"},{"taxonomy":"product_cat","embeddable":true,"href":"https:\/\/vizomix.hu\/en\/wp-json\/wp\/v2\/product_cat?post=834"},{"taxonomy":"product_tag","embeddable":true,"href":"https:\/\/vizomix.hu\/en\/wp-json\/wp\/v2\/product_tag?post=834"}],"curies":[{"name":"wp","href":"https:\/\/api.w.org\/{rel}","templated":true}]}}