{"id":8312,"date":"2026-04-07T21:59:48","date_gmt":"2026-04-07T19:59:48","guid":{"rendered":"https:\/\/vizomix.hu\/termek\/zara-vilagoskek-100-pamut-farmerszoknya\/"},"modified":"2026-04-07T21:59:50","modified_gmt":"2026-04-07T19:59:50","slug":"zara-vilagoskek-100-pamut-farmerszoknya","status":"publish","type":"product","link":"https:\/\/vizomix.hu\/en\/product\/zara-vilagoskek-100-pamut-farmerszoknya\/","title":{"rendered":"Zara vil\u00e1gosk\u00e9k 100% pamut farmerszoknya"},"content":{"rendered":"<p>Zara vil\u00e1gosk\u00e9k 100% pamut farmerszoknya<\/p>\n<p>K\u00e9nyelmes \u00e9s term\u00e9szetes viselet a Zara kollekci\u00f3j\u00e1b\u00f3l: ez a vil\u00e1gosk\u00e9k, 100% pamut farmerszoknya l\u00e9g\u00e1tereszt\u0151 anyag\u00e1nak k\u00f6sz\u00f6nhet\u0151en ide\u00e1lis v\u00e1laszt\u00e1s a mindennapokra, mik\u00f6zben st\u00edlusos \u00e9s k\u00f6nnyen kombin\u00e1lhat\u00f3 darab.<br \/>\nM\u00e9retez\u00e9s: kisebb m\u00e9ret<br \/>\nDer\u00e9kb\u0151s\u00e9g kiter\u00edtve: 35 cm<\/p>","protected":false},"excerpt":{"rendered":"<p>Zara vil\u00e1gosk\u00e9k 100% pamut farmerszoknya K\u00e9nyelmes \u00e9s term\u00e9szetes viselet a Zara kollekci\u00f3j\u00e1b\u00f3l: ez a vil\u00e1gosk\u00e9k, 100% pamut farmerszoknya l\u00e9g\u00e1tereszt\u0151 anyag\u00e1nak<a class=\"read-more\" href=\"https:\/\/vizomix.hu\/en\/product\/zara-vilagoskek-100-pamut-farmerszoknya\/\">Tov\u00e1bb<\/a><\/p>","protected":false},"featured_media":8308,"comment_status":"open","ping_status":"closed","template":"","meta":[],"product_brand":[76],"product_cat":[28],"product_tag":[],"class_list":{"0":"post-8312","1":"product","2":"type-product","3":"status-publish","4":"has-post-thumbnail","6":"product_brand-zara","7":"product_cat-szoknyak-skortok","9":"first","10":"instock","11":"taxable","12":"shipping-taxable","13":"purchasable","14":"product-type-variable","15":"add-to-wishlist-before_add_to_cart"},"supplier_id":null,"supplier_sku":"","barcode":null,"atum_controlled":true,"out_stock_date":null,"out_stock_threshold":null,"inheritable":false,"inbound_stock":null,"stock_on_hold":null,"sold_today":null,"sales_last_days":null,"reserved_stock":null,"customer_returns":null,"warehouse_damage":null,"lost_in_post":null,"other_logs":null,"out_stock_days":null,"lost_sales":null,"has_location":null,"update_date":"2026-04-07T19:59:51","atum_locations":[],"atum_stock_status":"instock","restock_status":false,"low_stock_amount":"","sales_update_date":null,"calc_backorders":null,"_links":{"self":[{"href":"https:\/\/vizomix.hu\/en\/wp-json\/wp\/v2\/product\/8312","targetHints":{"allow":["GET"]}}],"collection":[{"href":"https:\/\/vizomix.hu\/en\/wp-json\/wp\/v2\/product"}],"about":[{"href":"https:\/\/vizomix.hu\/en\/wp-json\/wp\/v2\/types\/product"}],"replies":[{"embeddable":true,"href":"https:\/\/vizomix.hu\/en\/wp-json\/wp\/v2\/comments?post=8312"}],"wp:featuredmedia":[{"embeddable":true,"href":"https:\/\/vizomix.hu\/en\/wp-json\/wp\/v2\/media\/8308"}],"wp:attachment":[{"href":"https:\/\/vizomix.hu\/en\/wp-json\/wp\/v2\/media?parent=8312"}],"wp:term":[{"taxonomy":"product_brand","embeddable":true,"href":"https:\/\/vizomix.hu\/en\/wp-json\/wp\/v2\/product_brand?post=8312"},{"taxonomy":"product_cat","embeddable":true,"href":"https:\/\/vizomix.hu\/en\/wp-json\/wp\/v2\/product_cat?post=8312"},{"taxonomy":"product_tag","embeddable":true,"href":"https:\/\/vizomix.hu\/en\/wp-json\/wp\/v2\/product_tag?post=8312"}],"curies":[{"name":"wp","href":"https:\/\/api.w.org\/{rel}","templated":true}]}}