{"id":8306,"date":"2026-04-07T21:52:15","date_gmt":"2026-04-07T19:52:15","guid":{"rendered":"https:\/\/vizomix.hu\/termek\/zara-bordo-mintas-rovid-csinos-ruha\/"},"modified":"2026-04-07T21:52:18","modified_gmt":"2026-04-07T19:52:18","slug":"zara-bordo-mintas-rovid-csinos-ruha","status":"publish","type":"product","link":"https:\/\/vizomix.hu\/en\/product\/zara-bordo-mintas-rovid-csinos-ruha\/","title":{"rendered":"Zara bord\u00f3 mint\u00e1s r\u00f6vid csinos ruha"},"content":{"rendered":"<p>Zara bord\u00f3 mint\u00e1s r\u00f6vid csinos ruha<\/p>\n<p>N\u0151ies \u00e9s st\u00edlusos darab a Zara k\u00edn\u00e1lat\u00e1b\u00f3l: ez a bord\u00f3, mint\u00e1s r\u00f6vid ruha eleg\u00e1ns megjelen\u00e9st \u00e9s k\u00e9nyelmes viseletet biztos\u00edt, t\u00f6k\u00e9letes v\u00e1laszt\u00e1s h\u00e9tk\u00f6znapokra \u00e9s alkalmakra egyar\u00e1nt.<br \/>\nDer\u00e9k r\u00e9sze \u00e9s a k\u00e9z r\u00e9szen tal\u00e1lhat\u00f3 passz\u00e9 gumis kialak\u00edt\u00e1ssal.<br \/>\nM\u00e9retez\u00e9s: m\u00e9reth\u0171 <\/p>","protected":false},"excerpt":{"rendered":"<p>Zara bord\u00f3 mint\u00e1s r\u00f6vid csinos ruha N\u0151ies \u00e9s st\u00edlusos darab a Zara k\u00edn\u00e1lat\u00e1b\u00f3l: ez a bord\u00f3, mint\u00e1s r\u00f6vid ruha eleg\u00e1ns<a class=\"read-more\" href=\"https:\/\/vizomix.hu\/en\/product\/zara-bordo-mintas-rovid-csinos-ruha\/\">Tov\u00e1bb<\/a><\/p>","protected":false},"featured_media":8303,"comment_status":"open","ping_status":"closed","template":"","meta":[],"product_brand":[76],"product_cat":[34],"product_tag":[],"class_list":{"0":"post-8306","1":"product","2":"type-product","3":"status-publish","4":"has-post-thumbnail","6":"product_brand-zara","7":"product_cat-rovid-ruhak-overalok","9":"first","10":"instock","11":"taxable","12":"shipping-taxable","13":"purchasable","14":"product-type-variable","15":"add-to-wishlist-before_add_to_cart"},"supplier_id":null,"supplier_sku":"","barcode":null,"atum_controlled":true,"out_stock_date":null,"out_stock_threshold":null,"inheritable":false,"inbound_stock":null,"stock_on_hold":null,"sold_today":null,"sales_last_days":null,"reserved_stock":null,"customer_returns":null,"warehouse_damage":null,"lost_in_post":null,"other_logs":null,"out_stock_days":null,"lost_sales":null,"has_location":null,"update_date":"2026-04-07T19:52:19","atum_locations":[],"atum_stock_status":"instock","restock_status":false,"low_stock_amount":"","sales_update_date":null,"calc_backorders":null,"_links":{"self":[{"href":"https:\/\/vizomix.hu\/en\/wp-json\/wp\/v2\/product\/8306","targetHints":{"allow":["GET"]}}],"collection":[{"href":"https:\/\/vizomix.hu\/en\/wp-json\/wp\/v2\/product"}],"about":[{"href":"https:\/\/vizomix.hu\/en\/wp-json\/wp\/v2\/types\/product"}],"replies":[{"embeddable":true,"href":"https:\/\/vizomix.hu\/en\/wp-json\/wp\/v2\/comments?post=8306"}],"wp:featuredmedia":[{"embeddable":true,"href":"https:\/\/vizomix.hu\/en\/wp-json\/wp\/v2\/media\/8303"}],"wp:attachment":[{"href":"https:\/\/vizomix.hu\/en\/wp-json\/wp\/v2\/media?parent=8306"}],"wp:term":[{"taxonomy":"product_brand","embeddable":true,"href":"https:\/\/vizomix.hu\/en\/wp-json\/wp\/v2\/product_brand?post=8306"},{"taxonomy":"product_cat","embeddable":true,"href":"https:\/\/vizomix.hu\/en\/wp-json\/wp\/v2\/product_cat?post=8306"},{"taxonomy":"product_tag","embeddable":true,"href":"https:\/\/vizomix.hu\/en\/wp-json\/wp\/v2\/product_tag?post=8306"}],"curies":[{"name":"wp","href":"https:\/\/api.w.org\/{rel}","templated":true}]}}