{"id":829,"date":"2026-02-10T21:41:40","date_gmt":"2026-02-10T20:41:40","guid":{"rendered":"https:\/\/vizomix.hu\/termek\/zara-ingruha\/"},"modified":"2026-03-18T13:21:44","modified_gmt":"2026-03-18T12:21:44","slug":"zara-ingruha","status":"publish","type":"product","link":"https:\/\/vizomix.hu\/en\/product\/zara-ingruha\/","title":{"rendered":"Zara fekete ingruha ez\u00fcst gombokkal, \u00f6vvel"},"content":{"rendered":"<p>Zara fekete ingruha ez\u00fcst gombokkal, \u00f6vvel<\/p>\n<p>Eleg\u00e1ns \u00e9s id\u0151t\u00e1ll\u00f3 darab, amely egyszerre n\u0151ies \u00e9s letisztult. Ez a Zara fekete ingruha klasszikus gall\u00e9ros kialak\u00edt\u00e1s\u00e1val \u00e9s kifinomult szab\u00e1s\u00e1val st\u00edlusos megjelen\u00e9st biztos\u00edt.<\/p>\n<p>Az ez\u00fcst gombok karakteres, m\u00e9gis eleg\u00e1ns r\u00e9szletk\u00e9nt emelik ki a ruh\u00e1t, m\u00edg az \u00f6v seg\u00edts\u00e9g\u00e9vel der\u00e9kban sz\u00e9pen alak\u00edthat\u00f3. T\u00f6k\u00e9letes v\u00e1laszt\u00e1s irodai viselethez, alkalmi megjelen\u00e9shez vagy eleg\u00e1ns h\u00e9tk\u00f6znapokra is.<\/p>","protected":false},"excerpt":{"rendered":"<p>Zara fekete ingruha ez\u00fcst gombokkal, \u00f6vvel Eleg\u00e1ns \u00e9s id\u0151t\u00e1ll\u00f3 darab, amely egyszerre n\u0151ies \u00e9s letisztult. Ez a Zara fekete ingruha<a class=\"read-more\" href=\"https:\/\/vizomix.hu\/en\/product\/zara-ingruha\/\">Tov\u00e1bb<\/a><\/p>","protected":false},"featured_media":827,"comment_status":"open","ping_status":"closed","template":"","meta":[],"product_brand":[76],"product_cat":[34],"product_tag":[],"class_list":{"0":"post-829","1":"product","2":"type-product","3":"status-publish","4":"has-post-thumbnail","6":"product_brand-zara","7":"product_cat-rovid-ruhak-overalok","9":"first","10":"instock","11":"taxable","12":"shipping-taxable","13":"purchasable","14":"product-type-variable","15":"add-to-wishlist-before_add_to_cart"},"supplier_id":null,"supplier_sku":"","barcode":null,"atum_controlled":true,"out_stock_date":null,"out_stock_threshold":null,"inheritable":false,"inbound_stock":null,"stock_on_hold":0,"sold_today":0,"sales_last_days":0,"reserved_stock":null,"customer_returns":null,"warehouse_damage":null,"lost_in_post":null,"other_logs":null,"out_stock_days":0,"lost_sales":0,"has_location":null,"update_date":"2026-03-18T12:21:45","atum_locations":[],"atum_stock_status":"instock","restock_status":false,"low_stock_amount":"","sales_update_date":"2026-03-17T19:15:19","calc_backorders":null,"_links":{"self":[{"href":"https:\/\/vizomix.hu\/en\/wp-json\/wp\/v2\/product\/829","targetHints":{"allow":["GET"]}}],"collection":[{"href":"https:\/\/vizomix.hu\/en\/wp-json\/wp\/v2\/product"}],"about":[{"href":"https:\/\/vizomix.hu\/en\/wp-json\/wp\/v2\/types\/product"}],"replies":[{"embeddable":true,"href":"https:\/\/vizomix.hu\/en\/wp-json\/wp\/v2\/comments?post=829"}],"wp:featuredmedia":[{"embeddable":true,"href":"https:\/\/vizomix.hu\/en\/wp-json\/wp\/v2\/media\/827"}],"wp:attachment":[{"href":"https:\/\/vizomix.hu\/en\/wp-json\/wp\/v2\/media?parent=829"}],"wp:term":[{"taxonomy":"product_brand","embeddable":true,"href":"https:\/\/vizomix.hu\/en\/wp-json\/wp\/v2\/product_brand?post=829"},{"taxonomy":"product_cat","embeddable":true,"href":"https:\/\/vizomix.hu\/en\/wp-json\/wp\/v2\/product_cat?post=829"},{"taxonomy":"product_tag","embeddable":true,"href":"https:\/\/vizomix.hu\/en\/wp-json\/wp\/v2\/product_tag?post=829"}],"curies":[{"name":"wp","href":"https:\/\/api.w.org\/{rel}","templated":true}]}}