{"id":825,"date":"2026-02-10T21:39:47","date_gmt":"2026-02-10T20:39:47","guid":{"rendered":"https:\/\/vizomix.hu\/termek\/zara-rovid-ruha-5\/"},"modified":"2026-03-18T13:22:05","modified_gmt":"2026-03-18T12:22:05","slug":"zara-rovid-ruha-5","status":"publish","type":"product","link":"https:\/\/vizomix.hu\/en\/product\/zara-rovid-ruha-5\/","title":{"rendered":"Zara feh\u00e9r szat\u00e9n r\u00f6vid ruha"},"content":{"rendered":"<p>Zara feh\u00e9r szat\u00e9n r\u00f6vid ruha, oldals\u00f3 gombokkal<\/p>\n<p>Eleg\u00e1ns \u00e9s n\u0151ies darab, amely letisztult megjelen\u00e9st biztos\u00edt. Ez a Zara feh\u00e9r, szat\u00e9n anyag\u00fa r\u00f6vid ruha finom f\u00e9ny\u00e9vel \u00e9s k\u00f6nnyed es\u00e9s\u00e9vel kifinomult hat\u00e1st kelt.<\/p>\n<p>Az oldals\u00f3 gombok k\u00fcl\u00f6nleges, dekorat\u00edv r\u00e9szletk\u00e9nt teszik egyediv\u00e9 a fazont, mik\u00f6zben hangs\u00falyozz\u00e1k a ruha eleg\u00e1ns vonalvezet\u00e9s\u00e9t. T\u00f6k\u00e9letes v\u00e1laszt\u00e1s alkalmi esem\u00e9nyekre, ny\u00e1ri est\u00e9kre vagy csinos megjelen\u00e9shez.<\/p>","protected":false},"excerpt":{"rendered":"<p>Zara feh\u00e9r szat\u00e9n r\u00f6vid ruha, oldals\u00f3 gombokkal Eleg\u00e1ns \u00e9s n\u0151ies darab, amely letisztult megjelen\u00e9st biztos\u00edt. Ez a Zara feh\u00e9r, szat\u00e9n<a class=\"read-more\" href=\"https:\/\/vizomix.hu\/en\/product\/zara-rovid-ruha-5\/\">Tov\u00e1bb<\/a><\/p>","protected":false},"featured_media":823,"comment_status":"open","ping_status":"closed","template":"","meta":[],"product_brand":[76],"product_cat":[34],"product_tag":[],"class_list":{"0":"post-825","1":"product","2":"type-product","3":"status-publish","4":"has-post-thumbnail","6":"product_brand-zara","7":"product_cat-rovid-ruhak-overalok","9":"first","10":"instock","11":"taxable","12":"shipping-taxable","13":"purchasable","14":"product-type-variable","15":"add-to-wishlist-before_add_to_cart"},"supplier_id":null,"supplier_sku":"","barcode":null,"atum_controlled":true,"out_stock_date":null,"out_stock_threshold":null,"inheritable":false,"inbound_stock":null,"stock_on_hold":0,"sold_today":0,"sales_last_days":0,"reserved_stock":null,"customer_returns":null,"warehouse_damage":null,"lost_in_post":null,"other_logs":null,"out_stock_days":0,"lost_sales":0,"has_location":null,"update_date":"2026-03-18T12:22:07","atum_locations":[],"atum_stock_status":"instock","restock_status":false,"low_stock_amount":"","sales_update_date":"2026-03-17T19:15:19","calc_backorders":null,"_links":{"self":[{"href":"https:\/\/vizomix.hu\/en\/wp-json\/wp\/v2\/product\/825","targetHints":{"allow":["GET"]}}],"collection":[{"href":"https:\/\/vizomix.hu\/en\/wp-json\/wp\/v2\/product"}],"about":[{"href":"https:\/\/vizomix.hu\/en\/wp-json\/wp\/v2\/types\/product"}],"replies":[{"embeddable":true,"href":"https:\/\/vizomix.hu\/en\/wp-json\/wp\/v2\/comments?post=825"}],"wp:featuredmedia":[{"embeddable":true,"href":"https:\/\/vizomix.hu\/en\/wp-json\/wp\/v2\/media\/823"}],"wp:attachment":[{"href":"https:\/\/vizomix.hu\/en\/wp-json\/wp\/v2\/media?parent=825"}],"wp:term":[{"taxonomy":"product_brand","embeddable":true,"href":"https:\/\/vizomix.hu\/en\/wp-json\/wp\/v2\/product_brand?post=825"},{"taxonomy":"product_cat","embeddable":true,"href":"https:\/\/vizomix.hu\/en\/wp-json\/wp\/v2\/product_cat?post=825"},{"taxonomy":"product_tag","embeddable":true,"href":"https:\/\/vizomix.hu\/en\/wp-json\/wp\/v2\/product_tag?post=825"}],"curies":[{"name":"wp","href":"https:\/\/api.w.org\/{rel}","templated":true}]}}