{"id":8244,"date":"2026-04-07T20:37:44","date_gmt":"2026-04-07T18:37:44","guid":{"rendered":"https:\/\/vizomix.hu\/termek\/nike-air-max-react-kek-fekete-noi-sportcipo\/"},"modified":"2026-04-07T21:48:25","modified_gmt":"2026-04-07T19:48:25","slug":"nike-air-max-react-kek-fekete-noi-sportcipo","status":"publish","type":"product","link":"https:\/\/vizomix.hu\/en\/product\/nike-air-max-react-kek-fekete-noi-sportcipo\/","title":{"rendered":"Nike Air Max 270 React k\u00e9k fekete n\u0151i sportcip\u0151"},"content":{"rendered":"<p>Nike Air Max 270 React n\u0151i sportcip\u0151<\/p>\n<p>St\u00edlusos \u00e9s k\u00e9nyelmes Nike Air Max 270 React n\u0151i sportcip\u0151 modern, sportos kialak\u00edt\u00e1ssal. A k\u00f6nny\u0171 React habszivacs talp kiv\u00e1l\u00f3 p\u00e1rn\u00e1z\u00e1st \u00e9s energia-visszaad\u00e1st biztos\u00edt, \u00edgy ide\u00e1lis v\u00e1laszt\u00e1s mindennapi viselethez vagy akt\u00edv napokra.<\/p>\n<p>A l\u00e9gp\u00e1rn\u00e1s Air Max talp \u00e9s a l\u00e9g\u00e1tereszt\u0151 fels\u0151r\u00e9sz extra komfortot ny\u00fajt, mik\u00f6zben divatos megjelen\u00e9st ad a szettednek.<br \/>\nSzin: k\u00e9k, fekete, piros<br \/>\nM\u00e9retez\u00e9s:<br \/>\n37,5 -&gt; Bth: 23,5 cm<br \/>\n39 -&gt; Bth: 25 cm<\/p>","protected":false},"excerpt":{"rendered":"<p>Nike Air Max 270 React n\u0151i sportcip\u0151 St\u00edlusos \u00e9s k\u00e9nyelmes Nike Air Max 270 React n\u0151i sportcip\u0151 modern, sportos kialak\u00edt\u00e1ssal.<a class=\"read-more\" href=\"https:\/\/vizomix.hu\/en\/product\/nike-air-max-react-kek-fekete-noi-sportcipo\/\">Tov\u00e1bb<\/a><\/p>","protected":false},"featured_media":8291,"comment_status":"open","ping_status":"closed","template":"","meta":[],"product_brand":[82],"product_cat":[48],"product_tag":[],"class_list":{"0":"post-8244","1":"product","2":"type-product","3":"status-publish","4":"has-post-thumbnail","6":"product_brand-nike","7":"product_cat-cipok-sport-cipok-egyeb-cipok","9":"first","10":"instock","11":"taxable","12":"shipping-taxable","13":"purchasable","14":"product-type-variable","15":"add-to-wishlist-before_add_to_cart"},"supplier_id":null,"supplier_sku":"","barcode":null,"atum_controlled":true,"out_stock_date":null,"out_stock_threshold":null,"inheritable":false,"inbound_stock":null,"stock_on_hold":null,"sold_today":null,"sales_last_days":null,"reserved_stock":null,"customer_returns":null,"warehouse_damage":null,"lost_in_post":null,"other_logs":null,"out_stock_days":null,"lost_sales":null,"has_location":null,"update_date":"2026-04-07T19:48:25","atum_locations":[],"atum_stock_status":"instock","restock_status":false,"low_stock_amount":"","sales_update_date":null,"calc_backorders":null,"_links":{"self":[{"href":"https:\/\/vizomix.hu\/en\/wp-json\/wp\/v2\/product\/8244","targetHints":{"allow":["GET"]}}],"collection":[{"href":"https:\/\/vizomix.hu\/en\/wp-json\/wp\/v2\/product"}],"about":[{"href":"https:\/\/vizomix.hu\/en\/wp-json\/wp\/v2\/types\/product"}],"replies":[{"embeddable":true,"href":"https:\/\/vizomix.hu\/en\/wp-json\/wp\/v2\/comments?post=8244"}],"wp:featuredmedia":[{"embeddable":true,"href":"https:\/\/vizomix.hu\/en\/wp-json\/wp\/v2\/media\/8291"}],"wp:attachment":[{"href":"https:\/\/vizomix.hu\/en\/wp-json\/wp\/v2\/media?parent=8244"}],"wp:term":[{"taxonomy":"product_brand","embeddable":true,"href":"https:\/\/vizomix.hu\/en\/wp-json\/wp\/v2\/product_brand?post=8244"},{"taxonomy":"product_cat","embeddable":true,"href":"https:\/\/vizomix.hu\/en\/wp-json\/wp\/v2\/product_cat?post=8244"},{"taxonomy":"product_tag","embeddable":true,"href":"https:\/\/vizomix.hu\/en\/wp-json\/wp\/v2\/product_tag?post=8244"}],"curies":[{"name":"wp","href":"https:\/\/api.w.org\/{rel}","templated":true}]}}