{"id":8221,"date":"2026-04-04T19:50:57","date_gmt":"2026-04-04T17:50:57","guid":{"rendered":"https:\/\/vizomix.hu\/termek\/zara-khaki-fodros-ruha-szegecsekkel\/"},"modified":"2026-04-04T19:51:02","modified_gmt":"2026-04-04T17:51:02","slug":"zara-khaki-fodros-ruha-szegecsekkel","status":"publish","type":"product","link":"https:\/\/vizomix.hu\/en\/product\/zara-khaki-fodros-ruha-szegecsekkel\/","title":{"rendered":"Zara khaki fodros ruha szegecsekkel"},"content":{"rendered":"<p>Zara khaki fodros ruha szegecsekkel<\/p>\n<p>St\u00edlusos \u00e9s karakteres v\u00e1laszt\u00e1s a Zara kollekci\u00f3j\u00e1b\u00f3l: ez a khaki sz\u00edn\u0171, fodros ruha k\u00fcl\u00f6nleges szegecses r\u00e9szleteivel egyszerre n\u0151ies \u00e9s vag\u00e1ny megjelen\u00e9st biztos\u00edt. T\u00f6k\u00e9letes h\u00e9tk\u00f6znapokra vagy alkalmi viselethez is.<br \/>\nM\u00e9retez\u00e9s: m\u00e9reth\u0171<\/p>","protected":false},"excerpt":{"rendered":"<p>Zara khaki fodros ruha szegecsekkel St\u00edlusos \u00e9s karakteres v\u00e1laszt\u00e1s a Zara kollekci\u00f3j\u00e1b\u00f3l: ez a khaki sz\u00edn\u0171, fodros ruha k\u00fcl\u00f6nleges szegecses<a class=\"read-more\" href=\"https:\/\/vizomix.hu\/en\/product\/zara-khaki-fodros-ruha-szegecsekkel\/\">Tov\u00e1bb<\/a><\/p>","protected":false},"featured_media":8217,"comment_status":"open","ping_status":"closed","template":"","meta":[],"product_brand":[76],"product_cat":[34],"product_tag":[],"class_list":{"0":"post-8221","1":"product","2":"type-product","3":"status-publish","4":"has-post-thumbnail","6":"product_brand-zara","7":"product_cat-rovid-ruhak-overalok","9":"first","10":"instock","11":"taxable","12":"shipping-taxable","13":"purchasable","14":"product-type-variable","15":"add-to-wishlist-before_add_to_cart"},"supplier_id":null,"supplier_sku":"","barcode":null,"atum_controlled":true,"out_stock_date":null,"out_stock_threshold":null,"inheritable":false,"inbound_stock":null,"stock_on_hold":null,"sold_today":null,"sales_last_days":null,"reserved_stock":null,"customer_returns":null,"warehouse_damage":null,"lost_in_post":null,"other_logs":null,"out_stock_days":null,"lost_sales":null,"has_location":null,"update_date":"2026-04-04T17:51:04","atum_locations":[],"atum_stock_status":"instock","restock_status":false,"low_stock_amount":"","sales_update_date":null,"calc_backorders":null,"_links":{"self":[{"href":"https:\/\/vizomix.hu\/en\/wp-json\/wp\/v2\/product\/8221","targetHints":{"allow":["GET"]}}],"collection":[{"href":"https:\/\/vizomix.hu\/en\/wp-json\/wp\/v2\/product"}],"about":[{"href":"https:\/\/vizomix.hu\/en\/wp-json\/wp\/v2\/types\/product"}],"replies":[{"embeddable":true,"href":"https:\/\/vizomix.hu\/en\/wp-json\/wp\/v2\/comments?post=8221"}],"wp:featuredmedia":[{"embeddable":true,"href":"https:\/\/vizomix.hu\/en\/wp-json\/wp\/v2\/media\/8217"}],"wp:attachment":[{"href":"https:\/\/vizomix.hu\/en\/wp-json\/wp\/v2\/media?parent=8221"}],"wp:term":[{"taxonomy":"product_brand","embeddable":true,"href":"https:\/\/vizomix.hu\/en\/wp-json\/wp\/v2\/product_brand?post=8221"},{"taxonomy":"product_cat","embeddable":true,"href":"https:\/\/vizomix.hu\/en\/wp-json\/wp\/v2\/product_cat?post=8221"},{"taxonomy":"product_tag","embeddable":true,"href":"https:\/\/vizomix.hu\/en\/wp-json\/wp\/v2\/product_tag?post=8221"}],"curies":[{"name":"wp","href":"https:\/\/api.w.org\/{rel}","templated":true}]}}