{"id":8215,"date":"2026-04-04T19:28:34","date_gmt":"2026-04-04T17:28:34","guid":{"rendered":"https:\/\/vizomix.hu\/termek\/zara-kiralykek-hosszu-elegans-egyenes-szaru-nadrag-oldalso-cipzarral\/"},"modified":"2026-04-04T19:28:38","modified_gmt":"2026-04-04T17:28:38","slug":"zara-kiralykek-hosszu-elegans-egyenes-szaru-nadrag-oldalso-cipzarral","status":"publish","type":"product","link":"https:\/\/vizomix.hu\/en\/product\/zara-kiralykek-hosszu-elegans-egyenes-szaru-nadrag-oldalso-cipzarral\/","title":{"rendered":"Zara kir\u00e1lyk\u00e9k hossz\u00fa eleg\u00e1ns egyenes sz\u00e1r\u00fa nadr\u00e1g \u2013 oldals\u00f3 cipz\u00e1rral"},"content":{"rendered":"<p>Zara kir\u00e1lyk\u00e9k hossz\u00fa eleg\u00e1ns egyenes sz\u00e1r\u00fa nadr\u00e1g \u2013 oldals\u00f3 cipz\u00e1rral<\/p>\n<p>Emeld \u00faj szintre a megjelen\u00e9sed ezzel a kifinomult, kir\u00e1lyk\u00e9k nadr\u00e1ggal a Zara k\u00edn\u00e1lat\u00e1b\u00f3l! Az egyenes sz\u00e1r\u00fa szab\u00e1s eleg\u00e1ns vonalvezet\u00e9st biztos\u00edt, m\u00edg az oldals\u00f3 cipz\u00e1r letisztult, modern megjelen\u00e9st k\u00f6lcs\u00f6n\u00f6z.<br \/>\nViseld bl\u00e9zerrel \u00e9s magassark\u00faval az eleg\u00e1ns \u00fczleti megjelen\u00e9s\u00e9rt, vagy kombin\u00e1ld egyszer\u0171 toppal \u00e9s sportcip\u0151vel a modern, laza st\u00edlus\u00e9rt.<\/p>\n<p>M\u00e9retez\u00e9s: nagyobb m\u00e9ret<br \/>\nDer\u00e9kb\u0151s\u00e9g: 84 cm k\u00f6rben<\/p>","protected":false},"excerpt":{"rendered":"<p>Zara kir\u00e1lyk\u00e9k hossz\u00fa eleg\u00e1ns egyenes sz\u00e1r\u00fa nadr\u00e1g \u2013 oldals\u00f3 cipz\u00e1rral Emeld \u00faj szintre a megjelen\u00e9sed ezzel a kifinomult, kir\u00e1lyk\u00e9k nadr\u00e1ggal<a class=\"read-more\" href=\"https:\/\/vizomix.hu\/en\/product\/zara-kiralykek-hosszu-elegans-egyenes-szaru-nadrag-oldalso-cipzarral\/\">Tov\u00e1bb<\/a><\/p>","protected":false},"featured_media":8210,"comment_status":"open","ping_status":"closed","template":"","meta":[],"product_brand":[76],"product_cat":[41],"product_tag":[],"class_list":{"0":"post-8215","1":"product","2":"type-product","3":"status-publish","4":"has-post-thumbnail","6":"product_brand-zara","7":"product_cat-hosszu-nadragok","9":"first","10":"instock","11":"taxable","12":"shipping-taxable","13":"purchasable","14":"product-type-variable","15":"add-to-wishlist-before_add_to_cart"},"supplier_id":null,"supplier_sku":"","barcode":null,"atum_controlled":true,"out_stock_date":null,"out_stock_threshold":null,"inheritable":false,"inbound_stock":null,"stock_on_hold":null,"sold_today":null,"sales_last_days":null,"reserved_stock":null,"customer_returns":null,"warehouse_damage":null,"lost_in_post":null,"other_logs":null,"out_stock_days":null,"lost_sales":null,"has_location":null,"update_date":"2026-04-04T17:28:40","atum_locations":[],"atum_stock_status":"instock","restock_status":false,"low_stock_amount":"","sales_update_date":null,"calc_backorders":null,"_links":{"self":[{"href":"https:\/\/vizomix.hu\/en\/wp-json\/wp\/v2\/product\/8215","targetHints":{"allow":["GET"]}}],"collection":[{"href":"https:\/\/vizomix.hu\/en\/wp-json\/wp\/v2\/product"}],"about":[{"href":"https:\/\/vizomix.hu\/en\/wp-json\/wp\/v2\/types\/product"}],"replies":[{"embeddable":true,"href":"https:\/\/vizomix.hu\/en\/wp-json\/wp\/v2\/comments?post=8215"}],"wp:featuredmedia":[{"embeddable":true,"href":"https:\/\/vizomix.hu\/en\/wp-json\/wp\/v2\/media\/8210"}],"wp:attachment":[{"href":"https:\/\/vizomix.hu\/en\/wp-json\/wp\/v2\/media?parent=8215"}],"wp:term":[{"taxonomy":"product_brand","embeddable":true,"href":"https:\/\/vizomix.hu\/en\/wp-json\/wp\/v2\/product_brand?post=8215"},{"taxonomy":"product_cat","embeddable":true,"href":"https:\/\/vizomix.hu\/en\/wp-json\/wp\/v2\/product_cat?post=8215"},{"taxonomy":"product_tag","embeddable":true,"href":"https:\/\/vizomix.hu\/en\/wp-json\/wp\/v2\/product_tag?post=8215"}],"curies":[{"name":"wp","href":"https:\/\/api.w.org\/{rel}","templated":true}]}}