{"id":821,"date":"2026-02-10T21:38:05","date_gmt":"2026-02-10T20:38:05","guid":{"rendered":"https:\/\/vizomix.hu\/termek\/zara-rovid-ruha-4\/"},"modified":"2026-03-18T13:22:05","modified_gmt":"2026-03-18T12:22:05","slug":"zara-rovid-ruha-4","status":"publish","type":"product","link":"https:\/\/vizomix.hu\/en\/product\/zara-rovid-ruha-4\/","title":{"rendered":"Zara fekete p\u00e1ntos fodros r\u00f6vid ruha"},"content":{"rendered":"<p>Zara fekete p\u00e1ntos fodros r\u00f6vid ruha, gumis mellr\u00e9sszel<\/p>\n<p>N\u0151ies \u00e9s k\u00f6nnyed darab a ny\u00e1ri napokra. Ez a Zara fekete, p\u00e1ntos r\u00f6vid ruha fodros kialak\u00edt\u00e1s\u00e1val j\u00e1t\u00e9kos, m\u00e9gis eleg\u00e1ns megjelen\u00e9st biztos\u00edt.<\/p>\n<p>A gumis mellr\u00e9sz k\u00e9nyelmes illeszked\u00e9st ad \u00e9s sz\u00e9pen k\u00f6veti az alakot, mik\u00f6zben a p\u00e1ntos fazon \u00e9s a fodrok l\u00e9gies hat\u00e1st keltenek. T\u00f6k\u00e9letes v\u00e1laszt\u00e1s ny\u00e1ri s\u00e9t\u00e1khoz, esti programokhoz vagy egy csinosabb alkalomra is.<\/p>","protected":false},"excerpt":{"rendered":"<p>Zara fekete p\u00e1ntos fodros r\u00f6vid ruha, gumis mellr\u00e9sszel N\u0151ies \u00e9s k\u00f6nnyed darab a ny\u00e1ri napokra. Ez a Zara fekete, p\u00e1ntos<a class=\"read-more\" href=\"https:\/\/vizomix.hu\/en\/product\/zara-rovid-ruha-4\/\">Tov\u00e1bb<\/a><\/p>","protected":false},"featured_media":820,"comment_status":"open","ping_status":"closed","template":"","meta":[],"product_brand":[76],"product_cat":[34],"product_tag":[],"class_list":{"0":"post-821","1":"product","2":"type-product","3":"status-publish","4":"has-post-thumbnail","6":"product_brand-zara","7":"product_cat-rovid-ruhak-overalok","9":"first","10":"instock","11":"taxable","12":"shipping-taxable","13":"purchasable","14":"product-type-variable","15":"add-to-wishlist-before_add_to_cart"},"supplier_id":null,"supplier_sku":"","barcode":null,"atum_controlled":true,"out_stock_date":null,"out_stock_threshold":null,"inheritable":false,"inbound_stock":null,"stock_on_hold":0,"sold_today":0,"sales_last_days":0,"reserved_stock":null,"customer_returns":null,"warehouse_damage":null,"lost_in_post":null,"other_logs":null,"out_stock_days":0,"lost_sales":0,"has_location":null,"update_date":"2026-03-18T12:22:07","atum_locations":[],"atum_stock_status":"instock","restock_status":false,"low_stock_amount":"","sales_update_date":"2026-03-17T19:15:19","calc_backorders":null,"_links":{"self":[{"href":"https:\/\/vizomix.hu\/en\/wp-json\/wp\/v2\/product\/821","targetHints":{"allow":["GET"]}}],"collection":[{"href":"https:\/\/vizomix.hu\/en\/wp-json\/wp\/v2\/product"}],"about":[{"href":"https:\/\/vizomix.hu\/en\/wp-json\/wp\/v2\/types\/product"}],"replies":[{"embeddable":true,"href":"https:\/\/vizomix.hu\/en\/wp-json\/wp\/v2\/comments?post=821"}],"wp:featuredmedia":[{"embeddable":true,"href":"https:\/\/vizomix.hu\/en\/wp-json\/wp\/v2\/media\/820"}],"wp:attachment":[{"href":"https:\/\/vizomix.hu\/en\/wp-json\/wp\/v2\/media?parent=821"}],"wp:term":[{"taxonomy":"product_brand","embeddable":true,"href":"https:\/\/vizomix.hu\/en\/wp-json\/wp\/v2\/product_brand?post=821"},{"taxonomy":"product_cat","embeddable":true,"href":"https:\/\/vizomix.hu\/en\/wp-json\/wp\/v2\/product_cat?post=821"},{"taxonomy":"product_tag","embeddable":true,"href":"https:\/\/vizomix.hu\/en\/wp-json\/wp\/v2\/product_tag?post=821"}],"curies":[{"name":"wp","href":"https:\/\/api.w.org\/{rel}","templated":true}]}}