{"id":8185,"date":"2026-04-04T18:01:19","date_gmt":"2026-04-04T16:01:19","guid":{"rendered":"https:\/\/vizomix.hu\/termek\/zara-fekete-flitteres-ujjatlan-dogos-rovid-ruha\/"},"modified":"2026-04-04T18:01:25","modified_gmt":"2026-04-04T16:01:25","slug":"zara-fekete-flitteres-ujjatlan-dogos-rovid-ruha","status":"publish","type":"product","link":"https:\/\/vizomix.hu\/en\/product\/zara-fekete-flitteres-ujjatlan-dogos-rovid-ruha\/","title":{"rendered":"Zara fekete flitteres ujjatlan d\u00f6g\u00f6s r\u00f6vid ruha"},"content":{"rendered":"<p>Zara fekete flitteres ujjatlan r\u00f6vid ruha<\/p>\n<p>L\u00e1tv\u00e1nyos ragyog\u00e1s \u00e9s magabiztos n\u0151iess\u00e9g egyben. A flitteres kialak\u00edt\u00e1s csillog\u00f3, figyelemfelkelt\u0151 megjelen\u00e9st ad, m\u00edg az ujjatlan, r\u00f6vid fazon d\u00f6g\u00f6s, eleg\u00e1ns v\u00e1laszt\u00e1ss\u00e1 teszi k\u00fcl\u00f6nleges alkalmakra.<br \/>\nAnyaga rugalmas, h\u00e1t\u00e1n cipz\u00e1ras kialak\u00edt\u00e1s tal\u00e1lhat\u00f3.<br \/>\nM\u00e9retez\u00e9s: kisebb m\u00e9ret<\/p>","protected":false},"excerpt":{"rendered":"<p>Zara fekete flitteres ujjatlan r\u00f6vid ruha L\u00e1tv\u00e1nyos ragyog\u00e1s \u00e9s magabiztos n\u0151iess\u00e9g egyben. A flitteres kialak\u00edt\u00e1s csillog\u00f3, figyelemfelkelt\u0151 megjelen\u00e9st ad, m\u00edg<a class=\"read-more\" href=\"https:\/\/vizomix.hu\/en\/product\/zara-fekete-flitteres-ujjatlan-dogos-rovid-ruha\/\">Tov\u00e1bb<\/a><\/p>","protected":false},"featured_media":8179,"comment_status":"open","ping_status":"closed","template":"","meta":[],"product_brand":[76],"product_cat":[34],"product_tag":[],"class_list":{"0":"post-8185","1":"product","2":"type-product","3":"status-publish","4":"has-post-thumbnail","6":"product_brand-zara","7":"product_cat-rovid-ruhak-overalok","9":"first","10":"instock","11":"taxable","12":"shipping-taxable","13":"purchasable","14":"product-type-variable","15":"add-to-wishlist-before_add_to_cart"},"supplier_id":null,"supplier_sku":"","barcode":null,"atum_controlled":true,"out_stock_date":null,"out_stock_threshold":null,"inheritable":false,"inbound_stock":null,"stock_on_hold":null,"sold_today":null,"sales_last_days":null,"reserved_stock":null,"customer_returns":null,"warehouse_damage":null,"lost_in_post":null,"other_logs":null,"out_stock_days":null,"lost_sales":null,"has_location":null,"update_date":"2026-04-04T16:01:25","atum_locations":[],"atum_stock_status":"instock","restock_status":false,"low_stock_amount":"","sales_update_date":null,"calc_backorders":null,"_links":{"self":[{"href":"https:\/\/vizomix.hu\/en\/wp-json\/wp\/v2\/product\/8185","targetHints":{"allow":["GET"]}}],"collection":[{"href":"https:\/\/vizomix.hu\/en\/wp-json\/wp\/v2\/product"}],"about":[{"href":"https:\/\/vizomix.hu\/en\/wp-json\/wp\/v2\/types\/product"}],"replies":[{"embeddable":true,"href":"https:\/\/vizomix.hu\/en\/wp-json\/wp\/v2\/comments?post=8185"}],"wp:featuredmedia":[{"embeddable":true,"href":"https:\/\/vizomix.hu\/en\/wp-json\/wp\/v2\/media\/8179"}],"wp:attachment":[{"href":"https:\/\/vizomix.hu\/en\/wp-json\/wp\/v2\/media?parent=8185"}],"wp:term":[{"taxonomy":"product_brand","embeddable":true,"href":"https:\/\/vizomix.hu\/en\/wp-json\/wp\/v2\/product_brand?post=8185"},{"taxonomy":"product_cat","embeddable":true,"href":"https:\/\/vizomix.hu\/en\/wp-json\/wp\/v2\/product_cat?post=8185"},{"taxonomy":"product_tag","embeddable":true,"href":"https:\/\/vizomix.hu\/en\/wp-json\/wp\/v2\/product_tag?post=8185"}],"curies":[{"name":"wp","href":"https:\/\/api.w.org\/{rel}","templated":true}]}}