{"id":8170,"date":"2026-04-04T17:28:46","date_gmt":"2026-04-04T15:28:46","guid":{"rendered":"https:\/\/vizomix.hu\/termek\/zara-fekete-feher-mintas-halter-nyaku-hosszu-ruha\/"},"modified":"2026-04-04T17:28:50","modified_gmt":"2026-04-04T15:28:50","slug":"zara-fekete-feher-mintas-halter-nyaku-hosszu-ruha","status":"publish","type":"product","link":"https:\/\/vizomix.hu\/en\/product\/zara-fekete-feher-mintas-halter-nyaku-hosszu-ruha\/","title":{"rendered":"Zara fekete-feh\u00e9r mint\u00e1s halter nyak\u00fa hossz\u00fa ruha"},"content":{"rendered":"<p>Zara fekete-feh\u00e9r mint\u00e1s halter nyak\u00fa hossz\u00fa ruha<\/p>\n<p>Klasszikus kontraszt \u00e9s k\u00f6nnyed elegancia t\u00f6k\u00e9letes harm\u00f3ni\u00e1ban. A halter nyak\u00fa kialak\u00edt\u00e1s kiemeli a v\u00e1llakat, m\u00edg a hossz\u00fa, l\u00e9gies fazon \u00e9s a fekete-feh\u00e9r minta kifinomult, ny\u00e1ri megjelen\u00e9st k\u00f6lcs\u00f6n\u00f6z.<\/p>","protected":false},"excerpt":{"rendered":"<p>Zara fekete-feh\u00e9r mint\u00e1s halter nyak\u00fa hossz\u00fa ruha Klasszikus kontraszt \u00e9s k\u00f6nnyed elegancia t\u00f6k\u00e9letes harm\u00f3ni\u00e1ban. A halter nyak\u00fa kialak\u00edt\u00e1s kiemeli a<a class=\"read-more\" href=\"https:\/\/vizomix.hu\/en\/product\/zara-fekete-feher-mintas-halter-nyaku-hosszu-ruha\/\">Tov\u00e1bb<\/a><\/p>","protected":false},"featured_media":8165,"comment_status":"open","ping_status":"closed","template":"","meta":[],"product_brand":[76],"product_cat":[33],"product_tag":[],"class_list":{"0":"post-8170","1":"product","2":"type-product","3":"status-publish","4":"has-post-thumbnail","6":"product_brand-zara","7":"product_cat-hosszu-ruhak-midi-ruhak-overalok","9":"first","10":"instock","11":"taxable","12":"shipping-taxable","13":"purchasable","14":"product-type-variable","15":"add-to-wishlist-before_add_to_cart"},"supplier_id":null,"supplier_sku":"","barcode":null,"atum_controlled":true,"out_stock_date":null,"out_stock_threshold":null,"inheritable":false,"inbound_stock":null,"stock_on_hold":null,"sold_today":null,"sales_last_days":null,"reserved_stock":null,"customer_returns":null,"warehouse_damage":null,"lost_in_post":null,"other_logs":null,"out_stock_days":null,"lost_sales":null,"has_location":null,"update_date":"2026-04-04T15:28:51","atum_locations":[],"atum_stock_status":"instock","restock_status":false,"low_stock_amount":"","sales_update_date":null,"calc_backorders":null,"_links":{"self":[{"href":"https:\/\/vizomix.hu\/en\/wp-json\/wp\/v2\/product\/8170","targetHints":{"allow":["GET"]}}],"collection":[{"href":"https:\/\/vizomix.hu\/en\/wp-json\/wp\/v2\/product"}],"about":[{"href":"https:\/\/vizomix.hu\/en\/wp-json\/wp\/v2\/types\/product"}],"replies":[{"embeddable":true,"href":"https:\/\/vizomix.hu\/en\/wp-json\/wp\/v2\/comments?post=8170"}],"wp:featuredmedia":[{"embeddable":true,"href":"https:\/\/vizomix.hu\/en\/wp-json\/wp\/v2\/media\/8165"}],"wp:attachment":[{"href":"https:\/\/vizomix.hu\/en\/wp-json\/wp\/v2\/media?parent=8170"}],"wp:term":[{"taxonomy":"product_brand","embeddable":true,"href":"https:\/\/vizomix.hu\/en\/wp-json\/wp\/v2\/product_brand?post=8170"},{"taxonomy":"product_cat","embeddable":true,"href":"https:\/\/vizomix.hu\/en\/wp-json\/wp\/v2\/product_cat?post=8170"},{"taxonomy":"product_tag","embeddable":true,"href":"https:\/\/vizomix.hu\/en\/wp-json\/wp\/v2\/product_tag?post=8170"}],"curies":[{"name":"wp","href":"https:\/\/api.w.org\/{rel}","templated":true}]}}