{"id":8131,"date":"2026-04-04T14:17:58","date_gmt":"2026-04-04T12:17:58","guid":{"rendered":"https:\/\/vizomix.hu\/termek\/zara-kremszinu-himzett-rovid-nyari-fodros-lenge-ruha\/"},"modified":"2026-04-04T14:18:02","modified_gmt":"2026-04-04T12:18:02","slug":"zara-kremszinu-himzett-rovid-nyari-fodros-lenge-ruha","status":"publish","type":"product","link":"https:\/\/vizomix.hu\/en\/product\/zara-kremszinu-himzett-rovid-nyari-fodros-lenge-ruha\/","title":{"rendered":"Zara kr\u00e9msz\u00edn\u0171 h\u00edmzett r\u00f6vid ny\u00e1ri fodros lenge ruha"},"content":{"rendered":"<p>Zara kr\u00e9msz\u00edn\u0171 h\u00edmzett r\u00f6vid fodros ruha<\/p>\n<p>L\u00e9gies elegancia \u00e9s romantikus r\u00e9szletek egyben. A finom h\u00edmz\u00e9s \u00e9s a fodros kialak\u00edt\u00e1s n\u0151ies, k\u00f6nnyed megjelen\u00e9st k\u00f6lcs\u00f6n\u00f6z, m\u00edg a laza fazon k\u00e9nyelmes viseletet biztos\u00edt a ny\u00e1ri napokra.<\/p>","protected":false},"excerpt":{"rendered":"<p>Zara kr\u00e9msz\u00edn\u0171 h\u00edmzett r\u00f6vid fodros ruha L\u00e9gies elegancia \u00e9s romantikus r\u00e9szletek egyben. A finom h\u00edmz\u00e9s \u00e9s a fodros kialak\u00edt\u00e1s n\u0151ies,<a class=\"read-more\" href=\"https:\/\/vizomix.hu\/en\/product\/zara-kremszinu-himzett-rovid-nyari-fodros-lenge-ruha\/\">Tov\u00e1bb<\/a><\/p>","protected":false},"featured_media":8127,"comment_status":"open","ping_status":"closed","template":"","meta":[],"product_brand":[76],"product_cat":[34],"product_tag":[],"class_list":{"0":"post-8131","1":"product","2":"type-product","3":"status-publish","4":"has-post-thumbnail","6":"product_brand-zara","7":"product_cat-rovid-ruhak-overalok","9":"first","10":"instock","11":"taxable","12":"shipping-taxable","13":"purchasable","14":"product-type-variable","15":"add-to-wishlist-before_add_to_cart"},"supplier_id":null,"supplier_sku":"","barcode":null,"atum_controlled":true,"out_stock_date":null,"out_stock_threshold":null,"inheritable":false,"inbound_stock":null,"stock_on_hold":null,"sold_today":null,"sales_last_days":null,"reserved_stock":null,"customer_returns":null,"warehouse_damage":null,"lost_in_post":null,"other_logs":null,"out_stock_days":null,"lost_sales":null,"has_location":null,"update_date":"2026-04-04T12:18:04","atum_locations":[],"atum_stock_status":"instock","restock_status":false,"low_stock_amount":"","sales_update_date":null,"calc_backorders":null,"_links":{"self":[{"href":"https:\/\/vizomix.hu\/en\/wp-json\/wp\/v2\/product\/8131","targetHints":{"allow":["GET"]}}],"collection":[{"href":"https:\/\/vizomix.hu\/en\/wp-json\/wp\/v2\/product"}],"about":[{"href":"https:\/\/vizomix.hu\/en\/wp-json\/wp\/v2\/types\/product"}],"replies":[{"embeddable":true,"href":"https:\/\/vizomix.hu\/en\/wp-json\/wp\/v2\/comments?post=8131"}],"wp:featuredmedia":[{"embeddable":true,"href":"https:\/\/vizomix.hu\/en\/wp-json\/wp\/v2\/media\/8127"}],"wp:attachment":[{"href":"https:\/\/vizomix.hu\/en\/wp-json\/wp\/v2\/media?parent=8131"}],"wp:term":[{"taxonomy":"product_brand","embeddable":true,"href":"https:\/\/vizomix.hu\/en\/wp-json\/wp\/v2\/product_brand?post=8131"},{"taxonomy":"product_cat","embeddable":true,"href":"https:\/\/vizomix.hu\/en\/wp-json\/wp\/v2\/product_cat?post=8131"},{"taxonomy":"product_tag","embeddable":true,"href":"https:\/\/vizomix.hu\/en\/wp-json\/wp\/v2\/product_tag?post=8131"}],"curies":[{"name":"wp","href":"https:\/\/api.w.org\/{rel}","templated":true}]}}