{"id":812,"date":"2026-02-10T21:31:48","date_gmt":"2026-02-10T20:31:48","guid":{"rendered":"https:\/\/vizomix.hu\/termek\/zara-poloruha\/"},"modified":"2026-03-18T13:22:05","modified_gmt":"2026-03-18T12:22:05","slug":"zara-poloruha","status":"publish","type":"product","link":"https:\/\/vizomix.hu\/en\/product\/zara-poloruha\/","title":{"rendered":"Zara feh\u00e9r\/mint\u00e1s p\u00f3l\u00f3ruha"},"content":{"rendered":"<p>Zara feh\u00e9r mint\u00e1s p\u00f3l\u00f3ruha, V-nyakkal<\/p>\n<p>K\u00e9nyelmes \u00e9s lezser darab a mindennapokra. Ez a Zara feh\u00e9r, mint\u00e1s p\u00f3l\u00f3ruha k\u00f6nnyed anyag\u00e1nak \u00e9s laza fazonj\u00e1nak k\u00f6sz\u00f6nhet\u0151en eg\u00e9sz napos komfortot biztos\u00edt.<\/p>\n<p>A V-nyak\u00fa kialak\u00edt\u00e1s n\u0151ies megjelen\u00e9st ad, mik\u00f6zben megmarad a sportosan lezser st\u00edlus. T\u00f6k\u00e9letes v\u00e1laszt\u00e1s h\u00e9tk\u00f6znapi viselethez, s\u00e9t\u00e1khoz vagy egy laza ny\u00e1ri programhoz is.<\/p>","protected":false},"excerpt":{"rendered":"<p>Zara feh\u00e9r mint\u00e1s p\u00f3l\u00f3ruha, V-nyakkal K\u00e9nyelmes \u00e9s lezser darab a mindennapokra. Ez a Zara feh\u00e9r, mint\u00e1s p\u00f3l\u00f3ruha k\u00f6nnyed anyag\u00e1nak \u00e9s<a class=\"read-more\" href=\"https:\/\/vizomix.hu\/en\/product\/zara-poloruha\/\">Tov\u00e1bb<\/a><\/p>","protected":false},"featured_media":807,"comment_status":"open","ping_status":"closed","template":"","meta":[],"product_brand":[76],"product_cat":[34],"product_tag":[],"class_list":{"0":"post-812","1":"product","2":"type-product","3":"status-publish","4":"has-post-thumbnail","6":"product_brand-zara","7":"product_cat-rovid-ruhak-overalok","9":"first","10":"instock","11":"taxable","12":"shipping-taxable","13":"purchasable","14":"product-type-variable","15":"add-to-wishlist-before_add_to_cart"},"supplier_id":null,"supplier_sku":"","barcode":null,"atum_controlled":true,"out_stock_date":null,"out_stock_threshold":null,"inheritable":false,"inbound_stock":null,"stock_on_hold":0,"sold_today":0,"sales_last_days":0,"reserved_stock":null,"customer_returns":null,"warehouse_damage":null,"lost_in_post":null,"other_logs":null,"out_stock_days":0,"lost_sales":0,"has_location":null,"update_date":"2026-03-18T12:22:07","atum_locations":[],"atum_stock_status":"instock","restock_status":false,"low_stock_amount":"","sales_update_date":"2026-03-17T19:15:19","calc_backorders":null,"_links":{"self":[{"href":"https:\/\/vizomix.hu\/en\/wp-json\/wp\/v2\/product\/812","targetHints":{"allow":["GET"]}}],"collection":[{"href":"https:\/\/vizomix.hu\/en\/wp-json\/wp\/v2\/product"}],"about":[{"href":"https:\/\/vizomix.hu\/en\/wp-json\/wp\/v2\/types\/product"}],"replies":[{"embeddable":true,"href":"https:\/\/vizomix.hu\/en\/wp-json\/wp\/v2\/comments?post=812"}],"wp:featuredmedia":[{"embeddable":true,"href":"https:\/\/vizomix.hu\/en\/wp-json\/wp\/v2\/media\/807"}],"wp:attachment":[{"href":"https:\/\/vizomix.hu\/en\/wp-json\/wp\/v2\/media?parent=812"}],"wp:term":[{"taxonomy":"product_brand","embeddable":true,"href":"https:\/\/vizomix.hu\/en\/wp-json\/wp\/v2\/product_brand?post=812"},{"taxonomy":"product_cat","embeddable":true,"href":"https:\/\/vizomix.hu\/en\/wp-json\/wp\/v2\/product_cat?post=812"},{"taxonomy":"product_tag","embeddable":true,"href":"https:\/\/vizomix.hu\/en\/wp-json\/wp\/v2\/product_tag?post=812"}],"curies":[{"name":"wp","href":"https:\/\/api.w.org\/{rel}","templated":true}]}}