{"id":8100,"date":"2026-04-01T17:58:31","date_gmt":"2026-04-01T15:58:31","guid":{"rendered":"https:\/\/vizomix.hu\/termek\/zara-feher-khaki-szurkesbarna-lenvaszon-rovidnadrag-bermuda\/"},"modified":"2026-04-01T18:37:01","modified_gmt":"2026-04-01T16:37:01","slug":"zara-feher-khaki-szurkesbarna-lenvaszon-rovidnadrag-bermuda","status":"publish","type":"product","link":"https:\/\/vizomix.hu\/en\/product\/zara-feher-khaki-szurkesbarna-lenvaszon-rovidnadrag-bermuda\/","title":{"rendered":"Zara feh\u00e9r\u2013khaki\u2013sz\u00fcrk\u00e9sbarna lenv\u00e1szon r\u00f6vidnadr\u00e1g\/bermuda"},"content":{"rendered":"<p>Zara feh\u00e9r\u2013khaki\u2013sz\u00fcrk\u00e9sbarna lenv\u00e1szon r\u00f6vidnadr\u00e1g<\/p>\n<p>K\u00f6nnyed ny\u00e1ri viselet letisztult st\u00edlusban. A lenv\u00e1szon anyag l\u00e9gies, k\u00e9nyelmes \u00e9rz\u00e9st biztos\u00edt, m\u00edg a term\u00e9szetes \u00e1rnyalatok \u00e9s a csinos szab\u00e1s sokoldal\u00faan kombin\u00e1lhat\u00f3, eleg\u00e1ns megjelen\u00e9st adnak a meleg napokra.<br \/>\nM\u00e9retez\u00e9s: m\u00e9reth\u0171<\/p>","protected":false},"excerpt":{"rendered":"<p>Zara feh\u00e9r\u2013khaki\u2013sz\u00fcrk\u00e9sbarna lenv\u00e1szon r\u00f6vidnadr\u00e1g K\u00f6nnyed ny\u00e1ri viselet letisztult st\u00edlusban. A lenv\u00e1szon anyag l\u00e9gies, k\u00e9nyelmes \u00e9rz\u00e9st biztos\u00edt, m\u00edg a term\u00e9szetes \u00e1rnyalatok<a class=\"read-more\" href=\"https:\/\/vizomix.hu\/en\/product\/zara-feher-khaki-szurkesbarna-lenvaszon-rovidnadrag-bermuda\/\">Tov\u00e1bb<\/a><\/p>","protected":false},"featured_media":8096,"comment_status":"open","ping_status":"closed","template":"","meta":[],"product_brand":[76],"product_cat":[40],"product_tag":[],"class_list":{"0":"post-8100","1":"product","2":"type-product","3":"status-publish","4":"has-post-thumbnail","6":"product_brand-zara","7":"product_cat-rovidnadragok-shortok-bermudak","9":"first","10":"instock","11":"taxable","12":"shipping-taxable","13":"purchasable","14":"product-type-variable","15":"add-to-wishlist-before_add_to_cart"},"supplier_id":null,"supplier_sku":"","barcode":null,"atum_controlled":true,"out_stock_date":null,"out_stock_threshold":null,"inheritable":false,"inbound_stock":null,"stock_on_hold":null,"sold_today":null,"sales_last_days":null,"reserved_stock":null,"customer_returns":null,"warehouse_damage":null,"lost_in_post":null,"other_logs":null,"out_stock_days":null,"lost_sales":null,"has_location":null,"update_date":"2026-04-01T16:37:02","atum_locations":[],"atum_stock_status":"instock","restock_status":false,"low_stock_amount":"","sales_update_date":null,"calc_backorders":null,"_links":{"self":[{"href":"https:\/\/vizomix.hu\/en\/wp-json\/wp\/v2\/product\/8100","targetHints":{"allow":["GET"]}}],"collection":[{"href":"https:\/\/vizomix.hu\/en\/wp-json\/wp\/v2\/product"}],"about":[{"href":"https:\/\/vizomix.hu\/en\/wp-json\/wp\/v2\/types\/product"}],"replies":[{"embeddable":true,"href":"https:\/\/vizomix.hu\/en\/wp-json\/wp\/v2\/comments?post=8100"}],"wp:featuredmedia":[{"embeddable":true,"href":"https:\/\/vizomix.hu\/en\/wp-json\/wp\/v2\/media\/8096"}],"wp:attachment":[{"href":"https:\/\/vizomix.hu\/en\/wp-json\/wp\/v2\/media?parent=8100"}],"wp:term":[{"taxonomy":"product_brand","embeddable":true,"href":"https:\/\/vizomix.hu\/en\/wp-json\/wp\/v2\/product_brand?post=8100"},{"taxonomy":"product_cat","embeddable":true,"href":"https:\/\/vizomix.hu\/en\/wp-json\/wp\/v2\/product_cat?post=8100"},{"taxonomy":"product_tag","embeddable":true,"href":"https:\/\/vizomix.hu\/en\/wp-json\/wp\/v2\/product_tag?post=8100"}],"curies":[{"name":"wp","href":"https:\/\/api.w.org\/{rel}","templated":true}]}}