{"id":8075,"date":"2026-04-01T17:40:28","date_gmt":"2026-04-01T15:40:28","guid":{"rendered":"https:\/\/vizomix.hu\/termek\/zara-korall-szinu-rovid-csinos-playsuit-overall\/"},"modified":"2026-04-01T17:40:33","modified_gmt":"2026-04-01T15:40:33","slug":"zara-korall-szinu-rovid-csinos-playsuit-overall","status":"publish","type":"product","link":"https:\/\/vizomix.hu\/en\/product\/zara-korall-szinu-rovid-csinos-playsuit-overall\/","title":{"rendered":"Zara korall sz\u00edn\u0171 r\u00f6vid csinos playsuit\/over\u00e1ll"},"content":{"rendered":"<p>Zara korall sz\u00edn\u0171 r\u00f6vid over\u00e1l<\/p>\n<p>Friss, n\u0151ies megjelen\u00e9s k\u00f6nnyed eleganci\u00e1val. A r\u00f6vid fazon l\u00e9gies viseletet biztos\u00edt, m\u00edg a korall \u00e1rnyalat \u00e9l\u00e9nk, figyelemfelkelt\u0151 st\u00edlust k\u00f6lcs\u00f6n\u00f6z a ny\u00e1ri napokra.<br \/>\nH\u00e1ts\u00f3 r\u00e9szen gombos \u00e9s cipz\u00e1ras kialak\u00edt\u00e1ssal.<br \/>\nM\u00e9retez\u00e9s: m\u00e9reth\u0171<\/p>","protected":false},"excerpt":{"rendered":"<p>Zara korall sz\u00edn\u0171 r\u00f6vid over\u00e1l Friss, n\u0151ies megjelen\u00e9s k\u00f6nnyed eleganci\u00e1val. A r\u00f6vid fazon l\u00e9gies viseletet biztos\u00edt, m\u00edg a korall \u00e1rnyalat<a class=\"read-more\" href=\"https:\/\/vizomix.hu\/en\/product\/zara-korall-szinu-rovid-csinos-playsuit-overall\/\">Tov\u00e1bb<\/a><\/p>","protected":false},"featured_media":8067,"comment_status":"open","ping_status":"closed","template":"","meta":[],"product_brand":[76],"product_cat":[34],"product_tag":[],"class_list":{"0":"post-8075","1":"product","2":"type-product","3":"status-publish","4":"has-post-thumbnail","6":"product_brand-zara","7":"product_cat-rovid-ruhak-overalok","9":"first","10":"instock","11":"taxable","12":"shipping-taxable","13":"purchasable","14":"product-type-variable","15":"add-to-wishlist-before_add_to_cart"},"supplier_id":null,"supplier_sku":"","barcode":null,"atum_controlled":true,"out_stock_date":null,"out_stock_threshold":null,"inheritable":false,"inbound_stock":null,"stock_on_hold":null,"sold_today":null,"sales_last_days":null,"reserved_stock":null,"customer_returns":null,"warehouse_damage":null,"lost_in_post":null,"other_logs":null,"out_stock_days":null,"lost_sales":null,"has_location":null,"update_date":"2026-04-01T15:40:33","atum_locations":[],"atum_stock_status":"instock","restock_status":false,"low_stock_amount":"","sales_update_date":null,"calc_backorders":null,"_links":{"self":[{"href":"https:\/\/vizomix.hu\/en\/wp-json\/wp\/v2\/product\/8075","targetHints":{"allow":["GET"]}}],"collection":[{"href":"https:\/\/vizomix.hu\/en\/wp-json\/wp\/v2\/product"}],"about":[{"href":"https:\/\/vizomix.hu\/en\/wp-json\/wp\/v2\/types\/product"}],"replies":[{"embeddable":true,"href":"https:\/\/vizomix.hu\/en\/wp-json\/wp\/v2\/comments?post=8075"}],"wp:featuredmedia":[{"embeddable":true,"href":"https:\/\/vizomix.hu\/en\/wp-json\/wp\/v2\/media\/8067"}],"wp:attachment":[{"href":"https:\/\/vizomix.hu\/en\/wp-json\/wp\/v2\/media?parent=8075"}],"wp:term":[{"taxonomy":"product_brand","embeddable":true,"href":"https:\/\/vizomix.hu\/en\/wp-json\/wp\/v2\/product_brand?post=8075"},{"taxonomy":"product_cat","embeddable":true,"href":"https:\/\/vizomix.hu\/en\/wp-json\/wp\/v2\/product_cat?post=8075"},{"taxonomy":"product_tag","embeddable":true,"href":"https:\/\/vizomix.hu\/en\/wp-json\/wp\/v2\/product_tag?post=8075"}],"curies":[{"name":"wp","href":"https:\/\/api.w.org\/{rel}","templated":true}]}}