{"id":8065,"date":"2026-04-01T17:36:55","date_gmt":"2026-04-01T15:36:55","guid":{"rendered":"https:\/\/vizomix.hu\/termek\/zara-barack-szinu-oldalan-megkotos-lezser-laza-jumpsuit-overall\/"},"modified":"2026-04-01T17:36:59","modified_gmt":"2026-04-01T15:36:59","slug":"zara-barack-szinu-oldalan-megkotos-lezser-laza-jumpsuit-overall","status":"publish","type":"product","link":"https:\/\/vizomix.hu\/en\/product\/zara-barack-szinu-oldalan-megkotos-lezser-laza-jumpsuit-overall\/","title":{"rendered":"Zara barack sz\u00edn\u0171 oldal\u00e1n megk\u00f6t\u0151s lezser\/laza jumpsuit\/ over\u00e1ll"},"content":{"rendered":"<p>Zara barack sz\u00edn\u0171 megk\u00f6t\u0151s over\u00e1l<\/p>\n<p>K\u00f6nnyed elegancia \u00e9s laza k\u00e9nyelem t\u00f6k\u00e9letes harm\u00f3ni\u00e1ban. A lezser szab\u00e1s l\u00e9gies viseletet biztos\u00edt, m\u00edg az oldals\u00f3 megk\u00f6t\u0151s kialak\u00edt\u00e1s n\u0151ies, form\u00e1t kiemel\u0151 r\u00e9szletk\u00e9nt teszi teljess\u00e9 a megjelen\u00e9st.<br \/>\nH\u00e1t\u00e1n cipz\u00e1ras kialak\u00edt\u00e1s tal\u00e1lhat\u00f3.<br \/>\nM\u00e9retz\u00e9s: m\u00e9reth\u0171<\/p>","protected":false},"excerpt":{"rendered":"<p>Zara barack sz\u00edn\u0171 megk\u00f6t\u0151s over\u00e1l K\u00f6nnyed elegancia \u00e9s laza k\u00e9nyelem t\u00f6k\u00e9letes harm\u00f3ni\u00e1ban. A lezser szab\u00e1s l\u00e9gies viseletet biztos\u00edt, m\u00edg az<a class=\"read-more\" href=\"https:\/\/vizomix.hu\/en\/product\/zara-barack-szinu-oldalan-megkotos-lezser-laza-jumpsuit-overall\/\">Tov\u00e1bb<\/a><\/p>","protected":false},"featured_media":8058,"comment_status":"open","ping_status":"closed","template":"","meta":[],"product_brand":[76],"product_cat":[33],"product_tag":[],"class_list":{"0":"post-8065","1":"product","2":"type-product","3":"status-publish","4":"has-post-thumbnail","6":"product_brand-zara","7":"product_cat-hosszu-ruhak-midi-ruhak-overalok","9":"first","10":"instock","11":"taxable","12":"shipping-taxable","13":"purchasable","14":"product-type-variable","15":"add-to-wishlist-before_add_to_cart"},"supplier_id":null,"supplier_sku":"","barcode":null,"atum_controlled":true,"out_stock_date":null,"out_stock_threshold":null,"inheritable":false,"inbound_stock":null,"stock_on_hold":null,"sold_today":null,"sales_last_days":null,"reserved_stock":null,"customer_returns":null,"warehouse_damage":null,"lost_in_post":null,"other_logs":null,"out_stock_days":null,"lost_sales":null,"has_location":null,"update_date":"2026-04-01T15:36:59","atum_locations":[],"atum_stock_status":"instock","restock_status":false,"low_stock_amount":"","sales_update_date":null,"calc_backorders":null,"_links":{"self":[{"href":"https:\/\/vizomix.hu\/en\/wp-json\/wp\/v2\/product\/8065","targetHints":{"allow":["GET"]}}],"collection":[{"href":"https:\/\/vizomix.hu\/en\/wp-json\/wp\/v2\/product"}],"about":[{"href":"https:\/\/vizomix.hu\/en\/wp-json\/wp\/v2\/types\/product"}],"replies":[{"embeddable":true,"href":"https:\/\/vizomix.hu\/en\/wp-json\/wp\/v2\/comments?post=8065"}],"wp:featuredmedia":[{"embeddable":true,"href":"https:\/\/vizomix.hu\/en\/wp-json\/wp\/v2\/media\/8058"}],"wp:attachment":[{"href":"https:\/\/vizomix.hu\/en\/wp-json\/wp\/v2\/media?parent=8065"}],"wp:term":[{"taxonomy":"product_brand","embeddable":true,"href":"https:\/\/vizomix.hu\/en\/wp-json\/wp\/v2\/product_brand?post=8065"},{"taxonomy":"product_cat","embeddable":true,"href":"https:\/\/vizomix.hu\/en\/wp-json\/wp\/v2\/product_cat?post=8065"},{"taxonomy":"product_tag","embeddable":true,"href":"https:\/\/vizomix.hu\/en\/wp-json\/wp\/v2\/product_tag?post=8065"}],"curies":[{"name":"wp","href":"https:\/\/api.w.org\/{rel}","templated":true}]}}