{"id":8031,"date":"2026-04-01T17:13:41","date_gmt":"2026-04-01T15:13:41","guid":{"rendered":"https:\/\/vizomix.hu\/termek\/zara-sarga-rugalmas-anyagu-halter-nyaku-rovid-a-vonalu-ruha\/"},"modified":"2026-04-01T17:13:45","modified_gmt":"2026-04-01T15:13:45","slug":"zara-sarga-rugalmas-anyagu-halter-nyaku-rovid-a-vonalu-ruha","status":"publish","type":"product","link":"https:\/\/vizomix.hu\/en\/product\/zara-sarga-rugalmas-anyagu-halter-nyaku-rovid-a-vonalu-ruha\/","title":{"rendered":"Zara s\u00e1rga rugalmas anyag\u00fa, halter nyak\u00fa, r\u00f6vid A vonal\u00fa ruha"},"content":{"rendered":"<p>Zara s\u00e1rga halter nyak\u00fa A-vonal\u00fa ruha<\/p>\n<p>Friss, n\u0151ies megjelen\u00e9s k\u00f6nnyed eleganci\u00e1val. A rugalmas anyag k\u00e9nyelmes illeszked\u00e9st biztos\u00edt, m\u00edg a halter nyak\u00fa kialak\u00edt\u00e1s \u00e9s az A-vonal\u00fa szab\u00e1s kiemeli az alakot \u00e9s l\u00e9gies, csinos \u00f6sszhat\u00e1st teremt.<br \/>\nM\u00e9retez\u00e9s: m\u00e9reth\u0171<\/p>","protected":false},"excerpt":{"rendered":"<p>Zara s\u00e1rga halter nyak\u00fa A-vonal\u00fa ruha Friss, n\u0151ies megjelen\u00e9s k\u00f6nnyed eleganci\u00e1val. A rugalmas anyag k\u00e9nyelmes illeszked\u00e9st biztos\u00edt, m\u00edg a halter<a class=\"read-more\" href=\"https:\/\/vizomix.hu\/en\/product\/zara-sarga-rugalmas-anyagu-halter-nyaku-rovid-a-vonalu-ruha\/\">Tov\u00e1bb<\/a><\/p>","protected":false},"featured_media":8023,"comment_status":"open","ping_status":"closed","template":"","meta":[],"product_brand":[76],"product_cat":[34],"product_tag":[],"class_list":{"0":"post-8031","1":"product","2":"type-product","3":"status-publish","4":"has-post-thumbnail","6":"product_brand-zara","7":"product_cat-rovid-ruhak-overalok","9":"first","10":"instock","11":"taxable","12":"shipping-taxable","13":"purchasable","14":"product-type-variable","15":"add-to-wishlist-before_add_to_cart"},"supplier_id":null,"supplier_sku":"","barcode":null,"atum_controlled":true,"out_stock_date":null,"out_stock_threshold":null,"inheritable":false,"inbound_stock":null,"stock_on_hold":null,"sold_today":null,"sales_last_days":null,"reserved_stock":null,"customer_returns":null,"warehouse_damage":null,"lost_in_post":null,"other_logs":null,"out_stock_days":null,"lost_sales":null,"has_location":null,"update_date":"2026-04-01T15:13:46","atum_locations":[],"atum_stock_status":"instock","restock_status":false,"low_stock_amount":"","sales_update_date":null,"calc_backorders":null,"_links":{"self":[{"href":"https:\/\/vizomix.hu\/en\/wp-json\/wp\/v2\/product\/8031","targetHints":{"allow":["GET"]}}],"collection":[{"href":"https:\/\/vizomix.hu\/en\/wp-json\/wp\/v2\/product"}],"about":[{"href":"https:\/\/vizomix.hu\/en\/wp-json\/wp\/v2\/types\/product"}],"replies":[{"embeddable":true,"href":"https:\/\/vizomix.hu\/en\/wp-json\/wp\/v2\/comments?post=8031"}],"wp:featuredmedia":[{"embeddable":true,"href":"https:\/\/vizomix.hu\/en\/wp-json\/wp\/v2\/media\/8023"}],"wp:attachment":[{"href":"https:\/\/vizomix.hu\/en\/wp-json\/wp\/v2\/media?parent=8031"}],"wp:term":[{"taxonomy":"product_brand","embeddable":true,"href":"https:\/\/vizomix.hu\/en\/wp-json\/wp\/v2\/product_brand?post=8031"},{"taxonomy":"product_cat","embeddable":true,"href":"https:\/\/vizomix.hu\/en\/wp-json\/wp\/v2\/product_cat?post=8031"},{"taxonomy":"product_tag","embeddable":true,"href":"https:\/\/vizomix.hu\/en\/wp-json\/wp\/v2\/product_tag?post=8031"}],"curies":[{"name":"wp","href":"https:\/\/api.w.org\/{rel}","templated":true}]}}