{"id":803,"date":"2026-02-10T21:08:26","date_gmt":"2026-02-10T20:08:26","guid":{"rendered":"https:\/\/vizomix.hu\/termek\/zara-kabat\/"},"modified":"2026-03-18T13:22:05","modified_gmt":"2026-03-18T12:22:05","slug":"zara-kabat","status":"publish","type":"product","link":"https:\/\/vizomix.hu\/en\/product\/zara-kabat\/","title":{"rendered":"Zara ty\u00fakl\u00e1bmint\u00e1s csinos kab\u00e1t ez\u00fcst gombokkal"},"content":{"rendered":"<p>Zara ty\u00fakl\u00e1bmint\u00e1s csinos kab\u00e1t ez\u00fcst gombokkal<\/p>\n<p>Eleg\u00e1ns \u00e9s karakteres darab, amely klasszikus tenger\u00e9sz st\u00edlust id\u00e9z. Ez a Zara ty\u00fakl\u00e1bmint\u00e1s kab\u00e1t kifinomult megjelen\u00e9st biztos\u00edt, mik\u00f6zben id\u0151t\u00e1ll\u00f3 mint\u00e1j\u00e1val k\u00f6nnyen beilleszthet\u0151 az eleg\u00e1ns gardr\u00f3bba.<\/p>\n<p>A k\u00e9tsoros gombol\u00e1s \u00e9s az ez\u00fcst gombok mark\u00e1ns, m\u00e9gis n\u0151ies r\u00e9szletk\u00e9nt emelik ki a kab\u00e1tot, a tenger\u00e9sz kialak\u00edt\u00e1s pedig hat\u00e1rozott, st\u00edlusos \u00f6sszhat\u00e1st ad. T\u00f6k\u00e9letes v\u00e1laszt\u00e1s eleg\u00e1ns h\u00e9tk\u00f6znapokra vagy alkalmi megjelen\u00e9shez is.<\/p>","protected":false},"excerpt":{"rendered":"<p>Zara ty\u00fakl\u00e1bmint\u00e1s csinos kab\u00e1t ez\u00fcst gombokkal Eleg\u00e1ns \u00e9s karakteres darab, amely klasszikus tenger\u00e9sz st\u00edlust id\u00e9z. Ez a Zara ty\u00fakl\u00e1bmint\u00e1s kab\u00e1t<a class=\"read-more\" href=\"https:\/\/vizomix.hu\/en\/product\/zara-kabat\/\">Tov\u00e1bb<\/a><\/p>","protected":false},"featured_media":800,"comment_status":"open","ping_status":"closed","template":"","meta":[],"product_brand":[76],"product_cat":[23],"product_tag":[],"class_list":{"0":"post-803","1":"product","2":"type-product","3":"status-publish","4":"has-post-thumbnail","6":"product_brand-zara","7":"product_cat-kabatok","9":"first","10":"instock","11":"taxable","12":"shipping-taxable","13":"purchasable","14":"product-type-variable","15":"add-to-wishlist-before_add_to_cart"},"supplier_id":null,"supplier_sku":"","barcode":null,"atum_controlled":true,"out_stock_date":null,"out_stock_threshold":null,"inheritable":false,"inbound_stock":null,"stock_on_hold":0,"sold_today":0,"sales_last_days":0,"reserved_stock":null,"customer_returns":null,"warehouse_damage":null,"lost_in_post":null,"other_logs":null,"out_stock_days":0,"lost_sales":0,"has_location":null,"update_date":"2026-03-18T12:22:07","atum_locations":[],"atum_stock_status":"instock","restock_status":false,"low_stock_amount":"","sales_update_date":"2026-03-17T19:15:19","calc_backorders":null,"_links":{"self":[{"href":"https:\/\/vizomix.hu\/en\/wp-json\/wp\/v2\/product\/803","targetHints":{"allow":["GET"]}}],"collection":[{"href":"https:\/\/vizomix.hu\/en\/wp-json\/wp\/v2\/product"}],"about":[{"href":"https:\/\/vizomix.hu\/en\/wp-json\/wp\/v2\/types\/product"}],"replies":[{"embeddable":true,"href":"https:\/\/vizomix.hu\/en\/wp-json\/wp\/v2\/comments?post=803"}],"wp:featuredmedia":[{"embeddable":true,"href":"https:\/\/vizomix.hu\/en\/wp-json\/wp\/v2\/media\/800"}],"wp:attachment":[{"href":"https:\/\/vizomix.hu\/en\/wp-json\/wp\/v2\/media?parent=803"}],"wp:term":[{"taxonomy":"product_brand","embeddable":true,"href":"https:\/\/vizomix.hu\/en\/wp-json\/wp\/v2\/product_brand?post=803"},{"taxonomy":"product_cat","embeddable":true,"href":"https:\/\/vizomix.hu\/en\/wp-json\/wp\/v2\/product_cat?post=803"},{"taxonomy":"product_tag","embeddable":true,"href":"https:\/\/vizomix.hu\/en\/wp-json\/wp\/v2\/product_tag?post=803"}],"curies":[{"name":"wp","href":"https:\/\/api.w.org\/{rel}","templated":true}]}}