{"id":8005,"date":"2026-03-29T17:26:50","date_gmt":"2026-03-29T15:26:50","guid":{"rendered":"https:\/\/vizomix.hu\/termek\/zara-olivazold-hosszu-szaten-overal\/"},"modified":"2026-04-04T19:16:17","modified_gmt":"2026-04-04T17:16:17","slug":"zara-olivazold-hosszu-szaten-overal","status":"publish","type":"product","link":"https:\/\/vizomix.hu\/en\/product\/zara-olivazold-hosszu-szaten-overal\/","title":{"rendered":"Zara ol\u00edvaz\u00f6ld hossz\u00fa szat\u00e9n over\u00e1l"},"content":{"rendered":"<p>Zara ol\u00edvaz\u00f6ld hossz\u00fa szat\u00e9n over\u00e1l<\/p>\n<p>Kifinomult elegancia \u00e9s l\u00e1gy es\u00e9s egyben. A selymes hat\u00e1s\u00fa szat\u00e9n anyag eleg\u00e1ns megjelen\u00e9st biztos\u00edt, m\u00edg a hossz\u00fa fazon n\u0151ies, letisztult st\u00edlust k\u00f6lcs\u00f6n\u00f6z k\u00fcl\u00f6nleges alkalmakra is.<br \/>\nAz over\u00e1l gumis der\u00e9k r\u00e9sszel rendelkezik.<br \/>\nM\u00e9retez\u00e9s: m\u00e9reth\u0171<\/p>","protected":false},"excerpt":{"rendered":"<p>Zara ol\u00edvaz\u00f6ld hossz\u00fa szat\u00e9n over\u00e1l Kifinomult elegancia \u00e9s l\u00e1gy es\u00e9s egyben. A selymes hat\u00e1s\u00fa szat\u00e9n anyag eleg\u00e1ns megjelen\u00e9st biztos\u00edt, m\u00edg<a class=\"read-more\" href=\"https:\/\/vizomix.hu\/en\/product\/zara-olivazold-hosszu-szaten-overal\/\">Tov\u00e1bb<\/a><\/p>","protected":false},"featured_media":8002,"comment_status":"open","ping_status":"closed","template":"","meta":[],"product_brand":[76],"product_cat":[33],"product_tag":[],"class_list":{"0":"post-8005","1":"product","2":"type-product","3":"status-publish","4":"has-post-thumbnail","6":"product_brand-zara","7":"product_cat-hosszu-ruhak-midi-ruhak-overalok","9":"first","10":"instock","11":"taxable","12":"shipping-taxable","13":"purchasable","14":"product-type-variable","15":"add-to-wishlist-before_add_to_cart"},"supplier_id":null,"supplier_sku":"","barcode":null,"atum_controlled":true,"out_stock_date":null,"out_stock_threshold":null,"inheritable":false,"inbound_stock":null,"stock_on_hold":null,"sold_today":null,"sales_last_days":null,"reserved_stock":null,"customer_returns":null,"warehouse_damage":null,"lost_in_post":null,"other_logs":null,"out_stock_days":null,"lost_sales":null,"has_location":null,"update_date":"2026-04-04T17:16:19","atum_locations":[],"atum_stock_status":"instock","restock_status":false,"low_stock_amount":"","sales_update_date":null,"calc_backorders":null,"_links":{"self":[{"href":"https:\/\/vizomix.hu\/en\/wp-json\/wp\/v2\/product\/8005","targetHints":{"allow":["GET"]}}],"collection":[{"href":"https:\/\/vizomix.hu\/en\/wp-json\/wp\/v2\/product"}],"about":[{"href":"https:\/\/vizomix.hu\/en\/wp-json\/wp\/v2\/types\/product"}],"replies":[{"embeddable":true,"href":"https:\/\/vizomix.hu\/en\/wp-json\/wp\/v2\/comments?post=8005"}],"wp:featuredmedia":[{"embeddable":true,"href":"https:\/\/vizomix.hu\/en\/wp-json\/wp\/v2\/media\/8002"}],"wp:attachment":[{"href":"https:\/\/vizomix.hu\/en\/wp-json\/wp\/v2\/media?parent=8005"}],"wp:term":[{"taxonomy":"product_brand","embeddable":true,"href":"https:\/\/vizomix.hu\/en\/wp-json\/wp\/v2\/product_brand?post=8005"},{"taxonomy":"product_cat","embeddable":true,"href":"https:\/\/vizomix.hu\/en\/wp-json\/wp\/v2\/product_cat?post=8005"},{"taxonomy":"product_tag","embeddable":true,"href":"https:\/\/vizomix.hu\/en\/wp-json\/wp\/v2\/product_tag?post=8005"}],"curies":[{"name":"wp","href":"https:\/\/api.w.org\/{rel}","templated":true}]}}