{"id":7941,"date":"2026-03-29T11:55:39","date_gmt":"2026-03-29T09:55:39","guid":{"rendered":"https:\/\/vizomix.hu\/termek\/zara-puderrozsaszin-szaten-ing\/"},"modified":"2026-03-29T11:55:42","modified_gmt":"2026-03-29T09:55:42","slug":"zara-puderrozsaszin-szaten-ing","status":"publish","type":"product","link":"https:\/\/vizomix.hu\/en\/product\/zara-puderrozsaszin-szaten-ing\/","title":{"rendered":"Zara p\u00faderr\u00f3zsasz\u00edn szat\u00e9n ing"},"content":{"rendered":"<p>Zara p\u00faderr\u00f3zsasz\u00edn szat\u00e9n ing<\/p>\n<p>Kifinomult elegancia \u00e9s l\u00e1gy n\u0151iess\u00e9g egyben. A selymes hat\u00e1s\u00fa szat\u00e9n anyag k\u00f6nnyed es\u00e9st biztos\u00edt, m\u00edg a p\u00faderr\u00f3zsasz\u00edn \u00e1rnyalat finom, st\u00edlusos megjelen\u00e9st k\u00f6lcs\u00f6n\u00f6z.<br \/>\nM\u00e9retez\u00e9s: m\u00e9reth\u0171<\/p>","protected":false},"excerpt":{"rendered":"<p>Zara p\u00faderr\u00f3zsasz\u00edn szat\u00e9n ing Kifinomult elegancia \u00e9s l\u00e1gy n\u0151iess\u00e9g egyben. A selymes hat\u00e1s\u00fa szat\u00e9n anyag k\u00f6nnyed es\u00e9st biztos\u00edt, m\u00edg a<a class=\"read-more\" href=\"https:\/\/vizomix.hu\/en\/product\/zara-puderrozsaszin-szaten-ing\/\">Tov\u00e1bb<\/a><\/p>","protected":false},"featured_media":7938,"comment_status":"open","ping_status":"closed","template":"","meta":[],"product_brand":[76],"product_cat":[26],"product_tag":[],"class_list":{"0":"post-7941","1":"product","2":"type-product","3":"status-publish","4":"has-post-thumbnail","6":"product_brand-zara","7":"product_cat-ingek","9":"first","10":"instock","11":"taxable","12":"shipping-taxable","13":"purchasable","14":"product-type-variable","15":"add-to-wishlist-before_add_to_cart"},"supplier_id":null,"supplier_sku":"","barcode":null,"atum_controlled":true,"out_stock_date":null,"out_stock_threshold":null,"inheritable":false,"inbound_stock":null,"stock_on_hold":null,"sold_today":null,"sales_last_days":null,"reserved_stock":null,"customer_returns":null,"warehouse_damage":null,"lost_in_post":null,"other_logs":null,"out_stock_days":null,"lost_sales":null,"has_location":null,"update_date":"2026-03-29T09:55:43","atum_locations":[],"atum_stock_status":"instock","restock_status":false,"low_stock_amount":"","sales_update_date":null,"calc_backorders":null,"_links":{"self":[{"href":"https:\/\/vizomix.hu\/en\/wp-json\/wp\/v2\/product\/7941","targetHints":{"allow":["GET"]}}],"collection":[{"href":"https:\/\/vizomix.hu\/en\/wp-json\/wp\/v2\/product"}],"about":[{"href":"https:\/\/vizomix.hu\/en\/wp-json\/wp\/v2\/types\/product"}],"replies":[{"embeddable":true,"href":"https:\/\/vizomix.hu\/en\/wp-json\/wp\/v2\/comments?post=7941"}],"wp:featuredmedia":[{"embeddable":true,"href":"https:\/\/vizomix.hu\/en\/wp-json\/wp\/v2\/media\/7938"}],"wp:attachment":[{"href":"https:\/\/vizomix.hu\/en\/wp-json\/wp\/v2\/media?parent=7941"}],"wp:term":[{"taxonomy":"product_brand","embeddable":true,"href":"https:\/\/vizomix.hu\/en\/wp-json\/wp\/v2\/product_brand?post=7941"},{"taxonomy":"product_cat","embeddable":true,"href":"https:\/\/vizomix.hu\/en\/wp-json\/wp\/v2\/product_cat?post=7941"},{"taxonomy":"product_tag","embeddable":true,"href":"https:\/\/vizomix.hu\/en\/wp-json\/wp\/v2\/product_tag?post=7941"}],"curies":[{"name":"wp","href":"https:\/\/api.w.org\/{rel}","templated":true}]}}