{"id":794,"date":"2026-02-10T21:03:14","date_gmt":"2026-02-10T20:03:14","guid":{"rendered":"https:\/\/vizomix.hu\/termek\/zara-hosszu-ruha-6\/"},"modified":"2026-03-18T13:22:05","modified_gmt":"2026-03-18T12:22:05","slug":"zara-hosszu-ruha-6","status":"publish","type":"product","link":"https:\/\/vizomix.hu\/en\/product\/zara-hosszu-ruha-6\/","title":{"rendered":"Zara fekete hossz\u00fa szat\u00e9n ruha k\u00f6t\u0151vel"},"content":{"rendered":"<p>Zara fekete hossz\u00fa szat\u00e9n ruha k\u00f6t\u0151vel<\/p>\n<p>Eleg\u00e1ns \u00e9s igaz\u00e1n csinos darab k\u00fcl\u00f6nleges alkalmakra. Ez a Zara fekete, szat\u00e9n anyag\u00fa hossz\u00fa ruha finom f\u00e9ny\u00e9vel \u00e9s letisztult szab\u00e1s\u00e1val kifinomult megjelen\u00e9st biztos\u00edt.<\/p>\n<p>A megk\u00f6thet\u0151 r\u00e9sz sz\u00e9pen hangs\u00falyozza a derekat, mik\u00f6zben n\u0151ies sziluettet ad a ruh\u00e1nak. T\u00f6k\u00e9letes v\u00e1laszt\u00e1s esti programokra, alkalmakra vagy eleg\u00e1ns esem\u00e9nyekre.<\/p>","protected":false},"excerpt":{"rendered":"<p>Zara fekete hossz\u00fa szat\u00e9n ruha k\u00f6t\u0151vel Eleg\u00e1ns \u00e9s igaz\u00e1n csinos darab k\u00fcl\u00f6nleges alkalmakra. Ez a Zara fekete, szat\u00e9n anyag\u00fa hossz\u00fa<a class=\"read-more\" href=\"https:\/\/vizomix.hu\/en\/product\/zara-hosszu-ruha-6\/\">Tov\u00e1bb<\/a><\/p>","protected":false},"featured_media":4949,"comment_status":"open","ping_status":"closed","template":"","meta":[],"product_brand":[76],"product_cat":[33],"product_tag":[],"class_list":{"0":"post-794","1":"product","2":"type-product","3":"status-publish","4":"has-post-thumbnail","6":"product_brand-zara","7":"product_cat-hosszu-ruhak-midi-ruhak-overalok","9":"first","10":"instock","11":"taxable","12":"shipping-taxable","13":"purchasable","14":"product-type-variable","15":"add-to-wishlist-before_add_to_cart"},"supplier_id":null,"supplier_sku":"","barcode":null,"atum_controlled":true,"out_stock_date":null,"out_stock_threshold":null,"inheritable":false,"inbound_stock":null,"stock_on_hold":0,"sold_today":0,"sales_last_days":0,"reserved_stock":null,"customer_returns":null,"warehouse_damage":null,"lost_in_post":null,"other_logs":null,"out_stock_days":0,"lost_sales":0,"has_location":null,"update_date":"2026-03-18T12:22:07","atum_locations":[],"atum_stock_status":"instock","restock_status":false,"low_stock_amount":"","sales_update_date":"2026-03-17T19:15:19","calc_backorders":null,"_links":{"self":[{"href":"https:\/\/vizomix.hu\/en\/wp-json\/wp\/v2\/product\/794","targetHints":{"allow":["GET"]}}],"collection":[{"href":"https:\/\/vizomix.hu\/en\/wp-json\/wp\/v2\/product"}],"about":[{"href":"https:\/\/vizomix.hu\/en\/wp-json\/wp\/v2\/types\/product"}],"replies":[{"embeddable":true,"href":"https:\/\/vizomix.hu\/en\/wp-json\/wp\/v2\/comments?post=794"}],"wp:featuredmedia":[{"embeddable":true,"href":"https:\/\/vizomix.hu\/en\/wp-json\/wp\/v2\/media\/4949"}],"wp:attachment":[{"href":"https:\/\/vizomix.hu\/en\/wp-json\/wp\/v2\/media?parent=794"}],"wp:term":[{"taxonomy":"product_brand","embeddable":true,"href":"https:\/\/vizomix.hu\/en\/wp-json\/wp\/v2\/product_brand?post=794"},{"taxonomy":"product_cat","embeddable":true,"href":"https:\/\/vizomix.hu\/en\/wp-json\/wp\/v2\/product_cat?post=794"},{"taxonomy":"product_tag","embeddable":true,"href":"https:\/\/vizomix.hu\/en\/wp-json\/wp\/v2\/product_tag?post=794"}],"curies":[{"name":"wp","href":"https:\/\/api.w.org\/{rel}","templated":true}]}}