{"id":789,"date":"2026-02-10T21:01:17","date_gmt":"2026-02-10T20:01:17","guid":{"rendered":"https:\/\/vizomix.hu\/termek\/zara-rovid-ingruha-4\/"},"modified":"2026-03-18T13:22:05","modified_gmt":"2026-03-18T12:22:05","slug":"zara-rovid-ingruha-4","status":"publish","type":"product","link":"https:\/\/vizomix.hu\/en\/product\/zara-rovid-ingruha-4\/","title":{"rendered":"Zara kir\u00e1lyk\u00e9k fodros r\u00f6vid ingruha"},"content":{"rendered":"<p>Zara kir\u00e1lyk\u00e9k fodros r\u00f6vid ingruha, v\u00e9kony k\u00f6t\u0151vel<\/p>\n<p>N\u0151ies \u00e9s j\u00e1t\u00e9kos darab, amely igaz\u00e1n feldobja a megjelen\u00e9st. Ez a Zara kir\u00e1lyk\u00e9k r\u00f6vid ingruha \u00e9l\u00e9nk sz\u00edn\u00e9vel \u00e9s k\u00f6nnyed anyag\u00e1val friss, st\u00edlusos hat\u00e1st kelt.<\/p>\n<p>A fodros r\u00e9szletek romantikus megjelen\u00e9st adnak, m\u00edg a v\u00e9kony, megk\u00f6thet\u0151 p\u00e1nt finoman hangs\u00falyozza a derekat. T\u00f6k\u00e9letes v\u00e1laszt\u00e1s ny\u00e1ri napokra, v\u00e1rosi s\u00e9t\u00e1khoz vagy egy csinosabb nappali programhoz is.<\/p>","protected":false},"excerpt":{"rendered":"<p>Zara kir\u00e1lyk\u00e9k fodros r\u00f6vid ingruha, v\u00e9kony k\u00f6t\u0151vel N\u0151ies \u00e9s j\u00e1t\u00e9kos darab, amely igaz\u00e1n feldobja a megjelen\u00e9st. Ez a Zara kir\u00e1lyk\u00e9k<a class=\"read-more\" href=\"https:\/\/vizomix.hu\/en\/product\/zara-rovid-ingruha-4\/\">Tov\u00e1bb<\/a><\/p>","protected":false},"featured_media":787,"comment_status":"open","ping_status":"closed","template":"","meta":[],"product_brand":[76],"product_cat":[34],"product_tag":[],"class_list":{"0":"post-789","1":"product","2":"type-product","3":"status-publish","4":"has-post-thumbnail","6":"product_brand-zara","7":"product_cat-rovid-ruhak-overalok","9":"first","10":"instock","11":"taxable","12":"shipping-taxable","13":"purchasable","14":"product-type-variable","15":"add-to-wishlist-before_add_to_cart"},"supplier_id":null,"supplier_sku":"","barcode":null,"atum_controlled":true,"out_stock_date":null,"out_stock_threshold":null,"inheritable":false,"inbound_stock":null,"stock_on_hold":0,"sold_today":0,"sales_last_days":0,"reserved_stock":null,"customer_returns":null,"warehouse_damage":null,"lost_in_post":null,"other_logs":null,"out_stock_days":0,"lost_sales":0,"has_location":null,"update_date":"2026-03-18T12:22:07","atum_locations":[],"atum_stock_status":"instock","restock_status":false,"low_stock_amount":"","sales_update_date":"2026-03-17T19:15:19","calc_backorders":null,"_links":{"self":[{"href":"https:\/\/vizomix.hu\/en\/wp-json\/wp\/v2\/product\/789","targetHints":{"allow":["GET"]}}],"collection":[{"href":"https:\/\/vizomix.hu\/en\/wp-json\/wp\/v2\/product"}],"about":[{"href":"https:\/\/vizomix.hu\/en\/wp-json\/wp\/v2\/types\/product"}],"replies":[{"embeddable":true,"href":"https:\/\/vizomix.hu\/en\/wp-json\/wp\/v2\/comments?post=789"}],"wp:featuredmedia":[{"embeddable":true,"href":"https:\/\/vizomix.hu\/en\/wp-json\/wp\/v2\/media\/787"}],"wp:attachment":[{"href":"https:\/\/vizomix.hu\/en\/wp-json\/wp\/v2\/media?parent=789"}],"wp:term":[{"taxonomy":"product_brand","embeddable":true,"href":"https:\/\/vizomix.hu\/en\/wp-json\/wp\/v2\/product_brand?post=789"},{"taxonomy":"product_cat","embeddable":true,"href":"https:\/\/vizomix.hu\/en\/wp-json\/wp\/v2\/product_cat?post=789"},{"taxonomy":"product_tag","embeddable":true,"href":"https:\/\/vizomix.hu\/en\/wp-json\/wp\/v2\/product_tag?post=789"}],"curies":[{"name":"wp","href":"https:\/\/api.w.org\/{rel}","templated":true}]}}