{"id":7885,"date":"2026-03-28T10:46:57","date_gmt":"2026-03-28T09:46:57","guid":{"rendered":"https:\/\/vizomix.hu\/termek\/zara-uj-billenokapcsos-szuper-csini-barna-mubunda-kabat\/"},"modified":"2026-03-28T10:47:39","modified_gmt":"2026-03-28T09:47:39","slug":"zara-uj-billenokapcsos-szuper-csini-barna-mubunda-kabat","status":"publish","type":"product","link":"https:\/\/vizomix.hu\/en\/product\/zara-uj-billenokapcsos-szuper-csini-barna-mubunda-kabat\/","title":{"rendered":"Zara \u00faj billen\u0151kapcsos szuper csini barna m\u0171bunda\/kab\u00e1t"},"content":{"rendered":"<p>Zara barna m\u0171sz\u0151rme kab\u00e1t billen\u0151kapcsos z\u00e1r\u00e1ssal<\/p>\n<p>Meleg, st\u00edlusos viselet karakteres r\u00e9szletekkel. A puha m\u0171sz\u0151rme k\u00e9nyelmes, eleg\u00e1ns megjelen\u00e9st biztos\u00edt, m\u00edg a billen\u0151kapcsos z\u00e1r\u00e1s k\u00fcl\u00f6nleges, modern hangs\u00falyt ad ennek a csinos darabnak.<br \/>\nM\u00e9retez\u00e9s: m\u00e9reth\u0171<\/p>","protected":false},"excerpt":{"rendered":"<p>Zara barna m\u0171sz\u0151rme kab\u00e1t billen\u0151kapcsos z\u00e1r\u00e1ssal Meleg, st\u00edlusos viselet karakteres r\u00e9szletekkel. A puha m\u0171sz\u0151rme k\u00e9nyelmes, eleg\u00e1ns megjelen\u00e9st biztos\u00edt, m\u00edg a<a class=\"read-more\" href=\"https:\/\/vizomix.hu\/en\/product\/zara-uj-billenokapcsos-szuper-csini-barna-mubunda-kabat\/\">Tov\u00e1bb<\/a><\/p>","protected":false},"featured_media":7881,"comment_status":"open","ping_status":"closed","template":"","meta":[],"product_brand":[76],"product_cat":[35],"product_tag":[],"class_list":{"0":"post-7885","1":"product","2":"type-product","3":"status-publish","4":"has-post-thumbnail","6":"product_brand-zara","7":"product_cat-atmeneti-kabatok","9":"first","10":"instock","11":"taxable","12":"shipping-taxable","13":"purchasable","14":"product-type-variable","15":"add-to-wishlist-before_add_to_cart"},"supplier_id":null,"supplier_sku":"","barcode":null,"atum_controlled":true,"out_stock_date":null,"out_stock_threshold":null,"inheritable":false,"inbound_stock":null,"stock_on_hold":null,"sold_today":null,"sales_last_days":null,"reserved_stock":null,"customer_returns":null,"warehouse_damage":null,"lost_in_post":null,"other_logs":null,"out_stock_days":null,"lost_sales":null,"has_location":null,"update_date":"2026-03-28T09:47:39","atum_locations":[],"atum_stock_status":"instock","restock_status":false,"low_stock_amount":"","sales_update_date":null,"calc_backorders":null,"_links":{"self":[{"href":"https:\/\/vizomix.hu\/en\/wp-json\/wp\/v2\/product\/7885","targetHints":{"allow":["GET"]}}],"collection":[{"href":"https:\/\/vizomix.hu\/en\/wp-json\/wp\/v2\/product"}],"about":[{"href":"https:\/\/vizomix.hu\/en\/wp-json\/wp\/v2\/types\/product"}],"replies":[{"embeddable":true,"href":"https:\/\/vizomix.hu\/en\/wp-json\/wp\/v2\/comments?post=7885"}],"wp:featuredmedia":[{"embeddable":true,"href":"https:\/\/vizomix.hu\/en\/wp-json\/wp\/v2\/media\/7881"}],"wp:attachment":[{"href":"https:\/\/vizomix.hu\/en\/wp-json\/wp\/v2\/media?parent=7885"}],"wp:term":[{"taxonomy":"product_brand","embeddable":true,"href":"https:\/\/vizomix.hu\/en\/wp-json\/wp\/v2\/product_brand?post=7885"},{"taxonomy":"product_cat","embeddable":true,"href":"https:\/\/vizomix.hu\/en\/wp-json\/wp\/v2\/product_cat?post=7885"},{"taxonomy":"product_tag","embeddable":true,"href":"https:\/\/vizomix.hu\/en\/wp-json\/wp\/v2\/product_tag?post=7885"}],"curies":[{"name":"wp","href":"https:\/\/api.w.org\/{rel}","templated":true}]}}