{"id":7877,"date":"2026-03-28T10:38:54","date_gmt":"2026-03-28T09:38:54","guid":{"rendered":"https:\/\/vizomix.hu\/termek\/zara-bezs-es-csoki-barna-mubor-leggings-nadrag-gumis-derek-resszel-oldalt-zippel\/"},"modified":"2026-03-28T11:25:20","modified_gmt":"2026-03-28T10:25:20","slug":"zara-bezs-es-csoki-barna-mubor-leggings-nadrag-gumis-derek-resszel-oldalt-zippel","status":"publish","type":"product","link":"https:\/\/vizomix.hu\/en\/product\/zara-bezs-es-csoki-barna-mubor-leggings-nadrag-gumis-derek-resszel-oldalt-zippel\/","title":{"rendered":"Zara b\u00e9zs \u00e9s csoki barna m\u0171b\u0151r leggings\/nadr\u00e1g gumis der\u00e9k r\u00e9sszel\/oldalt zippel"},"content":{"rendered":"<p>Zara b\u00e9zs \u00e9s csokol\u00e1d\u00e9barna m\u0171b\u0151r leggings<\/p>\n<p>Modern st\u00edlus \u00e9s k\u00e9nyelmes viselet egyben. A gumis der\u00e9kr\u00e9sz t\u00f6k\u00e9letes illeszked\u00e9st biztos\u00edt, m\u00edg az oldals\u00f3 cipz\u00e1r praktikus r\u00e9szletk\u00e9nt eg\u00e9sz\u00edti ki a letisztult, m\u00e9gis karakteres megjelen\u00e9st.<br \/>\nM\u00e9retez\u00e9s: m\u00e9reth\u0171<\/p>","protected":false},"excerpt":{"rendered":"<p>Zara b\u00e9zs \u00e9s csokol\u00e1d\u00e9barna m\u0171b\u0151r leggings Modern st\u00edlus \u00e9s k\u00e9nyelmes viselet egyben. A gumis der\u00e9kr\u00e9sz t\u00f6k\u00e9letes illeszked\u00e9st biztos\u00edt, m\u00edg az<a class=\"read-more\" href=\"https:\/\/vizomix.hu\/en\/product\/zara-bezs-es-csoki-barna-mubor-leggings-nadrag-gumis-derek-resszel-oldalt-zippel\/\">Tov\u00e1bb<\/a><\/p>","protected":false},"featured_media":7862,"comment_status":"open","ping_status":"closed","template":"","meta":[],"product_brand":[76],"product_cat":[41],"product_tag":[],"class_list":{"0":"post-7877","1":"product","2":"type-product","3":"status-publish","4":"has-post-thumbnail","6":"product_brand-zara","7":"product_cat-hosszu-nadragok","9":"first","10":"instock","11":"featured","12":"taxable","13":"shipping-taxable","14":"purchasable","15":"product-type-variable","16":"add-to-wishlist-before_add_to_cart"},"supplier_id":null,"supplier_sku":"","barcode":null,"atum_controlled":true,"out_stock_date":null,"out_stock_threshold":null,"inheritable":false,"inbound_stock":null,"stock_on_hold":null,"sold_today":null,"sales_last_days":null,"reserved_stock":null,"customer_returns":null,"warehouse_damage":null,"lost_in_post":null,"other_logs":null,"out_stock_days":null,"lost_sales":null,"has_location":null,"update_date":"2026-03-28T10:25:20","atum_locations":[],"atum_stock_status":"instock","restock_status":false,"low_stock_amount":"","sales_update_date":null,"calc_backorders":null,"_links":{"self":[{"href":"https:\/\/vizomix.hu\/en\/wp-json\/wp\/v2\/product\/7877","targetHints":{"allow":["GET"]}}],"collection":[{"href":"https:\/\/vizomix.hu\/en\/wp-json\/wp\/v2\/product"}],"about":[{"href":"https:\/\/vizomix.hu\/en\/wp-json\/wp\/v2\/types\/product"}],"replies":[{"embeddable":true,"href":"https:\/\/vizomix.hu\/en\/wp-json\/wp\/v2\/comments?post=7877"}],"wp:featuredmedia":[{"embeddable":true,"href":"https:\/\/vizomix.hu\/en\/wp-json\/wp\/v2\/media\/7862"}],"wp:attachment":[{"href":"https:\/\/vizomix.hu\/en\/wp-json\/wp\/v2\/media?parent=7877"}],"wp:term":[{"taxonomy":"product_brand","embeddable":true,"href":"https:\/\/vizomix.hu\/en\/wp-json\/wp\/v2\/product_brand?post=7877"},{"taxonomy":"product_cat","embeddable":true,"href":"https:\/\/vizomix.hu\/en\/wp-json\/wp\/v2\/product_cat?post=7877"},{"taxonomy":"product_tag","embeddable":true,"href":"https:\/\/vizomix.hu\/en\/wp-json\/wp\/v2\/product_tag?post=7877"}],"curies":[{"name":"wp","href":"https:\/\/api.w.org\/{rel}","templated":true}]}}