{"id":7848,"date":"2026-03-28T10:11:23","date_gmt":"2026-03-28T09:11:23","guid":{"rendered":"https:\/\/vizomix.hu\/termek\/zara-csodaszep-kek-gumirozott-mintas-ruha-kotovel\/"},"modified":"2026-03-28T10:11:27","modified_gmt":"2026-03-28T09:11:27","slug":"zara-csodaszep-kek-gumirozott-mintas-ruha-kotovel","status":"publish","type":"product","link":"https:\/\/vizomix.hu\/en\/product\/zara-csodaszep-kek-gumirozott-mintas-ruha-kotovel\/","title":{"rendered":"Zara csodasz\u00e9p k\u00e9k gum\u00edrozott mint\u00e1s ruha k\u00f6t\u0151vel"},"content":{"rendered":"<p>Zara k\u00e9k gum\u00edrozott mint\u00e1s ruha k\u00f6t\u0151vel<\/p>\n<p>N\u0151ies megjelen\u00e9s \u00e9s k\u00e9nyelmes illeszked\u00e9s t\u00f6k\u00e9letes harm\u00f3ni\u00e1ban. A gum\u00edrozott r\u00e9sz rugalmas tart\u00e1st biztos\u00edt, m\u00edg a mint\u00e1s design \u00e9s a megk\u00f6t\u0151s kialak\u00edt\u00e1s k\u00f6nnyed, m\u00e9gis kifinomult st\u00edlust k\u00f6lcs\u00f6n\u00f6z.<br \/>\nM\u00e9retez\u00e9s: nagyobb m\u00e9ret<\/p>","protected":false},"excerpt":{"rendered":"<p>Zara k\u00e9k gum\u00edrozott mint\u00e1s ruha k\u00f6t\u0151vel N\u0151ies megjelen\u00e9s \u00e9s k\u00e9nyelmes illeszked\u00e9s t\u00f6k\u00e9letes harm\u00f3ni\u00e1ban. A gum\u00edrozott r\u00e9sz rugalmas tart\u00e1st biztos\u00edt, m\u00edg<a class=\"read-more\" href=\"https:\/\/vizomix.hu\/en\/product\/zara-csodaszep-kek-gumirozott-mintas-ruha-kotovel\/\">Tov\u00e1bb<\/a><\/p>","protected":false},"featured_media":7844,"comment_status":"open","ping_status":"closed","template":"","meta":[],"product_brand":[76],"product_cat":[34],"product_tag":[],"class_list":{"0":"post-7848","1":"product","2":"type-product","3":"status-publish","4":"has-post-thumbnail","6":"product_brand-zara","7":"product_cat-rovid-ruhak-overalok","9":"first","10":"instock","11":"taxable","12":"shipping-taxable","13":"purchasable","14":"product-type-variable","15":"add-to-wishlist-before_add_to_cart"},"supplier_id":null,"supplier_sku":"","barcode":null,"atum_controlled":true,"out_stock_date":null,"out_stock_threshold":null,"inheritable":false,"inbound_stock":null,"stock_on_hold":null,"sold_today":null,"sales_last_days":null,"reserved_stock":null,"customer_returns":null,"warehouse_damage":null,"lost_in_post":null,"other_logs":null,"out_stock_days":null,"lost_sales":null,"has_location":null,"update_date":"2026-03-28T09:11:28","atum_locations":[],"atum_stock_status":"instock","restock_status":false,"low_stock_amount":"","sales_update_date":null,"calc_backorders":null,"_links":{"self":[{"href":"https:\/\/vizomix.hu\/en\/wp-json\/wp\/v2\/product\/7848","targetHints":{"allow":["GET"]}}],"collection":[{"href":"https:\/\/vizomix.hu\/en\/wp-json\/wp\/v2\/product"}],"about":[{"href":"https:\/\/vizomix.hu\/en\/wp-json\/wp\/v2\/types\/product"}],"replies":[{"embeddable":true,"href":"https:\/\/vizomix.hu\/en\/wp-json\/wp\/v2\/comments?post=7848"}],"wp:featuredmedia":[{"embeddable":true,"href":"https:\/\/vizomix.hu\/en\/wp-json\/wp\/v2\/media\/7844"}],"wp:attachment":[{"href":"https:\/\/vizomix.hu\/en\/wp-json\/wp\/v2\/media?parent=7848"}],"wp:term":[{"taxonomy":"product_brand","embeddable":true,"href":"https:\/\/vizomix.hu\/en\/wp-json\/wp\/v2\/product_brand?post=7848"},{"taxonomy":"product_cat","embeddable":true,"href":"https:\/\/vizomix.hu\/en\/wp-json\/wp\/v2\/product_cat?post=7848"},{"taxonomy":"product_tag","embeddable":true,"href":"https:\/\/vizomix.hu\/en\/wp-json\/wp\/v2\/product_tag?post=7848"}],"curies":[{"name":"wp","href":"https:\/\/api.w.org\/{rel}","templated":true}]}}