{"id":7842,"date":"2026-03-28T10:07:42","date_gmt":"2026-03-28T09:07:42","guid":{"rendered":"https:\/\/vizomix.hu\/termek\/zara-zold-csinos-blezer-tollas-ujjal-leveheto-tollal\/"},"modified":"2026-03-28T10:07:47","modified_gmt":"2026-03-28T09:07:47","slug":"zara-zold-csinos-blezer-tollas-ujjal-leveheto-tollal","status":"publish","type":"product","link":"https:\/\/vizomix.hu\/en\/product\/zara-zold-csinos-blezer-tollas-ujjal-leveheto-tollal\/","title":{"rendered":"Zara z\u00f6ld csinos bl\u00e9zer tollas \u00fajjal (levehet\u0151 tollal)"},"content":{"rendered":"<p>Zara z\u00f6ld bl\u00e9zer tollas ujjr\u00e9sszel<\/p>\n<p>K\u00fcl\u00f6nleges r\u00e9szletek \u00e9s eleg\u00e1ns megjelen\u00e9s egyben. A csinos szab\u00e1s kifinomult st\u00edlust biztos\u00edt, m\u00edg a levehet\u0151 tollas ujjr\u00e9sz l\u00e1tv\u00e1nyos, egyedi karaktert ad \u2013 \u00edgy k\u00f6nnyed\u00e9n vari\u00e1lhat\u00f3 alkalmi \u00e9s visszafogottabb outfitekhez is.<br \/>\nM\u00e9retez\u00e9s: nagyobb m\u00e9ret<\/p>","protected":false},"excerpt":{"rendered":"<p>Zara z\u00f6ld bl\u00e9zer tollas ujjr\u00e9sszel K\u00fcl\u00f6nleges r\u00e9szletek \u00e9s eleg\u00e1ns megjelen\u00e9s egyben. A csinos szab\u00e1s kifinomult st\u00edlust biztos\u00edt, m\u00edg a levehet\u0151<a class=\"read-more\" href=\"https:\/\/vizomix.hu\/en\/product\/zara-zold-csinos-blezer-tollas-ujjal-leveheto-tollal\/\">Tov\u00e1bb<\/a><\/p>","protected":false},"featured_media":7834,"comment_status":"open","ping_status":"closed","template":"","meta":[],"product_brand":[76],"product_cat":[38],"product_tag":[],"class_list":{"0":"post-7842","1":"product","2":"type-product","3":"status-publish","4":"has-post-thumbnail","6":"product_brand-zara","7":"product_cat-blezerek","9":"first","10":"instock","11":"taxable","12":"shipping-taxable","13":"purchasable","14":"product-type-variable","15":"add-to-wishlist-before_add_to_cart"},"supplier_id":null,"supplier_sku":"","barcode":null,"atum_controlled":true,"out_stock_date":null,"out_stock_threshold":null,"inheritable":false,"inbound_stock":null,"stock_on_hold":null,"sold_today":null,"sales_last_days":null,"reserved_stock":null,"customer_returns":null,"warehouse_damage":null,"lost_in_post":null,"other_logs":null,"out_stock_days":null,"lost_sales":null,"has_location":null,"update_date":"2026-03-28T09:07:47","atum_locations":[],"atum_stock_status":"instock","restock_status":false,"low_stock_amount":"","sales_update_date":null,"calc_backorders":null,"_links":{"self":[{"href":"https:\/\/vizomix.hu\/en\/wp-json\/wp\/v2\/product\/7842","targetHints":{"allow":["GET"]}}],"collection":[{"href":"https:\/\/vizomix.hu\/en\/wp-json\/wp\/v2\/product"}],"about":[{"href":"https:\/\/vizomix.hu\/en\/wp-json\/wp\/v2\/types\/product"}],"replies":[{"embeddable":true,"href":"https:\/\/vizomix.hu\/en\/wp-json\/wp\/v2\/comments?post=7842"}],"wp:featuredmedia":[{"embeddable":true,"href":"https:\/\/vizomix.hu\/en\/wp-json\/wp\/v2\/media\/7834"}],"wp:attachment":[{"href":"https:\/\/vizomix.hu\/en\/wp-json\/wp\/v2\/media?parent=7842"}],"wp:term":[{"taxonomy":"product_brand","embeddable":true,"href":"https:\/\/vizomix.hu\/en\/wp-json\/wp\/v2\/product_brand?post=7842"},{"taxonomy":"product_cat","embeddable":true,"href":"https:\/\/vizomix.hu\/en\/wp-json\/wp\/v2\/product_cat?post=7842"},{"taxonomy":"product_tag","embeddable":true,"href":"https:\/\/vizomix.hu\/en\/wp-json\/wp\/v2\/product_tag?post=7842"}],"curies":[{"name":"wp","href":"https:\/\/api.w.org\/{rel}","templated":true}]}}