{"id":784,"date":"2026-02-10T20:59:24","date_gmt":"2026-02-10T19:59:24","guid":{"rendered":"https:\/\/vizomix.hu\/termek\/zara-rovid-ingruha-3\/"},"modified":"2026-03-18T13:22:05","modified_gmt":"2026-03-18T12:22:05","slug":"zara-rovid-ingruha-3","status":"publish","type":"product","link":"https:\/\/vizomix.hu\/en\/product\/zara-rovid-ingruha-3\/","title":{"rendered":"Zara z\u00f6ld mint\u00e1s r\u00f6vid ingruha"},"content":{"rendered":"<p>Zara z\u00f6ld mint\u00e1s r\u00f6vid ingruha, el\u00f6l gombos r\u00e9sszel<\/p>\n<p>Friss \u00e9s n\u0151ies darab a mindennapokra. Ez a Zara z\u00f6ld mint\u00e1s r\u00f6vid ingruha \u00fcde sz\u00ednvil\u00e1g\u00e1val \u00e9s k\u00f6nnyed anyag\u00e1val k\u00e9nyelmes, m\u00e9gis st\u00edlusos viseletet biztos\u00edt.<\/p>\n<p>Az el\u00f6l gombos kialak\u00edt\u00e1s klasszikus r\u00e9szlet, m\u00edg a der\u00e9kn\u00e1l megk\u00f6thet\u0151 p\u00e1nt sz\u00e9pen hangs\u00falyozza az alakot. T\u00f6k\u00e9letes v\u00e1laszt\u00e1s h\u00e9tk\u00f6znapi szettekhez, s\u00e9t\u00e1khoz vagy egy csinosabb nappali programhoz is.<\/p>","protected":false},"excerpt":{"rendered":"<p>Zara z\u00f6ld mint\u00e1s r\u00f6vid ingruha, el\u00f6l gombos r\u00e9sszel Friss \u00e9s n\u0151ies darab a mindennapokra. Ez a Zara z\u00f6ld mint\u00e1s r\u00f6vid<a class=\"read-more\" href=\"https:\/\/vizomix.hu\/en\/product\/zara-rovid-ingruha-3\/\">Tov\u00e1bb<\/a><\/p>","protected":false},"featured_media":781,"comment_status":"open","ping_status":"closed","template":"","meta":[],"product_brand":[76],"product_cat":[34],"product_tag":[],"class_list":{"0":"post-784","1":"product","2":"type-product","3":"status-publish","4":"has-post-thumbnail","6":"product_brand-zara","7":"product_cat-rovid-ruhak-overalok","9":"first","10":"instock","11":"taxable","12":"shipping-taxable","13":"purchasable","14":"product-type-variable","15":"add-to-wishlist-before_add_to_cart"},"supplier_id":null,"supplier_sku":"","barcode":null,"atum_controlled":true,"out_stock_date":null,"out_stock_threshold":null,"inheritable":false,"inbound_stock":null,"stock_on_hold":0,"sold_today":0,"sales_last_days":0,"reserved_stock":null,"customer_returns":null,"warehouse_damage":null,"lost_in_post":null,"other_logs":null,"out_stock_days":0,"lost_sales":0,"has_location":null,"update_date":"2026-03-18T12:22:07","atum_locations":[],"atum_stock_status":"instock","restock_status":false,"low_stock_amount":"","sales_update_date":"2026-03-17T19:15:19","calc_backorders":null,"_links":{"self":[{"href":"https:\/\/vizomix.hu\/en\/wp-json\/wp\/v2\/product\/784","targetHints":{"allow":["GET"]}}],"collection":[{"href":"https:\/\/vizomix.hu\/en\/wp-json\/wp\/v2\/product"}],"about":[{"href":"https:\/\/vizomix.hu\/en\/wp-json\/wp\/v2\/types\/product"}],"replies":[{"embeddable":true,"href":"https:\/\/vizomix.hu\/en\/wp-json\/wp\/v2\/comments?post=784"}],"wp:featuredmedia":[{"embeddable":true,"href":"https:\/\/vizomix.hu\/en\/wp-json\/wp\/v2\/media\/781"}],"wp:attachment":[{"href":"https:\/\/vizomix.hu\/en\/wp-json\/wp\/v2\/media?parent=784"}],"wp:term":[{"taxonomy":"product_brand","embeddable":true,"href":"https:\/\/vizomix.hu\/en\/wp-json\/wp\/v2\/product_brand?post=784"},{"taxonomy":"product_cat","embeddable":true,"href":"https:\/\/vizomix.hu\/en\/wp-json\/wp\/v2\/product_cat?post=784"},{"taxonomy":"product_tag","embeddable":true,"href":"https:\/\/vizomix.hu\/en\/wp-json\/wp\/v2\/product_tag?post=784"}],"curies":[{"name":"wp","href":"https:\/\/api.w.org\/{rel}","templated":true}]}}