{"id":7820,"date":"2026-03-28T09:58:50","date_gmt":"2026-03-28T08:58:50","guid":{"rendered":"https:\/\/vizomix.hu\/termek\/zara-rozsaszin-feher-viragmintas-hosszu-csinos-ruha-fodros-derek-resszel-es-ovvel\/"},"modified":"2026-04-05T15:18:28","modified_gmt":"2026-04-05T13:18:28","slug":"zara-rozsaszin-feher-viragmintas-hosszu-csinos-ruha-fodros-derek-resszel-es-ovvel","status":"publish","type":"product","link":"https:\/\/vizomix.hu\/en\/product\/zara-rozsaszin-feher-viragmintas-hosszu-csinos-ruha-fodros-derek-resszel-es-ovvel\/","title":{"rendered":"Zara r\u00f3zsasz\u00edn\/feh\u00e9r vir\u00e1gmint\u00e1s hossz\u00fa csinos ruha, fodros der\u00e9k r\u00e9sszel \u00e9s \u00f6vvel"},"content":{"rendered":"<p>Zara r\u00f3zsasz\u00edn-feh\u00e9r vir\u00e1gmint\u00e1s hossz\u00fa ruha fodros der\u00e9kkal<\/p>\n<p>Romantikus megjelen\u00e9s finom, n\u0151ies r\u00e9szletekkel. A vir\u00e1gmint\u00e1s design friss, eleg\u00e1ns hangulatot k\u00f6lcs\u00f6n\u00f6z, m\u00edg a fodros der\u00e9kr\u00e9sz \u00e9s az \u00f6ves kialak\u00edt\u00e1s sz\u00e9pen kiemeli az alakot \u00e9s kifinomult \u00f6sszhat\u00e1st teremt.<br \/>\nDer\u00e9k r\u00e9sze gumis kialak\u00edt\u00e1s\u00fa, az \u00f6v a ruha r\u00e9sze!<br \/>\nM\u00e9retez\u00e9s: m\u00e9reth\u0171<\/p>","protected":false},"excerpt":{"rendered":"<p>Zara r\u00f3zsasz\u00edn-feh\u00e9r vir\u00e1gmint\u00e1s hossz\u00fa ruha fodros der\u00e9kkal Romantikus megjelen\u00e9s finom, n\u0151ies r\u00e9szletekkel. A vir\u00e1gmint\u00e1s design friss, eleg\u00e1ns hangulatot k\u00f6lcs\u00f6n\u00f6z, m\u00edg<a class=\"read-more\" href=\"https:\/\/vizomix.hu\/en\/product\/zara-rozsaszin-feher-viragmintas-hosszu-csinos-ruha-fodros-derek-resszel-es-ovvel\/\">Tov\u00e1bb<\/a><\/p>","protected":false},"featured_media":7815,"comment_status":"open","ping_status":"closed","template":"","meta":[],"product_brand":[76],"product_cat":[33],"product_tag":[],"class_list":{"0":"post-7820","1":"product","2":"type-product","3":"status-publish","4":"has-post-thumbnail","6":"product_brand-zara","7":"product_cat-hosszu-ruhak-midi-ruhak-overalok","9":"first","10":"instock","11":"featured","12":"taxable","13":"shipping-taxable","14":"purchasable","15":"product-type-variable","16":"add-to-wishlist-before_add_to_cart"},"supplier_id":null,"supplier_sku":"","barcode":null,"atum_controlled":true,"out_stock_date":null,"out_stock_threshold":null,"inheritable":false,"inbound_stock":null,"stock_on_hold":null,"sold_today":null,"sales_last_days":null,"reserved_stock":null,"customer_returns":null,"warehouse_damage":null,"lost_in_post":null,"other_logs":null,"out_stock_days":null,"lost_sales":null,"has_location":null,"update_date":"2026-04-05T13:18:30","atum_locations":[],"atum_stock_status":"instock","restock_status":false,"low_stock_amount":"","sales_update_date":null,"calc_backorders":null,"_links":{"self":[{"href":"https:\/\/vizomix.hu\/en\/wp-json\/wp\/v2\/product\/7820","targetHints":{"allow":["GET"]}}],"collection":[{"href":"https:\/\/vizomix.hu\/en\/wp-json\/wp\/v2\/product"}],"about":[{"href":"https:\/\/vizomix.hu\/en\/wp-json\/wp\/v2\/types\/product"}],"replies":[{"embeddable":true,"href":"https:\/\/vizomix.hu\/en\/wp-json\/wp\/v2\/comments?post=7820"}],"wp:featuredmedia":[{"embeddable":true,"href":"https:\/\/vizomix.hu\/en\/wp-json\/wp\/v2\/media\/7815"}],"wp:attachment":[{"href":"https:\/\/vizomix.hu\/en\/wp-json\/wp\/v2\/media?parent=7820"}],"wp:term":[{"taxonomy":"product_brand","embeddable":true,"href":"https:\/\/vizomix.hu\/en\/wp-json\/wp\/v2\/product_brand?post=7820"},{"taxonomy":"product_cat","embeddable":true,"href":"https:\/\/vizomix.hu\/en\/wp-json\/wp\/v2\/product_cat?post=7820"},{"taxonomy":"product_tag","embeddable":true,"href":"https:\/\/vizomix.hu\/en\/wp-json\/wp\/v2\/product_tag?post=7820"}],"curies":[{"name":"wp","href":"https:\/\/api.w.org\/{rel}","templated":true}]}}