{"id":774,"date":"2026-02-10T20:52:32","date_gmt":"2026-02-10T19:52:32","guid":{"rendered":"https:\/\/vizomix.hu\/termek\/nike-melleny\/"},"modified":"2026-03-18T13:22:05","modified_gmt":"2026-03-18T12:22:05","slug":"nike-melleny","status":"publish","type":"product","link":"https:\/\/vizomix.hu\/en\/product\/nike-melleny\/","title":{"rendered":"Nike v\u00edzleperget\u0151s, f\u00e9nyvisszaver\u0151s mell\u00e9ny"},"content":{"rendered":"<p>Nike v\u00edzleperget\u0151s, f\u00e9nyvisszaver\u0151s mell\u00e9ny<\/p>\n<p>Praktikus \u00e9s biztons\u00e1gos v\u00e1laszt\u00e1s szabadt\u00e9ri sportol\u00e1shoz. Ez a Nike mell\u00e9ny v\u00edzleperget\u0151 anyag\u00e1nak k\u00f6sz\u00f6nhet\u0151en v\u00e9delmet ny\u00fajt v\u00e1ltoz\u00e9kony id\u0151j\u00e1r\u00e1sban is, mik\u00f6zben k\u00f6nny\u0171 \u00e9s k\u00e9nyelmes viselet marad.<\/p>\n<p>A f\u00e9nyvisszaver\u0151s r\u00e9szletek jav\u00edtj\u00e1k a l\u00e1that\u00f3s\u00e1got gyeng\u00e9bb f\u00e9nyviszonyok k\u00f6z\u00f6tt, \u00edgy ide\u00e1lis fut\u00e1shoz, s\u00e9t\u00e1hoz vagy ker\u00e9kp\u00e1roz\u00e1shoz. Sportos, letisztult darab akt\u00edv mindennapokra.<\/p>","protected":false},"excerpt":{"rendered":"<p>Nike v\u00edzleperget\u0151s, f\u00e9nyvisszaver\u0151s mell\u00e9ny Praktikus \u00e9s biztons\u00e1gos v\u00e1laszt\u00e1s szabadt\u00e9ri sportol\u00e1shoz. Ez a Nike mell\u00e9ny v\u00edzleperget\u0151 anyag\u00e1nak k\u00f6sz\u00f6nhet\u0151en v\u00e9delmet ny\u00fajt v\u00e1ltoz\u00e9kony<a class=\"read-more\" href=\"https:\/\/vizomix.hu\/en\/product\/nike-melleny\/\">Tov\u00e1bb<\/a><\/p>","protected":false},"featured_media":6073,"comment_status":"open","ping_status":"closed","template":"","meta":[],"product_brand":[82],"product_cat":[37],"product_tag":[],"class_list":{"0":"post-774","1":"product","2":"type-product","3":"status-publish","4":"has-post-thumbnail","6":"product_brand-nike","7":"product_cat-mellenyek","9":"first","10":"instock","11":"taxable","12":"shipping-taxable","13":"purchasable","14":"product-type-variable","15":"add-to-wishlist-before_add_to_cart"},"supplier_id":null,"supplier_sku":"","barcode":null,"atum_controlled":true,"out_stock_date":null,"out_stock_threshold":null,"inheritable":false,"inbound_stock":0,"stock_on_hold":0,"sold_today":0,"sales_last_days":0,"reserved_stock":0,"customer_returns":0,"warehouse_damage":0,"lost_in_post":0,"other_logs":0,"out_stock_days":0,"lost_sales":0,"has_location":false,"update_date":"2026-03-18T12:22:07","atum_locations":[],"atum_stock_status":"instock","restock_status":false,"low_stock_amount":"","sales_update_date":"2026-03-17T19:15:20","calc_backorders":null,"_links":{"self":[{"href":"https:\/\/vizomix.hu\/en\/wp-json\/wp\/v2\/product\/774","targetHints":{"allow":["GET"]}}],"collection":[{"href":"https:\/\/vizomix.hu\/en\/wp-json\/wp\/v2\/product"}],"about":[{"href":"https:\/\/vizomix.hu\/en\/wp-json\/wp\/v2\/types\/product"}],"replies":[{"embeddable":true,"href":"https:\/\/vizomix.hu\/en\/wp-json\/wp\/v2\/comments?post=774"}],"wp:featuredmedia":[{"embeddable":true,"href":"https:\/\/vizomix.hu\/en\/wp-json\/wp\/v2\/media\/6073"}],"wp:attachment":[{"href":"https:\/\/vizomix.hu\/en\/wp-json\/wp\/v2\/media?parent=774"}],"wp:term":[{"taxonomy":"product_brand","embeddable":true,"href":"https:\/\/vizomix.hu\/en\/wp-json\/wp\/v2\/product_brand?post=774"},{"taxonomy":"product_cat","embeddable":true,"href":"https:\/\/vizomix.hu\/en\/wp-json\/wp\/v2\/product_cat?post=774"},{"taxonomy":"product_tag","embeddable":true,"href":"https:\/\/vizomix.hu\/en\/wp-json\/wp\/v2\/product_tag?post=774"}],"curies":[{"name":"wp","href":"https:\/\/api.w.org\/{rel}","templated":true}]}}