{"id":7712,"date":"2026-03-27T09:47:41","date_gmt":"2026-03-27T08:47:41","guid":{"rendered":"https:\/\/vizomix.hu\/termek\/zara-khaki-fekete-mubor-hosszitott-atmeneti-kabat\/"},"modified":"2026-03-27T09:47:44","modified_gmt":"2026-03-27T08:47:44","slug":"zara-khaki-fekete-mubor-hosszitott-atmeneti-kabat","status":"publish","type":"product","link":"https:\/\/vizomix.hu\/en\/product\/zara-khaki-fekete-mubor-hosszitott-atmeneti-kabat\/","title":{"rendered":"Zara khaki\/fekete m\u0171b\u0151r hossz\u00edtott \u00e1tmeneti kab\u00e1t"},"content":{"rendered":"<p>Zara khaki-fekete m\u0171b\u0151r hossz\u00edtott kab\u00e1t<\/p>\n<p>Modern st\u00edlus \u00e9s karakteres megjelen\u00e9s egy darabban. A m\u0171b\u0151r hat\u00e1s eleg\u00e1ns, m\u00e9gis vag\u00e1ny \u00f6sszhat\u00e1st biztos\u00edt, m\u00edg a hossz\u00edtott fazon kifinomult, letisztult vonalakat ad a mindennapi outfitekhez.<br \/>\nM\u00e9retez\u00e9s: nagyobb m\u00e9ret<\/p>","protected":false},"excerpt":{"rendered":"<p>Zara khaki-fekete m\u0171b\u0151r hossz\u00edtott kab\u00e1t Modern st\u00edlus \u00e9s karakteres megjelen\u00e9s egy darabban. A m\u0171b\u0151r hat\u00e1s eleg\u00e1ns, m\u00e9gis vag\u00e1ny \u00f6sszhat\u00e1st biztos\u00edt,<a class=\"read-more\" href=\"https:\/\/vizomix.hu\/en\/product\/zara-khaki-fekete-mubor-hosszitott-atmeneti-kabat\/\">Tov\u00e1bb<\/a><\/p>","protected":false},"featured_media":7710,"comment_status":"open","ping_status":"closed","template":"","meta":[],"product_brand":[76],"product_cat":[35],"product_tag":[],"class_list":{"0":"post-7712","1":"product","2":"type-product","3":"status-publish","4":"has-post-thumbnail","6":"product_brand-zara","7":"product_cat-atmeneti-kabatok","9":"first","10":"instock","11":"taxable","12":"shipping-taxable","13":"purchasable","14":"product-type-variable","15":"add-to-wishlist-before_add_to_cart"},"supplier_id":null,"supplier_sku":"","barcode":null,"atum_controlled":true,"out_stock_date":null,"out_stock_threshold":null,"inheritable":false,"inbound_stock":null,"stock_on_hold":null,"sold_today":null,"sales_last_days":null,"reserved_stock":null,"customer_returns":null,"warehouse_damage":null,"lost_in_post":null,"other_logs":null,"out_stock_days":null,"lost_sales":null,"has_location":null,"update_date":"2026-03-27T08:47:44","atum_locations":[],"atum_stock_status":"instock","restock_status":false,"low_stock_amount":"","sales_update_date":null,"calc_backorders":null,"_links":{"self":[{"href":"https:\/\/vizomix.hu\/en\/wp-json\/wp\/v2\/product\/7712","targetHints":{"allow":["GET"]}}],"collection":[{"href":"https:\/\/vizomix.hu\/en\/wp-json\/wp\/v2\/product"}],"about":[{"href":"https:\/\/vizomix.hu\/en\/wp-json\/wp\/v2\/types\/product"}],"replies":[{"embeddable":true,"href":"https:\/\/vizomix.hu\/en\/wp-json\/wp\/v2\/comments?post=7712"}],"wp:featuredmedia":[{"embeddable":true,"href":"https:\/\/vizomix.hu\/en\/wp-json\/wp\/v2\/media\/7710"}],"wp:attachment":[{"href":"https:\/\/vizomix.hu\/en\/wp-json\/wp\/v2\/media?parent=7712"}],"wp:term":[{"taxonomy":"product_brand","embeddable":true,"href":"https:\/\/vizomix.hu\/en\/wp-json\/wp\/v2\/product_brand?post=7712"},{"taxonomy":"product_cat","embeddable":true,"href":"https:\/\/vizomix.hu\/en\/wp-json\/wp\/v2\/product_cat?post=7712"},{"taxonomy":"product_tag","embeddable":true,"href":"https:\/\/vizomix.hu\/en\/wp-json\/wp\/v2\/product_tag?post=7712"}],"curies":[{"name":"wp","href":"https:\/\/api.w.org\/{rel}","templated":true}]}}