{"id":7702,"date":"2026-03-27T09:28:48","date_gmt":"2026-03-27T08:28:48","guid":{"rendered":"https:\/\/vizomix.hu\/termek\/zara-szurkesbarna-teddy-muszorme-kabat-bunda\/"},"modified":"2026-03-27T09:28:51","modified_gmt":"2026-03-27T08:28:51","slug":"zara-szurkesbarna-teddy-muszorme-kabat-bunda","status":"publish","type":"product","link":"https:\/\/vizomix.hu\/en\/product\/zara-szurkesbarna-teddy-muszorme-kabat-bunda\/","title":{"rendered":"Zara sz\u00fcrk\u00e9sbarna teddy m\u0171sz\u0151rme kab\u00e1t\/bunda"},"content":{"rendered":"<p>Zara sz\u00fcrk\u00e9sbarna teddy m\u0171sz\u0151rme kab\u00e1t<\/p>\n<p>Puha tapint\u00e1s \u00e9s meleg, st\u00edlusos megjelen\u00e9s egyben. A r\u00f6vid fazon csinos, k\u00f6nnyen kombin\u00e1lhat\u00f3 viseletet biztos\u00edt, m\u00edg a teddy hat\u00e1s\u00fa m\u0171sz\u0151rme k\u00e9nyelmes, eleg\u00e1ns v\u00e1laszt\u00e1ss\u00e1 teszi a h\u0171v\u00f6sebb napokra.<br \/>\nM\u00e9retez\u00e9s: nagyobb m\u00e9ret <\/p>","protected":false},"excerpt":{"rendered":"<p>Zara sz\u00fcrk\u00e9sbarna teddy m\u0171sz\u0151rme kab\u00e1t Puha tapint\u00e1s \u00e9s meleg, st\u00edlusos megjelen\u00e9s egyben. A r\u00f6vid fazon csinos, k\u00f6nnyen kombin\u00e1lhat\u00f3 viseletet biztos\u00edt,<a class=\"read-more\" href=\"https:\/\/vizomix.hu\/en\/product\/zara-szurkesbarna-teddy-muszorme-kabat-bunda\/\">Tov\u00e1bb<\/a><\/p>","protected":false},"featured_media":7697,"comment_status":"open","ping_status":"closed","template":"","meta":[],"product_brand":[76],"product_cat":[23],"product_tag":[],"class_list":{"0":"post-7702","1":"product","2":"type-product","3":"status-publish","4":"has-post-thumbnail","6":"product_brand-zara","7":"product_cat-kabatok","9":"first","10":"instock","11":"taxable","12":"shipping-taxable","13":"purchasable","14":"product-type-variable","15":"add-to-wishlist-before_add_to_cart"},"supplier_id":null,"supplier_sku":"","barcode":null,"atum_controlled":true,"out_stock_date":null,"out_stock_threshold":null,"inheritable":false,"inbound_stock":null,"stock_on_hold":null,"sold_today":null,"sales_last_days":null,"reserved_stock":null,"customer_returns":null,"warehouse_damage":null,"lost_in_post":null,"other_logs":null,"out_stock_days":null,"lost_sales":null,"has_location":null,"update_date":"2026-03-27T08:28:52","atum_locations":[],"atum_stock_status":"instock","restock_status":false,"low_stock_amount":"","sales_update_date":null,"calc_backorders":null,"_links":{"self":[{"href":"https:\/\/vizomix.hu\/en\/wp-json\/wp\/v2\/product\/7702","targetHints":{"allow":["GET"]}}],"collection":[{"href":"https:\/\/vizomix.hu\/en\/wp-json\/wp\/v2\/product"}],"about":[{"href":"https:\/\/vizomix.hu\/en\/wp-json\/wp\/v2\/types\/product"}],"replies":[{"embeddable":true,"href":"https:\/\/vizomix.hu\/en\/wp-json\/wp\/v2\/comments?post=7702"}],"wp:featuredmedia":[{"embeddable":true,"href":"https:\/\/vizomix.hu\/en\/wp-json\/wp\/v2\/media\/7697"}],"wp:attachment":[{"href":"https:\/\/vizomix.hu\/en\/wp-json\/wp\/v2\/media?parent=7702"}],"wp:term":[{"taxonomy":"product_brand","embeddable":true,"href":"https:\/\/vizomix.hu\/en\/wp-json\/wp\/v2\/product_brand?post=7702"},{"taxonomy":"product_cat","embeddable":true,"href":"https:\/\/vizomix.hu\/en\/wp-json\/wp\/v2\/product_cat?post=7702"},{"taxonomy":"product_tag","embeddable":true,"href":"https:\/\/vizomix.hu\/en\/wp-json\/wp\/v2\/product_tag?post=7702"}],"curies":[{"name":"wp","href":"https:\/\/api.w.org\/{rel}","templated":true}]}}