{"id":770,"date":"2026-02-10T20:50:29","date_gmt":"2026-02-10T19:50:29","guid":{"rendered":"https:\/\/vizomix.hu\/termek\/zara-hosszu-ruha-5\/"},"modified":"2026-03-19T16:32:16","modified_gmt":"2026-03-19T15:32:16","slug":"zara-hosszu-ruha-5","status":"publish","type":"product","link":"https:\/\/vizomix.hu\/en\/product\/zara-hosszu-ruha-5\/","title":{"rendered":"Zara k\u00e9k\/feh\u00e9r mint\u00e1s szat\u00e9n hossz\u00fa \u00e1tlapol\u00f3s ruha oldals\u00f3 d\u00edszgombokkal"},"content":{"rendered":"<p>Zara k\u00e9k\/feh\u00e9r mint\u00e1s szat\u00e9n hossz\u00fa ruha, \u00e1tlapol\u00f3s fazonnal<\/p>\n<p>Eleg\u00e1ns \u00e9s n\u0151ies darab, amely kifinomult megjelen\u00e9st biztos\u00edt. Ez a Zara k\u00e9k\u2013feh\u00e9r mint\u00e1s, szat\u00e9n anyag\u00fa hossz\u00fa ruha finom f\u00e9ny\u00e9vel \u00e9s k\u00f6nnyed es\u00e9s\u00e9vel k\u00fcl\u00f6nleges hat\u00e1st kelt.<\/p>\n<p>Az \u00e1tlapol\u00f3s kialak\u00edt\u00e1s el\u0151ny\u00f6sen hangs\u00falyozza az alakot, m\u00edg az oldals\u00f3 gombok st\u00edlusos, dekorat\u00edv r\u00e9szletk\u00e9nt teszik egyediv\u00e9 a fazont. T\u00f6k\u00e9letes v\u00e1laszt\u00e1s alkalmi esem\u00e9nyekre, ny\u00e1ri est\u00e9kre vagy eleg\u00e1ns programokra.<\/p>","protected":false},"excerpt":{"rendered":"<p>Zara k\u00e9k\/feh\u00e9r mint\u00e1s szat\u00e9n hossz\u00fa ruha, \u00e1tlapol\u00f3s fazonnal Eleg\u00e1ns \u00e9s n\u0151ies darab, amely kifinomult megjelen\u00e9st biztos\u00edt. Ez a Zara k\u00e9k\u2013feh\u00e9r<a class=\"read-more\" href=\"https:\/\/vizomix.hu\/en\/product\/zara-hosszu-ruha-5\/\">Tov\u00e1bb<\/a><\/p>","protected":false},"featured_media":6987,"comment_status":"open","ping_status":"closed","template":"","meta":[],"product_brand":[76],"product_cat":[33],"product_tag":[],"class_list":{"0":"post-770","1":"product","2":"type-product","3":"status-publish","4":"has-post-thumbnail","6":"product_brand-zara","7":"product_cat-hosszu-ruhak-midi-ruhak-overalok","9":"first","10":"instock","11":"taxable","12":"shipping-taxable","13":"purchasable","14":"product-type-variable","15":"add-to-wishlist-before_add_to_cart"},"supplier_id":null,"supplier_sku":"","barcode":null,"atum_controlled":true,"out_stock_date":null,"out_stock_threshold":null,"inheritable":false,"inbound_stock":null,"stock_on_hold":0,"sold_today":0,"sales_last_days":0,"reserved_stock":null,"customer_returns":null,"warehouse_damage":null,"lost_in_post":null,"other_logs":null,"out_stock_days":0,"lost_sales":0,"has_location":null,"update_date":"2026-03-19T15:32:16","atum_locations":[],"atum_stock_status":"instock","restock_status":false,"low_stock_amount":"","sales_update_date":"2026-03-17T19:15:19","calc_backorders":null,"_links":{"self":[{"href":"https:\/\/vizomix.hu\/en\/wp-json\/wp\/v2\/product\/770","targetHints":{"allow":["GET"]}}],"collection":[{"href":"https:\/\/vizomix.hu\/en\/wp-json\/wp\/v2\/product"}],"about":[{"href":"https:\/\/vizomix.hu\/en\/wp-json\/wp\/v2\/types\/product"}],"replies":[{"embeddable":true,"href":"https:\/\/vizomix.hu\/en\/wp-json\/wp\/v2\/comments?post=770"}],"wp:featuredmedia":[{"embeddable":true,"href":"https:\/\/vizomix.hu\/en\/wp-json\/wp\/v2\/media\/6987"}],"wp:attachment":[{"href":"https:\/\/vizomix.hu\/en\/wp-json\/wp\/v2\/media?parent=770"}],"wp:term":[{"taxonomy":"product_brand","embeddable":true,"href":"https:\/\/vizomix.hu\/en\/wp-json\/wp\/v2\/product_brand?post=770"},{"taxonomy":"product_cat","embeddable":true,"href":"https:\/\/vizomix.hu\/en\/wp-json\/wp\/v2\/product_cat?post=770"},{"taxonomy":"product_tag","embeddable":true,"href":"https:\/\/vizomix.hu\/en\/wp-json\/wp\/v2\/product_tag?post=770"}],"curies":[{"name":"wp","href":"https:\/\/api.w.org\/{rel}","templated":true}]}}